{"id":45131,"date":"2022-01-21T13:53:31","date_gmt":"2022-01-21T12:53:31","guid":{"rendered":"https:\/\/www.xn--17verdensml-68a.dk\/vare\/boldpumpe\/"},"modified":"2024-12-17T13:30:52","modified_gmt":"2024-12-17T12:30:52","slug":"bollpumpar","status":"publish","type":"product","link":"https:\/\/www.xn--17verdensml-68a.dk\/sv\/vare\/bollpumpar\/","title":{"rendered":"Bollpumpar"},"content":{"rendered":"<p>Bollarna med de globala m\u00e5len skickas opumpade. D\u00e4rf\u00f6r \u00e4r det en bra id\u00e9 att k\u00f6pa till en bollpump. Pumpen best\u00e5r av:<\/p>\n<ul>\n<li>Kan enkelt tas is\u00e4r<\/li>\n<li>Fyra pumpn\u00e5lar<\/li>\n<li>Kan sparas f\u00f6r underh\u00e5ll av bollarna<\/li>\n<\/ul>\n<p>Pumpen \u00e4r liten och enkel att ta med om bollarna ska transporteras och f\u00f6rst pumpas upp i exempelvis en konferenslokal.<\/p>\n","protected":false},"excerpt":{"rendered":"<p>Pumpar till bollarna med de globala m\u00e5len<\/p>\n","protected":false},"featured_media":41529,"template":"","meta":{"_et_pb_use_builder":"","_et_pb_old_content":"","_et_gb_content_width":""},"product_brand":[],"product_cat":[340],"product_tag":[],"class_list":{"0":"post-45131","1":"product","2":"type-product","3":"status-publish","4":"has-post-thumbnail","6":"product_cat-bold-sv","7":"product_shipping_class-gls-sv","9":"first","10":"instock","11":"taxable","12":"shipping-taxable","13":"purchasable","14":"product-type-simple"},"tiered_pricing_type":"fixed","tiered_pricing_fixed_rules":[],"tiered_pricing_product_settings":{"layout":"default","base_unit_name":{"singular":null,"plural":null},"default_variation":null},"tiered_pricing_minimum_quantity":null,"tiered_pricing_roles_data":[],"tiered_pricing_percentage_rules":[],"tiered_pricing_maximum_quantity":null,"tiered_pricing_quantity_step":null,"_links":{"self":[{"href":"https:\/\/www.xn--17verdensml-68a.dk\/sv\/wp-json\/wp\/v2\/product\/45131","targetHints":{"allow":["GET"]}}],"collection":[{"href":"https:\/\/www.xn--17verdensml-68a.dk\/sv\/wp-json\/wp\/v2\/product"}],"about":[{"href":"https:\/\/www.xn--17verdensml-68a.dk\/sv\/wp-json\/wp\/v2\/types\/product"}],"wp:featuredmedia":[{"embeddable":true,"href":"https:\/\/www.xn--17verdensml-68a.dk\/sv\/wp-json\/wp\/v2\/media\/41529"}],"wp:attachment":[{"href":"https:\/\/www.xn--17verdensml-68a.dk\/sv\/wp-json\/wp\/v2\/media?parent=45131"}],"wp:term":[{"taxonomy":"product_brand","embeddable":true,"href":"https:\/\/www.xn--17verdensml-68a.dk\/sv\/wp-json\/wp\/v2\/product_brand?post=45131"},{"taxonomy":"product_cat","embeddable":true,"href":"https:\/\/www.xn--17verdensml-68a.dk\/sv\/wp-json\/wp\/v2\/product_cat?post=45131"},{"taxonomy":"product_tag","embeddable":true,"href":"https:\/\/www.xn--17verdensml-68a.dk\/sv\/wp-json\/wp\/v2\/product_tag?post=45131"}],"curies":[{"name":"wp","href":"https:\/\/api.w.org\/{rel}","templated":true}]}}