{"id":45127,"date":"2022-01-06T14:11:10","date_gmt":"2022-01-06T13:11:10","guid":{"rendered":"https:\/\/www.xn--17verdensml-68a.dk\/vare\/baeredygtigt-indkoebsnet\/"},"modified":"2024-12-17T13:20:00","modified_gmt":"2024-12-17T12:20:00","slug":"haallbar-tygkasse","status":"publish","type":"product","link":"https:\/\/www.xn--17verdensml-68a.dk\/sv\/vare\/haallbar-tygkasse\/","title":{"rendered":"H\u00e5llbar tygkasse"},"content":{"rendered":"<p>Visa att ditt f\u00f6retag arbetar med FN:s 17 globala m\u00e5l med denna h\u00e5llbara tygkasse tillverkat i neutralt slitstarkt material. Tygkassarna best\u00e5r av:<\/p>\n<ul>\n<li>100 % GOTS- och Fairtrade-certifierad ekologisk bomull 210 g\/m\u00b2<\/li>\n<li>B 38 cm x H 42 cm<\/li>\n<li>Slitstarkt material<\/li>\n<\/ul>\n<p>Denna tygkasse klarar rej\u00e4l vikt med sitt kraftiga material och en botten p\u00e5 sju cm, vilket inneb\u00e4r att den rymmer mer \u00e4n de flesta bomullskassar.<\/p>\n","protected":false},"excerpt":{"rendered":"<p>Visa att ditt f\u00f6retag arbetar med FN:s 17 globala m\u00e5l med denna h\u00e5llbara tygkasse tillverkat i neutralt slitstarkt material. Tygkassarna best\u00e5r av: 100 % GOTS- och Fairtrade-certifierad ekologisk bomull 210 g\/m\u00b2 B 38 cm x H 42 cm Slitstarkt material Denna tygkasse klarar rej\u00e4l vikt med sitt kraftiga material och en botten p\u00e5 sju cm, [&hellip;]<\/p>\n","protected":false},"featured_media":40136,"template":"","meta":{"_et_pb_use_builder":"","_et_pb_old_content":"","_et_gb_content_width":""},"product_brand":[],"product_cat":[344],"product_tag":[],"class_list":{"0":"post-45127","1":"product","2":"type-product","3":"status-publish","4":"has-post-thumbnail","6":"product_cat-baerepose-sv","7":"product_shipping_class-gls-sv","9":"first","10":"instock","11":"taxable","12":"shipping-taxable","13":"purchasable","14":"product-type-simple"},"tiered_pricing_type":"fixed","tiered_pricing_fixed_rules":{"5":"124","10":"114","25":"104"},"tiered_pricing_product_settings":{"layout":"default","base_unit_name":{"singular":null,"plural":null},"default_variation":null},"tiered_pricing_minimum_quantity":null,"tiered_pricing_roles_data":[],"tiered_pricing_percentage_rules":[],"tiered_pricing_maximum_quantity":null,"tiered_pricing_quantity_step":null,"_links":{"self":[{"href":"https:\/\/www.xn--17verdensml-68a.dk\/sv\/wp-json\/wp\/v2\/product\/45127","targetHints":{"allow":["GET"]}}],"collection":[{"href":"https:\/\/www.xn--17verdensml-68a.dk\/sv\/wp-json\/wp\/v2\/product"}],"about":[{"href":"https:\/\/www.xn--17verdensml-68a.dk\/sv\/wp-json\/wp\/v2\/types\/product"}],"wp:featuredmedia":[{"embeddable":true,"href":"https:\/\/www.xn--17verdensml-68a.dk\/sv\/wp-json\/wp\/v2\/media\/40136"}],"wp:attachment":[{"href":"https:\/\/www.xn--17verdensml-68a.dk\/sv\/wp-json\/wp\/v2\/media?parent=45127"}],"wp:term":[{"taxonomy":"product_brand","embeddable":true,"href":"https:\/\/www.xn--17verdensml-68a.dk\/sv\/wp-json\/wp\/v2\/product_brand?post=45127"},{"taxonomy":"product_cat","embeddable":true,"href":"https:\/\/www.xn--17verdensml-68a.dk\/sv\/wp-json\/wp\/v2\/product_cat?post=45127"},{"taxonomy":"product_tag","embeddable":true,"href":"https:\/\/www.xn--17verdensml-68a.dk\/sv\/wp-json\/wp\/v2\/product_tag?post=45127"}],"curies":[{"name":"wp","href":"https:\/\/api.w.org\/{rel}","templated":true}]}}