{"id":45125,"date":"2022-01-06T13:59:46","date_gmt":"2022-01-06T12:59:46","guid":{"rendered":"https:\/\/www.xn--17verdensml-68a.dk\/vare\/baeredygtig-kaffekop\/"},"modified":"2024-12-17T13:12:58","modified_gmt":"2024-12-17T12:12:58","slug":"haallbar-kaffekopp","status":"publish","type":"product","link":"https:\/\/www.xn--17verdensml-68a.dk\/sv\/vare\/haallbar-kaffekopp\/","title":{"rendered":"H\u00e5llbar kaffekopp"},"content":{"rendered":"<p>H\u00e5llbar kaffekopp av sockerr\u00f6r och kaffesump! Finns det ett b\u00e4ttre s\u00e4tt att visa att f\u00f6retaget arbetar med FN:s 17 globala m\u00e5l? Kaffekopparna best\u00e5r av:<\/p>\n<ul>\n<li>Koppen \u00e4r 70 mm h\u00f6g<\/li>\n<li>Tillverkad av kaffesump och sockerr\u00f6r<\/li>\n<li>Kan inneh\u00e5lla 200 ml.<\/li>\n<li>T\u00e5l maskindisk p\u00e5 65\u00b0<\/li>\n<\/ul>\n<p>Kaffesumpen kommer fr\u00e5n kaffebranschen och samlas \u00e4ven in fr\u00e5n kontorsmilj\u00f6er. Etanol fr\u00e5n sockerr\u00f6ren anv\u00e4nds som bindemedel. Materialvalet inneb\u00e4r att koppen har en h\u00e4rlig kaffedoft redan innan den tas i bruk.<\/p>\n","protected":false},"excerpt":{"rendered":"<p>Minimibest\u00e4llning 5 st.<\/p>\n","protected":false},"featured_media":40169,"template":"","meta":{"_et_pb_use_builder":"","_et_pb_old_content":"","_et_gb_content_width":""},"product_brand":[],"product_cat":[338],"product_tag":[],"class_list":{"0":"post-45125","1":"product","2":"type-product","3":"status-publish","4":"has-post-thumbnail","6":"product_cat-kaffekop-sv","7":"product_shipping_class-gls-sv","9":"first","10":"instock","11":"taxable","12":"shipping-taxable","13":"purchasable","14":"product-type-simple"},"tiered_pricing_type":"fixed","tiered_pricing_fixed_rules":{"10":"115","25":"106"},"tiered_pricing_product_settings":{"layout":"default","base_unit_name":{"singular":null,"plural":null},"default_variation":null},"tiered_pricing_minimum_quantity":5,"tiered_pricing_roles_data":[],"tiered_pricing_percentage_rules":[],"tiered_pricing_maximum_quantity":null,"tiered_pricing_quantity_step":null,"_links":{"self":[{"href":"https:\/\/www.xn--17verdensml-68a.dk\/sv\/wp-json\/wp\/v2\/product\/45125","targetHints":{"allow":["GET"]}}],"collection":[{"href":"https:\/\/www.xn--17verdensml-68a.dk\/sv\/wp-json\/wp\/v2\/product"}],"about":[{"href":"https:\/\/www.xn--17verdensml-68a.dk\/sv\/wp-json\/wp\/v2\/types\/product"}],"wp:featuredmedia":[{"embeddable":true,"href":"https:\/\/www.xn--17verdensml-68a.dk\/sv\/wp-json\/wp\/v2\/media\/40169"}],"wp:attachment":[{"href":"https:\/\/www.xn--17verdensml-68a.dk\/sv\/wp-json\/wp\/v2\/media?parent=45125"}],"wp:term":[{"taxonomy":"product_brand","embeddable":true,"href":"https:\/\/www.xn--17verdensml-68a.dk\/sv\/wp-json\/wp\/v2\/product_brand?post=45125"},{"taxonomy":"product_cat","embeddable":true,"href":"https:\/\/www.xn--17verdensml-68a.dk\/sv\/wp-json\/wp\/v2\/product_cat?post=45125"},{"taxonomy":"product_tag","embeddable":true,"href":"https:\/\/www.xn--17verdensml-68a.dk\/sv\/wp-json\/wp\/v2\/product_tag?post=45125"}],"curies":[{"name":"wp","href":"https:\/\/api.w.org\/{rel}","templated":true}]}}