{"id":43685,"date":"2022-08-09T09:57:55","date_gmt":"2022-08-09T07:57:55","guid":{"rendered":"https:\/\/www.xn--17verdensml-68a.dk\/?post_type=product&#038;p=43685"},"modified":"2024-04-05T07:23:49","modified_gmt":"2024-04-05T05:23:49","slug":"pappersflagga-2","status":"publish","type":"product","link":"https:\/\/www.xn--17verdensml-68a.dk\/sv\/vare\/pappersflagga-2\/","title":{"rendered":"Pappersflagga"},"content":{"rendered":"<p>F\u00e5nga allm\u00e4nhetens blickar med dessa pappersflaggor som visar att ert f\u00f6retag arbetar med FN:s globala m\u00e5l. De kan till exempel placeras i v\u00e4xter, i vaser eller l\u00e4ngs f\u00f6retagets infart \u2013 det \u00e4r endast fantasin som s\u00e4tter gr\u00e4nserna! Pappersflaggorna best\u00e5r av:<\/p>\n<ul>\n<li>M\u00e5tt: 17 cm x 24 cm<\/li>\n<li>F\u00e4st p\u00e5 tr\u00e4pinne<\/li>\n<li>Kan \u00e5teranv\u00e4ndas<\/li>\n<li>Ikonerna er p\u00e5 engelska<\/li>\n<\/ul>\n<p>Om pappersflaggorna ska anv\u00e4ndas f\u00f6r ett evenemang eller en konferens, g\u00e5r det bra att spara dem och ta fram dem igen vid ett senare tillf\u00e4lle.<\/p>\n","protected":false},"excerpt":{"rendered":"<p>Minimibest\u00e4llning 10 st.<\/p>\n<p>Leveranstid: 14 dagar<\/p>\n","protected":false},"featured_media":43901,"template":"","meta":{"_et_pb_use_builder":"","_et_pb_old_content":"","_et_gb_content_width":""},"product_brand":[],"product_cat":[299],"product_tag":[],"class_list":{"0":"post-43685","1":"product","2":"type-product","3":"status-publish","4":"has-post-thumbnail","6":"product_cat-haandholdt-flag-se","7":"product_shipping_class-fragt-sverige-sv","9":"first","10":"instock","11":"purchasable","12":"product-type-simple"},"tiered_pricing_type":"fixed","tiered_pricing_fixed_rules":{"25":"15","50":"13"},"tiered_pricing_product_settings":{"layout":"default","base_unit_name":{"singular":null,"plural":null},"default_variation":null},"tiered_pricing_minimum_quantity":10,"tiered_pricing_roles_data":[],"tiered_pricing_percentage_rules":[],"tiered_pricing_maximum_quantity":null,"tiered_pricing_quantity_step":null,"_links":{"self":[{"href":"https:\/\/www.xn--17verdensml-68a.dk\/sv\/wp-json\/wp\/v2\/product\/43685","targetHints":{"allow":["GET"]}}],"collection":[{"href":"https:\/\/www.xn--17verdensml-68a.dk\/sv\/wp-json\/wp\/v2\/product"}],"about":[{"href":"https:\/\/www.xn--17verdensml-68a.dk\/sv\/wp-json\/wp\/v2\/types\/product"}],"wp:featuredmedia":[{"embeddable":true,"href":"https:\/\/www.xn--17verdensml-68a.dk\/sv\/wp-json\/wp\/v2\/media\/43901"}],"wp:attachment":[{"href":"https:\/\/www.xn--17verdensml-68a.dk\/sv\/wp-json\/wp\/v2\/media?parent=43685"}],"wp:term":[{"taxonomy":"product_brand","embeddable":true,"href":"https:\/\/www.xn--17verdensml-68a.dk\/sv\/wp-json\/wp\/v2\/product_brand?post=43685"},{"taxonomy":"product_cat","embeddable":true,"href":"https:\/\/www.xn--17verdensml-68a.dk\/sv\/wp-json\/wp\/v2\/product_cat?post=43685"},{"taxonomy":"product_tag","embeddable":true,"href":"https:\/\/www.xn--17verdensml-68a.dk\/sv\/wp-json\/wp\/v2\/product_tag?post=43685"}],"curies":[{"name":"wp","href":"https:\/\/api.w.org\/{rel}","templated":true}]}}