{"id":43664,"date":"2022-08-08T16:51:07","date_gmt":"2022-08-08T14:51:07","guid":{"rendered":"https:\/\/www.xn--17verdensml-68a.dk\/?post_type=product&#038;p=43664"},"modified":"2024-04-05T08:29:17","modified_gmt":"2024-04-05T06:29:17","slug":"smaa-klossar-1-set-75-cm-uk","status":"publish","type":"product","link":"https:\/\/www.xn--17verdensml-68a.dk\/sv\/vare\/smaa-klossar-1-set-75-cm-uk\/","title":{"rendered":"Sm\u00e5 klossar \u2013 1 set \u2013 7,5 cm (UK)"},"content":{"rendered":"<p>Ett set best\u00e5r av 17 klossar p\u00e5 engelska, ett f\u00f6r varje globalt m\u00e5l.<\/p>\n<p>Varje sida har f\u00f6ljande inneh\u00e5ll:<br \/>\n&#8211; Ikonen f\u00f6r det enskilda globala m\u00e5let<br \/>\n&#8211; Beskrivning av det globala m\u00e5let<br \/>\n&#8211; Delm\u00e5let f\u00f6r det enskilda globala m\u00e5let<\/p>\n<p>Klossarna levereras platta, men s\u00e4tts enkelt ihop till en kloss.<br \/>\nKlossarna \u00e4r gjorda i 350 g PurePrint Cardboard.<\/p>\n<h4><span style=\"color: #438a30;\"><strong>Pris per set f\u00f6r 7,5 cm<\/strong><\/span><\/h4>\n<p><em>1-5 set \u00a0 \u00a0 \u00a0385,-<\/em><br \/>\n<em>6-20 set \u00a0 \u00a0324,-\u00a0 \u00a0 \u00a0 (Spara 61,- per set)<\/em><br \/>\n<em>21+ set \u00a0 \u00a0 296,-\u00a0 \u00a0 \u00a0 \u00a0(Spara 89,- per set)<\/em><\/p>\n<p>Klossarna \u00e4r Cradle to Cradle-certifierade, FSC-certifierade och komposterbara.<\/p>\n","protected":false},"excerpt":{"rendered":"<p><em>Best\u00e4lls i set med 17 st., en kloss f\u00f6r varje globalt m\u00e5l<\/em><\/p>\n","protected":false},"featured_media":39175,"template":"","meta":{"_et_pb_use_builder":"","_et_pb_old_content":"","_et_gb_content_width":""},"product_brand":[],"product_cat":[287],"product_tag":[],"class_list":{"0":"post-43664","1":"product","2":"type-product","3":"status-publish","4":"has-post-thumbnail","6":"product_cat-smaa-terninger-se","7":"product_shipping_class-fragt-sverige-sv","9":"first","10":"instock","11":"purchasable","12":"product-type-simple"},"tiered_pricing_type":"fixed","tiered_pricing_fixed_rules":{"6":"225","21":"205"},"tiered_pricing_product_settings":{"layout":"default","base_unit_name":{"singular":null,"plural":null},"default_variation":null},"tiered_pricing_minimum_quantity":null,"tiered_pricing_roles_data":[],"tiered_pricing_percentage_rules":[],"tiered_pricing_maximum_quantity":null,"tiered_pricing_quantity_step":null,"_links":{"self":[{"href":"https:\/\/www.xn--17verdensml-68a.dk\/sv\/wp-json\/wp\/v2\/product\/43664","targetHints":{"allow":["GET"]}}],"collection":[{"href":"https:\/\/www.xn--17verdensml-68a.dk\/sv\/wp-json\/wp\/v2\/product"}],"about":[{"href":"https:\/\/www.xn--17verdensml-68a.dk\/sv\/wp-json\/wp\/v2\/types\/product"}],"wp:featuredmedia":[{"embeddable":true,"href":"https:\/\/www.xn--17verdensml-68a.dk\/sv\/wp-json\/wp\/v2\/media\/39175"}],"wp:attachment":[{"href":"https:\/\/www.xn--17verdensml-68a.dk\/sv\/wp-json\/wp\/v2\/media?parent=43664"}],"wp:term":[{"taxonomy":"product_brand","embeddable":true,"href":"https:\/\/www.xn--17verdensml-68a.dk\/sv\/wp-json\/wp\/v2\/product_brand?post=43664"},{"taxonomy":"product_cat","embeddable":true,"href":"https:\/\/www.xn--17verdensml-68a.dk\/sv\/wp-json\/wp\/v2\/product_cat?post=43664"},{"taxonomy":"product_tag","embeddable":true,"href":"https:\/\/www.xn--17verdensml-68a.dk\/sv\/wp-json\/wp\/v2\/product_tag?post=43664"}],"curies":[{"name":"wp","href":"https:\/\/api.w.org\/{rel}","templated":true}]}}