{"id":43629,"date":"2022-08-08T15:21:09","date_gmt":"2022-08-08T13:21:09","guid":{"rendered":"https:\/\/www.xn--17verdensml-68a.dk\/?post_type=product&#038;p=43629"},"modified":"2024-04-05T07:53:39","modified_gmt":"2024-04-05T05:53:39","slug":"flaggirlang-inomhusbruk","status":"publish","type":"product","link":"https:\/\/www.xn--17verdensml-68a.dk\/sv\/vare\/flaggirlang-inomhusbruk\/","title":{"rendered":"Flaggirlang &#8211; inomhusbruk"},"content":{"rendered":"<p>Flaggirlang med FN:s globala m\u00e5l som kan pryda b\u00e5de f\u00f6retaget och konferensen n\u00e4r ni vill visa att ert f\u00f6retag har med de globala m\u00e5len p\u00e5 dagordningen. Flaggirlangen best\u00e5r av 18 flaggor &#8211; en f\u00f6r vart och ett av de globala m\u00e5len och en med loggan f\u00f6r de globala m\u00e5len. Flaggirlangerna best\u00e5r av:<\/p>\n<ul>\n<li>Flaggor av papper<\/li>\n<li>Varje flaggas storlek: A5<\/li>\n<li>Fem meter l\u00e5ngt sn\u00f6re<\/li>\n<li>Ikonerna \u00e4r p\u00e5 engelska<\/li>\n<\/ul>\n<p>Flaggorna har tryck p\u00e5 b\u00e5da sidor s\u00e5 motivet syns oavsett hur girlangen h\u00e4ngs upp.<\/p>\n<p><strong>Obs! Denna flaggirlang \u00e4r f\u00f6r inomhusbruk<\/strong><\/p>\n<p>&nbsp;<\/p>\n","protected":false},"excerpt":{"rendered":"<p>Leveranstid: 14 dagar<\/p>\n","protected":false},"featured_media":43401,"template":"","meta":{"_et_pb_use_builder":"","_et_pb_old_content":"","_et_gb_content_width":""},"product_brand":[],"product_cat":[292],"product_tag":[],"class_list":{"0":"post-43629","1":"product","2":"type-product","3":"status-publish","4":"has-post-thumbnail","6":"product_cat-flagranke-se","7":"product_shipping_class-fragt-sverige-sv","9":"first","10":"instock","11":"purchasable","12":"product-type-simple"},"tiered_pricing_type":"fixed","tiered_pricing_fixed_rules":{"5":"135","10":"115"},"tiered_pricing_product_settings":{"layout":"default","base_unit_name":{"singular":null,"plural":null},"default_variation":null},"tiered_pricing_minimum_quantity":null,"tiered_pricing_roles_data":[],"tiered_pricing_percentage_rules":[],"tiered_pricing_maximum_quantity":null,"tiered_pricing_quantity_step":null,"_links":{"self":[{"href":"https:\/\/www.xn--17verdensml-68a.dk\/sv\/wp-json\/wp\/v2\/product\/43629","targetHints":{"allow":["GET"]}}],"collection":[{"href":"https:\/\/www.xn--17verdensml-68a.dk\/sv\/wp-json\/wp\/v2\/product"}],"about":[{"href":"https:\/\/www.xn--17verdensml-68a.dk\/sv\/wp-json\/wp\/v2\/types\/product"}],"wp:featuredmedia":[{"embeddable":true,"href":"https:\/\/www.xn--17verdensml-68a.dk\/sv\/wp-json\/wp\/v2\/media\/43401"}],"wp:attachment":[{"href":"https:\/\/www.xn--17verdensml-68a.dk\/sv\/wp-json\/wp\/v2\/media?parent=43629"}],"wp:term":[{"taxonomy":"product_brand","embeddable":true,"href":"https:\/\/www.xn--17verdensml-68a.dk\/sv\/wp-json\/wp\/v2\/product_brand?post=43629"},{"taxonomy":"product_cat","embeddable":true,"href":"https:\/\/www.xn--17verdensml-68a.dk\/sv\/wp-json\/wp\/v2\/product_cat?post=43629"},{"taxonomy":"product_tag","embeddable":true,"href":"https:\/\/www.xn--17verdensml-68a.dk\/sv\/wp-json\/wp\/v2\/product_tag?post=43629"}],"curies":[{"name":"wp","href":"https:\/\/api.w.org\/{rel}","templated":true}]}}