{"id":43561,"date":"2022-07-14T10:04:52","date_gmt":"2022-07-14T08:04:52","guid":{"rendered":"https:\/\/www.xn--17verdensml-68a.dk\/?post_type=product&#038;p=43561"},"modified":"2025-03-28T10:27:10","modified_gmt":"2025-03-28T09:27:10","slug":"affisch-med-fns-globala-maal-cirkel-a1-format","status":"publish","type":"product","link":"https:\/\/www.xn--17verdensml-68a.dk\/sv\/vare\/affisch-med-fns-globala-maal-cirkel-a1-format\/","title":{"rendered":"Affisch med fn:s globala m\u00e5l cirkel\u2013 A1-format"},"content":{"rendered":"<p>Affischer med den v\u00e4lk\u00e4nda cirkeln som illustrerar FN:s 17 globala m\u00e5l.<\/p>\n<p>Affischerna \u00e4r i A1-format (59,4 \u00d7 84,1 cm) och tryckta p\u00e5 190 gr Pureprint Uncoated.<\/p>\n<p>Affischerna \u00e4r Cradle to Cradle-certifierade, FSC-certifierade och klimatneutrala.<\/p>\n<p>&nbsp;<\/p>\n","protected":false},"excerpt":{"rendered":"<p>Affischer med den v\u00e4lk\u00e4nda cirkeln som illustrerar FN:s 17 globala m\u00e5l. Affischerna \u00e4r i A1-format (59,4 \u00d7 84,1 cm) och tryckta p\u00e5 190 gr Pureprint Uncoated. Affischerna \u00e4r Cradle to Cradle-certifierade, FSC-certifierade och klimatneutrala. &nbsp;<\/p>\n","protected":false},"featured_media":43914,"template":"","meta":{"_et_pb_use_builder":"","_et_pb_old_content":"","_et_gb_content_width":""},"product_brand":[],"product_cat":[288],"product_tag":[],"class_list":{"0":"post-43561","1":"product","2":"type-product","3":"status-publish","4":"has-post-thumbnail","6":"product_cat-plakat-se","7":"product_shipping_class-fragt-sverige-sv","9":"first","10":"instock","11":"taxable","12":"shipping-taxable","13":"purchasable","14":"product-type-simple"},"tiered_pricing_type":"fixed","tiered_pricing_fixed_rules":{"5":"60","10":"40","50":"35"},"tiered_pricing_product_settings":{"layout":"default","base_unit_name":{"singular":null,"plural":null},"default_variation":null},"tiered_pricing_minimum_quantity":null,"tiered_pricing_roles_data":[],"tiered_pricing_percentage_rules":[],"tiered_pricing_maximum_quantity":null,"tiered_pricing_quantity_step":null,"_links":{"self":[{"href":"https:\/\/www.xn--17verdensml-68a.dk\/sv\/wp-json\/wp\/v2\/product\/43561","targetHints":{"allow":["GET"]}}],"collection":[{"href":"https:\/\/www.xn--17verdensml-68a.dk\/sv\/wp-json\/wp\/v2\/product"}],"about":[{"href":"https:\/\/www.xn--17verdensml-68a.dk\/sv\/wp-json\/wp\/v2\/types\/product"}],"wp:featuredmedia":[{"embeddable":true,"href":"https:\/\/www.xn--17verdensml-68a.dk\/sv\/wp-json\/wp\/v2\/media\/43914"}],"wp:attachment":[{"href":"https:\/\/www.xn--17verdensml-68a.dk\/sv\/wp-json\/wp\/v2\/media?parent=43561"}],"wp:term":[{"taxonomy":"product_brand","embeddable":true,"href":"https:\/\/www.xn--17verdensml-68a.dk\/sv\/wp-json\/wp\/v2\/product_brand?post=43561"},{"taxonomy":"product_cat","embeddable":true,"href":"https:\/\/www.xn--17verdensml-68a.dk\/sv\/wp-json\/wp\/v2\/product_cat?post=43561"},{"taxonomy":"product_tag","embeddable":true,"href":"https:\/\/www.xn--17verdensml-68a.dk\/sv\/wp-json\/wp\/v2\/product_tag?post=43561"}],"curies":[{"name":"wp","href":"https:\/\/api.w.org\/{rel}","templated":true}]}}