{"id":43560,"date":"2022-07-14T10:05:05","date_gmt":"2022-07-14T08:05:05","guid":{"rendered":"https:\/\/www.xn--17verdensml-68a.dk\/?post_type=product&#038;p=43560"},"modified":"2024-04-05T08:09:34","modified_gmt":"2024-04-05T06:09:34","slug":"affisch-med-fns-globala-maal-cirkel-a2-format","status":"publish","type":"product","link":"https:\/\/www.xn--17verdensml-68a.dk\/sv\/vare\/affisch-med-fns-globala-maal-cirkel-a2-format\/","title":{"rendered":"Affisch med fn:s globala m\u00e5l cirkel \u2013 A2-format"},"content":{"rendered":"<p>Affischer med den v\u00e4lk\u00e4nda cirkeln som illustrerar FN:s 17 globala m\u00e5l.<\/p>\n<p>Affischerna \u00e4r i A2-format (42 \u00d7 59,4 cm) och tryckta p\u00e5 190 gr Pureprint Uncoated.<\/p>\n<p>Affischerna \u00e4r Cradle to Cradle-certifierade, FSC-certifierade och klimatneutrala.<\/p>\n<p>&nbsp;<\/p>\n","protected":false},"excerpt":{"rendered":"<p>Affischer med den v\u00e4lk\u00e4nda cirkeln som illustrerar FN:s 17 globala m\u00e5l. Affischerna \u00e4r i A2-format (42 \u00d7 59,4 cm) och tryckta p\u00e5 190 gr Pureprint Uncoated. Affischerna \u00e4r Cradle to Cradle-certifierade, FSC-certifierade och klimatneutrala. &nbsp;<\/p>\n","protected":false},"featured_media":43914,"template":"","meta":{"_et_pb_use_builder":"","_et_pb_old_content":"","_et_gb_content_width":""},"product_brand":[],"product_cat":[288],"product_tag":[],"class_list":{"0":"post-43560","1":"product","2":"type-product","3":"status-publish","4":"has-post-thumbnail","6":"product_cat-plakat-se","7":"product_shipping_class-fragt-sverige-sv","9":"first","10":"instock","11":"purchasable","12":"product-type-simple"},"tiered_pricing_type":"fixed","tiered_pricing_fixed_rules":{"5":"40","10":"30","50":"25"},"tiered_pricing_product_settings":{"layout":"default","base_unit_name":{"singular":null,"plural":null},"default_variation":null},"tiered_pricing_minimum_quantity":null,"tiered_pricing_roles_data":[],"tiered_pricing_percentage_rules":[],"tiered_pricing_maximum_quantity":null,"tiered_pricing_quantity_step":null,"_links":{"self":[{"href":"https:\/\/www.xn--17verdensml-68a.dk\/sv\/wp-json\/wp\/v2\/product\/43560","targetHints":{"allow":["GET"]}}],"collection":[{"href":"https:\/\/www.xn--17verdensml-68a.dk\/sv\/wp-json\/wp\/v2\/product"}],"about":[{"href":"https:\/\/www.xn--17verdensml-68a.dk\/sv\/wp-json\/wp\/v2\/types\/product"}],"wp:featuredmedia":[{"embeddable":true,"href":"https:\/\/www.xn--17verdensml-68a.dk\/sv\/wp-json\/wp\/v2\/media\/43914"}],"wp:attachment":[{"href":"https:\/\/www.xn--17verdensml-68a.dk\/sv\/wp-json\/wp\/v2\/media?parent=43560"}],"wp:term":[{"taxonomy":"product_brand","embeddable":true,"href":"https:\/\/www.xn--17verdensml-68a.dk\/sv\/wp-json\/wp\/v2\/product_brand?post=43560"},{"taxonomy":"product_cat","embeddable":true,"href":"https:\/\/www.xn--17verdensml-68a.dk\/sv\/wp-json\/wp\/v2\/product_cat?post=43560"},{"taxonomy":"product_tag","embeddable":true,"href":"https:\/\/www.xn--17verdensml-68a.dk\/sv\/wp-json\/wp\/v2\/product_tag?post=43560"}],"curies":[{"name":"wp","href":"https:\/\/api.w.org\/{rel}","templated":true}]}}