{"id":43487,"date":"2022-07-07T09:09:08","date_gmt":"2022-07-07T07:09:08","guid":{"rendered":"https:\/\/www.xn--17verdensml-68a.dk\/?post_type=product&#038;p=43487"},"modified":"2025-01-10T10:41:32","modified_gmt":"2025-01-10T09:41:32","slug":"17-skyltar-med-fns-globala-maal-15-x-15-cm","status":"publish","type":"product","link":"https:\/\/www.xn--17verdensml-68a.dk\/sv\/vare\/17-skyltar-med-fns-globala-maal-15-x-15-cm\/","title":{"rendered":"17 skyltar med fn:s globala m\u00e5l 15 x 15 cm"},"content":{"rendered":"<p>Skylten \u00e4r gjord i 16 mm cellkartong vilket ger en bra 3D-effekt n\u00e4r den h\u00e4nger p\u00e5 v\u00e4ggen i f\u00f6retagets reception, i kontorslandskapet eller i ert st\u00e5nd under en konferens. Skyltens egenskaper:<\/p>\n<ul>\n<li>M\u00e5tt: 15 cm x 15 cm<\/li>\n<li>16 mm cellkartong med k\u00e4rna av \u00e5tervunna fibrer<\/li>\n<li>FN:s officiella design<\/li>\n<\/ul>\n<p>Skyltarna s\u00e4ljs i ett paket med 17 st. s\u00e5 att f\u00f6retaget f\u00e5r en skylt med varje globalt m\u00e5l. De kan h\u00e4ngas upp i en form p\u00e5 precis det s\u00e4tt som ni tycker fungerar f\u00f6r er.<\/p>\n<p>Obs! Skylten \u00e4r f\u00f6r inomhusbruk.<\/p>\n","protected":false},"excerpt":{"rendered":"<p>Best\u00e4lls i set med 17 st., en skylt f\u00f6r varje globalt m\u00e5l.<\/p>\n","protected":false},"featured_media":43947,"template":"","meta":{"_et_pb_use_builder":"","_et_pb_old_content":"","_et_gb_content_width":""},"product_brand":[],"product_cat":[334],"product_tag":[],"class_list":{"0":"post-43487","1":"product","2":"type-product","3":"status-publish","4":"has-post-thumbnail","6":"product_cat-skilte-sv","7":"product_shipping_class-fragt-sverige-sv","9":"first","10":"onbackorder","11":"purchasable","12":"product-type-simple"},"tiered_pricing_type":"fixed","tiered_pricing_fixed_rules":{"5":"850","10":"680"},"tiered_pricing_product_settings":{"layout":"default","base_unit_name":{"singular":null,"plural":null},"default_variation":null},"tiered_pricing_minimum_quantity":null,"tiered_pricing_roles_data":[],"tiered_pricing_percentage_rules":[],"tiered_pricing_maximum_quantity":null,"tiered_pricing_quantity_step":null,"_links":{"self":[{"href":"https:\/\/www.xn--17verdensml-68a.dk\/sv\/wp-json\/wp\/v2\/product\/43487","targetHints":{"allow":["GET"]}}],"collection":[{"href":"https:\/\/www.xn--17verdensml-68a.dk\/sv\/wp-json\/wp\/v2\/product"}],"about":[{"href":"https:\/\/www.xn--17verdensml-68a.dk\/sv\/wp-json\/wp\/v2\/types\/product"}],"wp:featuredmedia":[{"embeddable":true,"href":"https:\/\/www.xn--17verdensml-68a.dk\/sv\/wp-json\/wp\/v2\/media\/43947"}],"wp:attachment":[{"href":"https:\/\/www.xn--17verdensml-68a.dk\/sv\/wp-json\/wp\/v2\/media?parent=43487"}],"wp:term":[{"taxonomy":"product_brand","embeddable":true,"href":"https:\/\/www.xn--17verdensml-68a.dk\/sv\/wp-json\/wp\/v2\/product_brand?post=43487"},{"taxonomy":"product_cat","embeddable":true,"href":"https:\/\/www.xn--17verdensml-68a.dk\/sv\/wp-json\/wp\/v2\/product_cat?post=43487"},{"taxonomy":"product_tag","embeddable":true,"href":"https:\/\/www.xn--17verdensml-68a.dk\/sv\/wp-json\/wp\/v2\/product_tag?post=43487"}],"curies":[{"name":"wp","href":"https:\/\/api.w.org\/{rel}","templated":true}]}}