{"id":43483,"date":"2022-07-07T10:15:23","date_gmt":"2022-07-07T08:15:23","guid":{"rendered":"https:\/\/www.xn--17verdensml-68a.dk\/?post_type=product&#038;p=43483"},"modified":"2024-12-17T10:47:28","modified_gmt":"2024-12-17T09:47:28","slug":"1-skylt-med-fns-globala-maal-15-x-15-cm","status":"publish","type":"product","link":"https:\/\/www.xn--17verdensml-68a.dk\/sv\/vare\/1-skylt-med-fns-globala-maal-15-x-15-cm\/","title":{"rendered":"1 skylt med fn:s globala m\u00e5l 15 x 15 cm"},"content":{"rendered":"<p>Best\u00e4ll skyltar med just de globala m\u00e5l som ni arbetar med i ert f\u00f6retag. Skylten \u00e4r gjord i 16 mm cellkartong vilket ger en bra 3D-effekt n\u00e4r den h\u00e4nger p\u00e5 v\u00e4ggen i f\u00f6retagets reception, i kontorslandskapet eller i ert st\u00e5nd under en konferens. Skyltens egenskaper:<\/p>\n<ul>\n<li>\u2022 M\u00e5tt: 15 cm x 15 cm<\/li>\n<li>\u2022 16 mm cellkartong med k\u00e4rna av \u00e5tervunna fibrer<\/li>\n<li>\u2022 FN:s officiella design<\/li>\n<\/ul>\n<p>Obs! Skylten \u00e4r f\u00f6r inomhusbruk.<\/p>\n<p><strong>Obs! N\u00e4r du kommer till kassan hittar du ett kommentarsf\u00e4lt i vilket du ska skriva in <u>de skyltar<\/u> du \u00f6nskar, t.ex. 1 x nr 15, 2 s x nr 6 osv.<\/strong><\/p>\n","protected":false},"excerpt":{"rendered":"<p>Best\u00e4ll skyltar med just de globala m\u00e5l som ni arbetar med i ert f\u00f6retag. Skylten \u00e4r gjord i 16 mm cellkartong vilket ger en bra 3D-effekt n\u00e4r den h\u00e4nger p\u00e5 v\u00e4ggen i f\u00f6retagets reception, i kontorslandskapet eller i ert st\u00e5nd under en konferens. Skyltens egenskaper: \u2022 M\u00e5tt: 15 cm x 15 cm \u2022 16 mm [&hellip;]<\/p>\n","protected":false},"featured_media":43943,"template":"","meta":{"_et_pb_use_builder":"","_et_pb_old_content":"","_et_gb_content_width":""},"product_brand":[],"product_cat":[334],"product_tag":[],"class_list":{"0":"post-43483","1":"product","2":"type-product","3":"status-publish","4":"has-post-thumbnail","6":"product_cat-skilte-sv","7":"product_shipping_class-fragt-sverige-sv","9":"first","10":"instock","11":"purchasable","12":"product-type-simple"},"tiered_pricing_type":"fixed","tiered_pricing_fixed_rules":{"5":"55","10":"45"},"tiered_pricing_product_settings":{"layout":"default","base_unit_name":{"singular":null,"plural":null},"default_variation":null},"tiered_pricing_minimum_quantity":null,"tiered_pricing_roles_data":[],"tiered_pricing_percentage_rules":[],"tiered_pricing_maximum_quantity":null,"tiered_pricing_quantity_step":null,"_links":{"self":[{"href":"https:\/\/www.xn--17verdensml-68a.dk\/sv\/wp-json\/wp\/v2\/product\/43483","targetHints":{"allow":["GET"]}}],"collection":[{"href":"https:\/\/www.xn--17verdensml-68a.dk\/sv\/wp-json\/wp\/v2\/product"}],"about":[{"href":"https:\/\/www.xn--17verdensml-68a.dk\/sv\/wp-json\/wp\/v2\/types\/product"}],"wp:featuredmedia":[{"embeddable":true,"href":"https:\/\/www.xn--17verdensml-68a.dk\/sv\/wp-json\/wp\/v2\/media\/43943"}],"wp:attachment":[{"href":"https:\/\/www.xn--17verdensml-68a.dk\/sv\/wp-json\/wp\/v2\/media?parent=43483"}],"wp:term":[{"taxonomy":"product_brand","embeddable":true,"href":"https:\/\/www.xn--17verdensml-68a.dk\/sv\/wp-json\/wp\/v2\/product_brand?post=43483"},{"taxonomy":"product_cat","embeddable":true,"href":"https:\/\/www.xn--17verdensml-68a.dk\/sv\/wp-json\/wp\/v2\/product_cat?post=43483"},{"taxonomy":"product_tag","embeddable":true,"href":"https:\/\/www.xn--17verdensml-68a.dk\/sv\/wp-json\/wp\/v2\/product_tag?post=43483"}],"curies":[{"name":"wp","href":"https:\/\/api.w.org\/{rel}","templated":true}]}}