{"id":4925,"date":"2020-02-12T13:45:26","date_gmt":"2020-02-12T12:45:26","guid":{"rendered":"https:\/\/www.xn--17verdensml-68a.dk\/?page_id=4925"},"modified":"2020-02-12T13:45:27","modified_gmt":"2020-02-12T12:45:27","slug":"om-fns-globala-mal","status":"publish","type":"page","link":"https:\/\/www.xn--17verdensml-68a.dk\/sv\/om-fns-globala-mal\/","title":{"rendered":"Om FN&#8217;s Globala M\u00e5l"},"content":{"rendered":"<p>[et_pb_section fb_built=&#8221;1&#8243; admin_label=&#8221;forside&#8221; module_id=&#8221;forside&#8221; _builder_version=&#8221;3.22&#8243; background_color=&#8221;#ffffff&#8221; custom_padding=&#8221;0|0px|0|0px&#8221;][et_pb_row _builder_version=&#8221;3.25&#8243; module_alignment=&#8221;center&#8221; custom_padding=&#8221;40px|0px|27px|0px&#8221; border_width_top=&#8221;4px&#8221; border_color_top=&#8221;#048719&#8243;][et_pb_column type=&#8221;4_4&#8243; _builder_version=&#8221;3.25&#8243; custom_padding=&#8221;|||&#8221; custom_padding__hover=&#8221;|||&#8221;][et_pb_text _builder_version=&#8221;4.0.6&#8243; text_font=&#8221;Teko||||||||&#8221; text_font_size=&#8221;26px&#8221; text_letter_spacing=&#8221;1px&#8221; text_line_height=&#8221;2em&#8221; header_font=&#8221;Teko|700|||||||&#8221; header_text_align=&#8221;center&#8221; header_text_color=&#8221;#03a373&#8243; header_font_size=&#8221;58px&#8221; header_letter_spacing=&#8221;2px&#8221; hover_enabled=&#8221;0&#8243; header_font_size_tablet=&#8221;&#8221; header_font_size_phone=&#8221;25px&#8221; header_font_size_last_edited=&#8221;on|desktop&#8221;]<\/p>\n<h1 style=\"text-align: center;\">FN&#8217;S 17 GLOBALA M\u00c5L<br \/> H\u00c5LLBAR UTVECKLING<\/h1>\n<p>[\/et_pb_text][et_pb_divider color=&#8221;#ffffff&#8221; divider_weight=&#8221;0px&#8221; _builder_version=&#8221;3.2&#8243; background_color=&#8221;#0e9e6b&#8221; max_width=&#8221;22%&#8221; module_alignment=&#8221;center&#8221; height=&#8221;4px&#8221;][\/et_pb_divider][et_pb_image src=&#8221;https:\/\/www.xn--17verdensml-68a.dk\/wp-content\/uploads\/verdensmaal.jpg&#8221; align_tablet=&#8221;center&#8221; align_phone=&#8221;&#8221; align_last_edited=&#8221;on|desktop&#8221; _builder_version=&#8221;3.23&#8243; max_width=&#8221;70%&#8221; max_width_tablet=&#8221;&#8221; max_width_phone=&#8221;&#8221; max_width_last_edited=&#8221;on|desktop&#8221; module_alignment=&#8221;center&#8221;][\/et_pb_image][et_pb_divider color=&#8221;#ffffff&#8221; divider_weight=&#8221;0px&#8221; _builder_version=&#8221;3.2&#8243; background_color=&#8221;#0e9e6b&#8221; max_width=&#8221;22%&#8221; module_alignment=&#8221;center&#8221; height=&#8221;4px&#8221;][\/et_pb_divider][et_pb_text _builder_version=&#8221;4.0.6&#8243; text_font=&#8221;Montserrat|300|||||||&#8221; text_font_size=&#8221;17px&#8221; header_font=&#8221;||||||||&#8221; header_2_font=&#8221;Teko||||||||&#8221; header_2_text_color=&#8221;#606060&#8243; header_2_font_size=&#8221;34px&#8221; max_width=&#8221;64%&#8221; max_width_tablet=&#8221;&#8221; max_width_phone=&#8221;&#8221; max_width_last_edited=&#8221;on|desktop&#8221; module_alignment=&#8221;center&#8221; hover_enabled=&#8221;0&#8243; header_font_size_phone=&#8221;24px&#8221; header_font_size_last_edited=&#8221;off|desktop&#8221;]<\/p>\n<p style=\"text-align: center;\"><span>De globala m\u00e5len utg\u00f6rs av 17 konkreta m\u00e5l och 169 delm\u00e5l som g\u00f6r alla FN:s 193 medlemsl\u00e4nder skyldiga att helt avskaffa fattigdom och sv\u00e4lt i v\u00e4rlden, minska skillnaderna, s\u00e4kra utbildning och b\u00e4ttre h\u00e4lsa f\u00f6r alla, anst\u00e4ndiga jobb och mer h\u00e5llbar ekonomisk tillv\u00e4xt. De fokuserar likas\u00e5 p\u00e5 att fr\u00e4mja fred och s\u00e4kerhet och starka institutioner, och p\u00e5 att st\u00e4rka internationella partnerskap. Den nya dagordningen godk\u00e4nner s\u00e5ledes att social, ekonomisk och milj\u00f6m\u00e4ssig utveckling, fred, s\u00e4kerhet och internationellt samarbete \u00e4r n\u00e4ra relaterade, och att det kr\u00e4vs en integrerad insats f\u00f6r att uppn\u00e5 h\u00e5llbara utvecklingsresultat.<\/span><\/p>\n<p>[\/et_pb_text][\/et_pb_column][\/et_pb_row][et_pb_row _builder_version=&#8221;3.25&#8243;][et_pb_column type=&#8221;4_4&#8243; _builder_version=&#8221;3.25&#8243; custom_padding=&#8221;|||&#8221; custom_padding__hover=&#8221;|||&#8221;][et_pb_button button_url=&#8221;https:\/\/www.17verdensm\u00e5l.dk\/sv\/webshop\/&#8221; button_text=&#8221;BEST\u00c4LL H\u00c4R&#8221; button_alignment=&#8221;center&#8221; _builder_version=&#8221;4.0.6&#8243; custom_button=&#8221;on&#8221; button_text_size=&#8221;30px&#8221; button_text_color=&#8221;#017c30&#8243; button_bg_color=&#8221;#ffffff&#8221; button_border_width=&#8221;3px&#8221; button_border_color=&#8221;#078427&#8243; button_border_radius=&#8221;1px&#8221; button_letter_spacing=&#8221;1px&#8221; button_font=&#8221;Teko|700|||||||&#8221; button_use_icon=&#8221;off&#8221; custom_margin=&#8221;||20px|&#8221; custom_padding=&#8221;|||&#8221; hover_enabled=&#8221;0&#8243; button_border_radius_hover=&#8221;0px&#8221; button_letter_spacing_hover=&#8221;0px&#8221; button_bg_color_hover=&#8221;#ffffff&#8221; button_text_size__hover_enabled=&#8221;off&#8221; button_one_text_size__hover_enabled=&#8221;off&#8221; button_two_text_size__hover_enabled=&#8221;off&#8221; button_text_color__hover_enabled=&#8221;off&#8221; button_one_text_color__hover_enabled=&#8221;off&#8221; button_two_text_color__hover_enabled=&#8221;off&#8221; button_border_width__hover_enabled=&#8221;off&#8221; button_one_border_width__hover_enabled=&#8221;off&#8221; button_two_border_width__hover_enabled=&#8221;off&#8221; button_border_color__hover_enabled=&#8221;off&#8221; button_one_border_color__hover_enabled=&#8221;off&#8221; button_two_border_color__hover_enabled=&#8221;off&#8221; button_border_radius__hover_enabled=&#8221;on&#8221; button_border_radius__hover=&#8221;0px&#8221; button_one_border_radius__hover_enabled=&#8221;off&#8221; button_two_border_radius__hover_enabled=&#8221;off&#8221; button_letter_spacing__hover_enabled=&#8221;on&#8221; button_letter_spacing__hover=&#8221;0px&#8221; button_one_letter_spacing__hover_enabled=&#8221;off&#8221; button_two_letter_spacing__hover_enabled=&#8221;off&#8221; button_bg_color__hover_enabled=&#8221;on&#8221; button_bg_color__hover=&#8221;#ffffff&#8221; button_one_bg_color__hover_enabled=&#8221;off&#8221; button_two_bg_color__hover_enabled=&#8221;off&#8221;][\/et_pb_button][\/et_pb_column][\/et_pb_row][et_pb_row _builder_version=&#8221;3.25&#8243; module_alignment=&#8221;center&#8221; custom_padding=&#8221;50px||50px|&#8221; border_width_top=&#8221;5px&#8221; border_color_top=&#8221;#169e0c&#8221; border_width_bottom=&#8221;5px&#8221; border_color_bottom=&#8221;#009313&#8243;][et_pb_column type=&#8221;4_4&#8243; _builder_version=&#8221;3.25&#8243; custom_padding=&#8221;|||&#8221; custom_padding__hover=&#8221;|||&#8221;][et_pb_text _builder_version=&#8221;4.0.6&#8243; header_2_font=&#8221;Teko|600||on|||||&#8221; header_2_font_size=&#8221;44px&#8221; header_3_font=&#8221;Teko|600|||||||&#8221; header_3_font_size=&#8221;40px&#8221; hover_enabled=&#8221;0&#8243; text_font=&#8221;Montserrat|300|||||||&#8221;]<\/p>\n<p>&nbsp;<\/p>\n<h2 style=\"text-align: center;\">Vill du veta mer?<\/h2>\n<p style=\"text-align: center;\"><span>P\u00e5 f\u00f6ljande sidor kan du l\u00e4sa mycket mer om vad FN:s globala m\u00e5l inneh\u00e5ller<\/span><\/p>\n<p style=\"text-align: center;\"><span>och vad de har f\u00f6r betydelse f\u00f6r din och min v\u00e4rld.<\/span><\/p>\n<h3 style=\"text-align: center;\"><span style=\"font-size: xx-large;\"><span style=\"text-decoration: underline;\"><a href=\"https:\/\/verdensbedstenyheder.dk\/\">V\u00e4rlsdens b\u00e4sta nyheter<\/a><\/span><\/span><\/h3>\n<h3 style=\"text-align: center;\"><span style=\"font-size: xx-large;\"><span style=\"text-decoration: underline;\"><a href=\"http:\/\/www.verdensmaalene.dk\/\">Globala m\u00e5l f\u00f6r h\u00e5lbar utveckling<\/a><\/span><\/span><\/h3>\n<h3 style=\"text-align: center;\"><span style=\"text-decoration: underline; font-size: xx-large;\"><a href=\"http:\/\/www.Un.org\/sustainabledevelopment\">FN&#8217;s internationella sida om de globala m\u00e5len<\/a><\/span><\/h3>\n<h3 style=\"text-align: center;\"><span style=\"text-decoration: underline; font-size: xx-large;\"><a href=\"http:\/\/www.globalgoals.org\/\" target=\"_blank\" rel=\"noopener noreferrer\" data-saferedirecturl=\"https:\/\/www.google.com\/url?hl=da&amp;q=http:\/\/www.Globalgoals.org&amp;source=gmail&amp;ust=1521039701959000&amp;usg=AFQjCNGiT6yytoNUa7tOz5MoC4b1tXui6Q\">De Globala m\u00e5len<\/a><\/span><\/h3>\n<p>&nbsp;<\/p>\n<p>&nbsp;<\/p>\n<p>[\/et_pb_text][\/et_pb_column][\/et_pb_row][\/et_pb_section]<\/p>\n","protected":false},"excerpt":{"rendered":"<p>FN&#8217;S 17 GLOBALA M\u00c5L H\u00c5LLBAR UTVECKLING De globala m\u00e5len utg\u00f6rs av 17 konkreta m\u00e5l och 169 delm\u00e5l som g\u00f6r alla FN:s 193 medlemsl\u00e4nder skyldiga att helt avskaffa fattigdom och sv\u00e4lt i v\u00e4rlden, minska skillnaderna, s\u00e4kra utbildning och b\u00e4ttre h\u00e4lsa f\u00f6r alla, anst\u00e4ndiga jobb och mer h\u00e5llbar ekonomisk tillv\u00e4xt. De fokuserar likas\u00e5 p\u00e5 att fr\u00e4mja fred [&hellip;]<\/p>\n","protected":false},"author":4,"featured_media":0,"parent":0,"menu_order":0,"comment_status":"closed","ping_status":"closed","template":"","meta":{"_et_pb_use_builder":"on","_et_pb_old_content":"","_et_gb_content_width":"","footnotes":""},"class_list":["post-4925","page","type-page","status-publish","hentry"],"_links":{"self":[{"href":"https:\/\/www.xn--17verdensml-68a.dk\/sv\/wp-json\/wp\/v2\/pages\/4925","targetHints":{"allow":["GET"]}}],"collection":[{"href":"https:\/\/www.xn--17verdensml-68a.dk\/sv\/wp-json\/wp\/v2\/pages"}],"about":[{"href":"https:\/\/www.xn--17verdensml-68a.dk\/sv\/wp-json\/wp\/v2\/types\/page"}],"author":[{"embeddable":true,"href":"https:\/\/www.xn--17verdensml-68a.dk\/sv\/wp-json\/wp\/v2\/users\/4"}],"replies":[{"embeddable":true,"href":"https:\/\/www.xn--17verdensml-68a.dk\/sv\/wp-json\/wp\/v2\/comments?post=4925"}],"version-history":[{"count":2,"href":"https:\/\/www.xn--17verdensml-68a.dk\/sv\/wp-json\/wp\/v2\/pages\/4925\/revisions"}],"predecessor-version":[{"id":4931,"href":"https:\/\/www.xn--17verdensml-68a.dk\/sv\/wp-json\/wp\/v2\/pages\/4925\/revisions\/4931"}],"wp:attachment":[{"href":"https:\/\/www.xn--17verdensml-68a.dk\/sv\/wp-json\/wp\/v2\/media?parent=4925"}],"curies":[{"name":"wp","href":"https:\/\/api.w.org\/{rel}","templated":true}]}}