{"id":42389,"date":"2022-01-05T11:02:34","date_gmt":"2022-01-05T10:02:34","guid":{"rendered":"https:\/\/www.xn--17verdensml-68a.dk\/hvem-er-kls-pureprint\/"},"modified":"2022-03-21T06:51:20","modified_gmt":"2022-03-21T05:51:20","slug":"vem-ar-kls-pureprint","status":"publish","type":"page","link":"https:\/\/www.xn--17verdensml-68a.dk\/sv\/vem-ar-kls-pureprint\/","title":{"rendered":"VEM \u00c4R KLS PUREPRINT?"},"content":{"rendered":"<p>[et_pb_section fb_built=&#8221;1&#8243; admin_label=&#8221;Juice Categories Section&#8221; _builder_version=&#8221;3.22&#8243; min_height=&#8221;548px&#8221; custom_margin=&#8221;-9px|-16px|-1px|-31px||&#8221; custom_padding=&#8221;0px|0px|1px|0px||&#8221; global_colors_info=&#8221;{}&#8221;][et_pb_row column_structure=&#8221;1_2,1_2&#8243; _builder_version=&#8221;4.14.5&#8243; background_color=&#8221;#f4f4f4&#8243; module_alignment=&#8221;center&#8221; min_height=&#8221;345px&#8221; custom_margin=&#8221;0px|auto|16px|auto||&#8221; custom_padding=&#8221;||0px|||&#8221; global_colors_info=&#8221;{}&#8221;][et_pb_column type=&#8221;1_2&#8243; _builder_version=&#8221;4.0.6&#8243; global_colors_info=&#8221;{}&#8221;][et_pb_image src=&#8221;https:\/\/www.xn--17verdensml-68a.dk\/wp-content\/uploads\/KLS-PurePrint.png&#8221; _builder_version=&#8221;4.14.5&#8243; width=&#8221;94.7%&#8221; min_height=&#8221;153px&#8221; custom_margin=&#8221;1px|255px||||&#8221; custom_margin_tablet=&#8221;1px|255px||||&#8221; custom_margin_phone=&#8221;0px|0px|||false|false&#8221; custom_margin_last_edited=&#8221;on|phone&#8221; custom_padding=&#8221;0px|5%|0px|5%|false|false&#8221; global_colors_info=&#8221;{}&#8221;][\/et_pb_image][\/et_pb_column][et_pb_column type=&#8221;1_2&#8243; _builder_version=&#8221;4.0.6&#8243; global_colors_info=&#8221;{}&#8221;][et_pb_text _builder_version=&#8221;4.14.5&#8243; text_font=&#8221;|600||on|||||&#8221; text_text_color=&#8221;#000000&#8243; text_font_size=&#8221;30px&#8221; text_letter_spacing=&#8221;3px&#8221; background_color=&#8221;#f4f4f4&#8243; width=&#8221;91.1%&#8221; min_height=&#8221;45px&#8221; custom_margin=&#8221;120px||120px|-9px||&#8221; custom_margin_tablet=&#8221;120px||120px|-9px||&#8221; custom_margin_phone=&#8221;20px||20px|0px|false|false&#8221; custom_margin_last_edited=&#8221;on|phone&#8221; custom_padding=&#8221;|0px||0px|false|false&#8221; hover_enabled=&#8221;0&#8243; global_colors_info=&#8221;{}&#8221; sticky_enabled=&#8221;0&#8243;]<\/p>\n<p style=\"text-align: center;\">Vem \u00e4r kls pureprint?<\/p>\n<p>[\/et_pb_text][\/et_pb_column][\/et_pb_row][et_pb_row column_structure=&#8221;1_2,1_2&#8243; _builder_version=&#8221;4.14.5&#8243; module_alignment=&#8221;center&#8221; min_height=&#8221;621px&#8221; custom_margin=&#8221;28px|0px||0px|false|false&#8221; custom_padding=&#8221;21px|0px|29px|0px||&#8221; global_colors_info=&#8221;{}&#8221;][et_pb_column type=&#8221;1_2&#8243; _builder_version=&#8221;4.0.6&#8243; global_colors_info=&#8221;{}&#8221;][et_pb_text _builder_version=&#8221;4.14.5&#8243; text_font=&#8221;Open Sans||||||||&#8221; module_alignment=&#8221;center&#8221; custom_padding=&#8221;|0px||15px|false|false&#8221; hover_enabled=&#8221;0&#8243; global_colors_info=&#8221;{}&#8221; sticky_enabled=&#8221;0&#8243;]<\/p>\n<p>KLS PurePrint A\/S \u00e4r ett av Danmarks st\u00f6rsta tryckerier. F\u00f6retaget \u00e4r en 75 \u00e5r gammal familje\u00e4gd verksamhet som startade under namnet K. Larsen &amp; S\u00f8n.<\/p>\n<p>Efter m\u00e5nga \u00e5rs arbete, s\u00e4rskilt inom milj\u00f6omr\u00e5det, uppstod en ambiti\u00f6s vision i styrelserummet: V\u00e4rldens gr\u00f6naste tryckeri.<\/p>\n<p>Fundamentet bestod av ett av Danmarks mest milj\u00f6medvetna tryckerier som redan var ISO 14001-certifierat, hade Svanenm\u00e4rkning, FSC och var 100 % CO<sub>2<\/sub>-neutralt. Det uppn\u00e5dde vi bland annat genom att uteslutande k\u00f6ra elbilar, endast anv\u00e4nda energi fr\u00e5n egen vindkraft samt m\u00e5nga \u00e5rs m\u00e5linriktat arbete med att minska alla former av milj\u00f6p\u00e5verkan.<\/p>\n<p>Det nya m\u00e5let blev att utveckla 100 % biologiskt nedbrytbara trycksaker och emballage \u2013 helt fria fr\u00e5n skadliga kemikalier och tungmetaller. Eftersom detta \u00e4nnu inte fanns p\u00e5 marknaden, fick vi st\u00f6d fr\u00e5n bland annat Erhvervsstyrelsen och Gr\u00f8n Omstillingsfond.<\/p>\n<p>[\/et_pb_text][\/et_pb_column][et_pb_column type=&#8221;1_2&#8243; _builder_version=&#8221;4.0.6&#8243; global_colors_info=&#8221;{}&#8221;][et_pb_image src=&#8221;https:\/\/www.xn--17verdensml-68a.dk\/wp-content\/uploads\/Sk\u00e6rmbillede-2022-01-05-kl.-11.59.39.png&#8221; _builder_version=&#8221;4.14.5&#8243; width=&#8221;60%&#8221; module_alignment=&#8221;center&#8221; min_height=&#8221;325px&#8221; custom_margin=&#8221;-48px|0px|33px|0px|false|false&#8221; custom_padding=&#8221;|0px||0px||&#8221; global_colors_info=&#8221;{}&#8221;][\/et_pb_image][et_pb_text _builder_version=&#8221;4.14.5&#8243; text_font=&#8221;Open Sans||||||||&#8221; module_alignment=&#8221;center&#8221; custom_margin=&#8221;-25px|||||&#8221; custom_padding=&#8221;7px|0px||0px|false|false&#8221; hover_enabled=&#8221;0&#8243; global_colors_info=&#8221;{}&#8221; sticky_enabled=&#8221;0&#8243;]<\/p>\n<p>\u00d6nskem\u00e5let var att kunna leva upp till det som, enligt v\u00e5r uppfattning, \u00e4r en av v\u00e4rldens mest kompromissl\u00f6sa certifieringar \u2013 Cradle to Cradle.<\/p>\n<p>D\u00e4rf\u00f6r blev det n\u00f6dv\u00e4ndigt att utveckla alla delar av trycksakerna sj\u00e4lva, dvs. papper, papp, f\u00e4rger, lack, lim med mera i samarbete med ambiti\u00f6sa och fram\u00e5tblickande leverant\u00f6rer.<\/p>\n<p>[\/et_pb_text][\/et_pb_column][\/et_pb_row][\/et_pb_section][et_pb_section fb_built=&#8221;1&#8243; _builder_version=&#8221;4.14.5&#8243; background_image=&#8221;https:\/\/www.xn--17verdensml-68a.dk\/wp-content\/uploads\/skov.jpeg&#8221; parallax=&#8221;on&#8221; parallax_method=&#8221;off&#8221; min_height=&#8221;263px&#8221; custom_margin=&#8221;0px|0px|0px|0px|false|false&#8221; custom_padding=&#8221;0%|0px|0px|0px|false|false&#8221; global_colors_info=&#8221;{}&#8221;][\/et_pb_section][et_pb_section fb_built=&#8221;1&#8243; _builder_version=&#8221;4.14.5&#8243; module_alignment=&#8221;center&#8221; min_height=&#8221;271px&#8221; custom_margin=&#8221;-7px|0px|-17px|0px|false|false&#8221; custom_padding=&#8221;18px||3px|||&#8221; global_colors_info=&#8221;{}&#8221;][et_pb_row column_structure=&#8221;1_2,1_2&#8243; _builder_version=&#8221;4.14.5&#8243; module_alignment=&#8221;center&#8221; min_height=&#8221;456px&#8221; custom_margin=&#8221;1px|auto|1px|0px|false|false&#8221; custom_padding=&#8221;||20px|||&#8221; global_colors_info=&#8221;{}&#8221;][et_pb_column type=&#8221;1_2&#8243; _builder_version=&#8221;4.0.6&#8243; global_colors_info=&#8221;{}&#8221;][et_pb_text _builder_version=&#8221;4.14.5&#8243; text_font=&#8221;Open Sans||||||||&#8221; width=&#8221;87.8%&#8221; min_height=&#8221;418px&#8221; custom_margin=&#8221;|71px||||&#8221; custom_padding=&#8221;7px|11px|0px|26px||&#8221; hover_enabled=&#8221;0&#8243; global_colors_info=&#8221;{}&#8221; sticky_enabled=&#8221;0&#8243;]<\/p>\n<p>Utvecklingen tog flera \u00e5r eftersom det var mycket mer utmanande och tidsm\u00e4ssigt kr\u00e4vande \u00e4n f\u00f6rv\u00e4ntat att ers\u00e4tta de o\u00f6nskade kemikalierna och tungmetallerna med helt rena alternativ.<\/p>\n<p>En annan ambition var att PurePrint skulle uppn\u00e5 samma kvalitet och kunna s\u00e4ljas till samma pris som traditionella trycksaker och emballage.<\/p>\n<p>Det lyckades och den 4 maj 2015 trycktes det p\u00e5 knappen till den f\u00f6rsta PurePrint-tryckningen. Tidigare milj\u00f6minister Ida Auken var med och tryckte p\u00e5 knappen.<\/p>\n<p>Sedan dess har mer \u00e4n 200 f\u00f6retag med h\u00e5llbara ambitioner b\u00f6rjat trycka med PurePrint.<\/p>\n<p>[\/et_pb_text][\/et_pb_column][et_pb_column type=&#8221;1_2&#8243; _builder_version=&#8221;4.0.6&#8243; global_colors_info=&#8221;{}&#8221;][et_pb_image src=&#8221;https:\/\/www.xn--17verdensml-68a.dk\/wp-content\/uploads\/KLS_PurePrint2-e1641390036519.jpeg&#8221; _builder_version=&#8221;4.14.5&#8243; width=&#8221;60%&#8221; module_alignment=&#8221;center&#8221; min_height=&#8221;231px&#8221; custom_margin=&#8221;1px|0px|-8px|0px|false|false&#8221; custom_padding=&#8221;|0px||||&#8221; global_colors_info=&#8221;{}&#8221;][\/et_pb_image][et_pb_text _builder_version=&#8221;4.14.5&#8243; text_font_size=&#8221;14px&#8221; custom_padding=&#8221;7px||0px|169px||&#8221; hover_enabled=&#8221;0&#8243; global_colors_info=&#8221;{}&#8221; sticky_enabled=&#8221;0&#8243;]<\/p>\n<p>Den f\u00f6rsta PurePrint-tryckningen 2015<\/p>\n<p>[\/et_pb_text][et_pb_text _builder_version=&#8221;4.14.5&#8243; _module_preset=&#8221;default&#8221; module_alignment=&#8221;center&#8221; custom_margin=&#8221;|||0px|false|false&#8221; hover_enabled=&#8221;0&#8243; global_colors_info=&#8221;{}&#8221; sticky_enabled=&#8221;0&#8243;]<\/p>\n<p>Det gladde oss v\u00e4ldigt mycket att Danmarks Naturfrednings-f\u00f6rening 2016 gick ut med en rekommendation om att trycka med PurePrint.<\/p>\n<p>[\/et_pb_text][et_pb_cta button_url=&#8221;https:\/\/klspureprint.dk\/baeredygtighed\/&#8221; button_text=&#8221;L\u00e4s mer om kls pureprint&#8221; admin_label=&#8221;Tittle, Paragraph &#038; Call To Action&#8221; _builder_version=&#8221;4.14.5&#8243; header_font=&#8221;Oswald|||on|||||&#8221; header_font_size=&#8221;18px&#8221; header_letter_spacing=&#8221;3px&#8221; header_line_height=&#8221;1.4em&#8221; body_font=&#8221;Open Sans|600|||||||&#8221; body_font_size=&#8221;16px&#8221; body_line_height=&#8221;1.8em&#8221; background_color=&#8221;RGBA(255,255,255,0)&#8221; custom_button=&#8221;on&#8221; button_text_size=&#8221;10px&#8221; button_text_color=&#8221;#ffffff&#8221; button_bg_color=&#8221;#000a68&#8243; button_border_width=&#8221;10px&#8221; button_border_color=&#8221;#000a68&#8243; button_border_radius=&#8221;0px&#8221; button_letter_spacing=&#8221;2px&#8221; button_font=&#8221;Open Sans|700||on|||||&#8221; button_use_icon=&#8221;off&#8221; button_alignment=&#8221;center&#8221; text_orientation=&#8221;left&#8221; background_layout=&#8221;light&#8221; width=&#8221;100%&#8221; module_alignment=&#8221;center&#8221; min_height=&#8221;49px&#8221; custom_margin=&#8221;-1px|0px|15px||false|false&#8221; custom_margin_tablet=&#8221;0px|||&#8221; custom_margin_phone=&#8221;&#8221; custom_margin_last_edited=&#8221;on|tablet&#8221; custom_padding=&#8221;10px|0px|28px|0px|false|false&#8221; hover_enabled=&#8221;0&#8243; button_text_color_hover=&#8221;#ffffff&#8221; button_border_color_hover=&#8221;rgba(0,0,0,0)&#8221; button_border_radius_hover=&#8221;28px&#8221; button_letter_spacing_hover=&#8221;2px&#8221; button_bg_color_hover=&#8221;rgba(0,0,0,0.7)&#8221; global_colors_info=&#8221;{}&#8221; button_text_size__hover_enabled=&#8221;off&#8221; button_one_text_size__hover_enabled=&#8221;off&#8221; button_two_text_size__hover_enabled=&#8221;off&#8221; button_text_color__hover_enabled=&#8221;on|hover&#8221; button_text_color__hover=&#8221;#ffffff&#8221; button_one_text_color__hover_enabled=&#8221;off&#8221; button_two_text_color__hover_enabled=&#8221;off&#8221; button_border_width__hover_enabled=&#8221;off&#8221; button_one_border_width__hover_enabled=&#8221;off&#8221; button_two_border_width__hover_enabled=&#8221;off&#8221; button_border_color__hover_enabled=&#8221;on|desktop&#8221; button_border_color__hover=&#8221;rgba(0,0,0,0)&#8221; button_one_border_color__hover_enabled=&#8221;off&#8221; button_two_border_color__hover_enabled=&#8221;off&#8221; button_border_radius__hover_enabled=&#8221;on|desktop&#8221; button_border_radius__hover=&#8221;0px&#8221; button_one_border_radius__hover_enabled=&#8221;off&#8221; button_two_border_radius__hover_enabled=&#8221;off&#8221; button_letter_spacing__hover_enabled=&#8221;on|hover&#8221; button_letter_spacing__hover=&#8221;2px&#8221; button_one_letter_spacing__hover_enabled=&#8221;off&#8221; button_two_letter_spacing__hover_enabled=&#8221;off&#8221; button_bg_color__hover_enabled=&#8221;on|desktop&#8221; button_bg_color__hover=&#8221;rgba(0,0,0,0.7)&#8221; button_one_bg_color__hover_enabled=&#8221;off&#8221; button_two_bg_color__hover_enabled=&#8221;off&#8221; sticky_enabled=&#8221;0&#8243;][\/et_pb_cta][\/et_pb_column][\/et_pb_row][\/et_pb_section]<\/p>\n","protected":false},"excerpt":{"rendered":"<p>Vem \u00e4r kls pureprint?KLS PurePrint A\/S \u00e4r ett av Danmarks st\u00f6rsta tryckerier. F\u00f6retaget \u00e4r en 75 \u00e5r gammal familje\u00e4gd verksamhet som startade under namnet K. Larsen &amp; S\u00f8n. Efter m\u00e5nga \u00e5rs arbete, s\u00e4rskilt inom milj\u00f6omr\u00e5det, uppstod en ambiti\u00f6s vision i styrelserummet: V\u00e4rldens gr\u00f6naste tryckeri. Fundamentet bestod av ett av Danmarks mest milj\u00f6medvetna tryckerier som redan [&hellip;]<\/p>\n","protected":false},"author":2,"featured_media":0,"parent":0,"menu_order":0,"comment_status":"closed","ping_status":"closed","template":"","meta":{"_et_pb_use_builder":"on","_et_pb_old_content":"","_et_gb_content_width":"","footnotes":""},"class_list":["post-42389","page","type-page","status-publish","hentry"],"_links":{"self":[{"href":"https:\/\/www.xn--17verdensml-68a.dk\/sv\/wp-json\/wp\/v2\/pages\/42389","targetHints":{"allow":["GET"]}}],"collection":[{"href":"https:\/\/www.xn--17verdensml-68a.dk\/sv\/wp-json\/wp\/v2\/pages"}],"about":[{"href":"https:\/\/www.xn--17verdensml-68a.dk\/sv\/wp-json\/wp\/v2\/types\/page"}],"author":[{"embeddable":true,"href":"https:\/\/www.xn--17verdensml-68a.dk\/sv\/wp-json\/wp\/v2\/users\/2"}],"replies":[{"embeddable":true,"href":"https:\/\/www.xn--17verdensml-68a.dk\/sv\/wp-json\/wp\/v2\/comments?post=42389"}],"version-history":[{"count":2,"href":"https:\/\/www.xn--17verdensml-68a.dk\/sv\/wp-json\/wp\/v2\/pages\/42389\/revisions"}],"predecessor-version":[{"id":42655,"href":"https:\/\/www.xn--17verdensml-68a.dk\/sv\/wp-json\/wp\/v2\/pages\/42389\/revisions\/42655"}],"wp:attachment":[{"href":"https:\/\/www.xn--17verdensml-68a.dk\/sv\/wp-json\/wp\/v2\/media?parent=42389"}],"curies":[{"name":"wp","href":"https:\/\/api.w.org\/{rel}","templated":true}]}}