{"id":42387,"date":"2022-01-05T13:02:08","date_gmt":"2022-01-05T12:02:08","guid":{"rendered":"https:\/\/www.xn--17verdensml-68a.dk\/dokumenteret-baeredygtighed\/"},"modified":"2022-05-12T13:01:42","modified_gmt":"2022-05-12T11:01:42","slug":"dokumenterad-hallbarhet","status":"publish","type":"page","link":"https:\/\/www.xn--17verdensml-68a.dk\/sv\/dokumenterad-hallbarhet\/","title":{"rendered":"DOKUMENTERAD H\u00c5LLBARHET"},"content":{"rendered":"<p>[et_pb_section fb_built=&#8221;1&#8243; admin_label=&#8221;Juice Categories Section&#8221; _builder_version=&#8221;3.22&#8243; min_height=&#8221;548px&#8221; custom_margin=&#8221;42px|-16px|-1px|-31px||&#8221; custom_padding=&#8221;0px|0px|1px|0px||&#8221; global_colors_info=&#8221;{}&#8221;][et_pb_row column_structure=&#8221;1_2,1_2&#8243; _builder_version=&#8221;4.14.5&#8243; background_color=&#8221;#f4f4f4&#8243; module_alignment=&#8221;center&#8221; min_height=&#8221;345px&#8221; custom_margin=&#8221;-32px|auto|16px|auto||&#8221; custom_padding=&#8221;||0px|||&#8221; global_colors_info=&#8221;{}&#8221;][et_pb_column type=&#8221;1_2&#8243; _builder_version=&#8221;4.0.6&#8243; global_colors_info=&#8221;{}&#8221;][et_pb_image src=&#8221;https:\/\/www.xn--17verdensml-68a.dk\/wp-content\/uploads\/C2C-MARKEDSFOeRING.png&#8221; title_text=&#8221;C2C MARKEDSF\u00d8RING&#8221; align=&#8221;center&#8221; _builder_version=&#8221;4.14.5&#8243; width=&#8221;60%&#8221; width_tablet=&#8221;60%&#8221; width_phone=&#8221;100%&#8221; width_last_edited=&#8221;on|phone&#8221; max_width=&#8221;100%&#8221; module_alignment=&#8221;center&#8221; custom_margin=&#8221;0px|255px|||false|false&#8221; custom_margin_tablet=&#8221;0px|255px|||false|false&#8221; custom_margin_phone=&#8221;0px|0px||0px|false|false&#8221; custom_margin_last_edited=&#8221;on|phone&#8221; custom_padding=&#8221;|0px|5%|5%|false|false&#8221; custom_padding_tablet=&#8221;|0px|5%|5%|false|false&#8221; custom_padding_phone=&#8221;|5%|0px|5%|false|false&#8221; custom_padding_last_edited=&#8221;on|phone&#8221; global_colors_info=&#8221;{}&#8221;][\/et_pb_image][\/et_pb_column][et_pb_column type=&#8221;1_2&#8243; _builder_version=&#8221;4.0.6&#8243; global_colors_info=&#8221;{}&#8221;][et_pb_text _builder_version=&#8221;4.14.5&#8243; text_font=&#8221;|600||on|||||&#8221; text_text_color=&#8221;#000000&#8243; text_font_size=&#8221;30px&#8221; text_letter_spacing=&#8221;3px&#8221; background_color=&#8221;#f4f4f4&#8243; width=&#8221;91.1%&#8221; min_height=&#8221;45px&#8221; custom_margin=&#8221;120px||120px|-9px||&#8221; custom_margin_tablet=&#8221;120px||120px|-9px||&#8221; custom_margin_phone=&#8221;20px||20px|0px|false|false&#8221; custom_margin_last_edited=&#8221;on|phone&#8221; custom_padding=&#8221;|0px||0px|false|false&#8221; global_colors_info=&#8221;{}&#8221;]<\/p>\n<p style=\"text-align: center;\">Dokumenterad h\u00e5llbarhet<\/p>\n<p>[\/et_pb_text][\/et_pb_column][\/et_pb_row][et_pb_row column_structure=&#8221;1_2,1_4,1_4&#8243; _builder_version=&#8221;4.14.5&#8243; module_alignment=&#8221;center&#8221; min_height=&#8221;460px&#8221; custom_margin=&#8221;28px|-55px|2px|20px||&#8221; custom_padding=&#8221;21px|0px|29px|0px||&#8221; global_colors_info=&#8221;{}&#8221;][et_pb_column type=&#8221;1_2&#8243; _builder_version=&#8221;4.0.6&#8243; global_colors_info=&#8221;{}&#8221;][et_pb_text _builder_version=&#8221;4.14.5&#8243; text_font=&#8221;Open Sans||||||||&#8221; header_font=&#8221;Open Sans|600|||||||&#8221; header_3_line_height=&#8221;1.1em&#8221; custom_margin=&#8221;|0px|||false|false&#8221; custom_padding=&#8221;|0px||0px|false|false&#8221; hover_enabled=&#8221;0&#8243; global_colors_info=&#8221;{}&#8221; sticky_enabled=&#8221;0&#8243;]<\/p>\n<h3>Milj\u00f6m\u00e4rkningsintyg och \u00e5taganden<\/h3>\n<p>Produkterna p\u00e5 www.17verdensm\u00e5l.dk har valts ut f\u00f6r att vara de b\u00e4sta h\u00e5llbara l\u00f6sningarna p\u00e5 marknaden. Produkterna \u00e4r certifierade enligt m\u00e5nga av de viktigaste milj\u00f6m\u00e4rkningarna och -certifieringarna.<\/p>\n<p>Se de individuella produkternas h\u00e5llbarhet p\u00e5 deras respektive produktsidor.<\/p>\n<p>KLS PurePrint \u00e4ger webbutiken och har tillverkat de flesta utav produkterna. F\u00f6retaget fick Svanenm\u00e4rkning 1997 och 1999 sitt milj\u00f6ledningscertifikat ISO 14001. 2008 blev KLS PurePrint FSC\u00ae-certifierat (Forest Stewardship Council Certification) och 2009 blev f\u00f6retaget CO2-neutralt och fick sitt Climate Neutral-certifikat. 2015 blev KLS PurePrint Cradle to Cradle-certifierat som det andra tryckeriet i v\u00e4rlden.<\/p>\n<p><span style=\"font-size: 18px;\"><span>L\u00e4s mer p\u00e5 KLS PurePrints hemsida <\/span><a href=\"https:\/\/klspureprint.dk\/baeredygtighed\/\">h\u00e4r<\/a> eller tryck p\u00e5 den milj\u00f6m\u00e4rkning till h\u00f6ger som du vill veta mer om.<br \/><\/span><\/p>\n<p><span style=\"font-size: 18px;\"><\/span><\/p>\n<p>[\/et_pb_text][et_pb_button button_url=&#8221;https:\/\/klspureprint.dk\/baeredygtighed\/&#8221; url_new_window=&#8221;on&#8221; button_text=&#8221;L\u00e4s mer h\u00e4r&#8221; button_alignment=&#8221;center&#8221; _builder_version=&#8221;4.14.5&#8243; custom_button=&#8221;on&#8221; button_text_size=&#8221;18px&#8221; button_text_color=&#8221;#ffffff&#8221; button_bg_color=&#8221;#000a68&#8243; button_border_color=&#8221;rgba(0,0,0,0)&#8221; button_font=&#8221;Open Sans|600|||||||&#8221; button_use_icon=&#8221;off&#8221; custom_margin=&#8221;|90px||57px||&#8221; global_colors_info=&#8221;{}&#8221;][\/et_pb_button][\/et_pb_column][et_pb_column type=&#8221;1_4&#8243; _builder_version=&#8221;4.0.6&#8243; global_colors_info=&#8221;{}&#8221;][et_pb_image src=&#8221;https:\/\/www.xn--17verdensml-68a.dk\/wp-content\/uploads\/c2c-hvid-baggrund.png&#8221; title_text=&#8221;c2c &#8211; hvid baggrund&#8221; url=&#8221;https:\/\/vuggetilvugge.dk\/ydelser\/cradle-to-cradle-certificering\/&#8221; url_new_window=&#8221;on&#8221; _builder_version=&#8221;4.14.5&#8243; width=&#8221;65%&#8221; module_alignment=&#8221;center&#8221; min_height=&#8221;143px&#8221; custom_margin=&#8221;1px|0px|3px|0px|false|false&#8221; custom_padding=&#8221;|0px|0px|0px|false|false&#8221; global_colors_info=&#8221;{}&#8221;][\/et_pb_image][et_pb_image src=&#8221;https:\/\/www.xn--17verdensml-68a.dk\/wp-content\/uploads\/svane-hvid-baggrund.png&#8221; title_text=&#8221;svane &#8211; hvid baggrund&#8221; url=&#8221;https:\/\/www.ecolabel.dk\/da\/blomsten-og-svanen\/om-blomsten-og-svanen&#8221; url_new_window=&#8221;on&#8221; _builder_version=&#8221;4.14.5&#8243; width=&#8221;65%&#8221; module_alignment=&#8221;center&#8221; min_height=&#8221;144px&#8221; custom_margin=&#8221;40px|0px|5px|0px|false|false&#8221; custom_padding=&#8221;20px|0px|12px|0px|false|false&#8221; global_colors_info=&#8221;{}&#8221;][\/et_pb_image][et_pb_image src=&#8221;https:\/\/www.xn--17verdensml-68a.dk\/wp-content\/uploads\/GOTS-hvid-baggrund.png&#8221; title_text=&#8221;GOTS &#8211; hvid baggrund&#8221; url=&#8221;https:\/\/global-standard.org\/the-standard&#8221; _builder_version=&#8221;4.14.5&#8243; _module_preset=&#8221;default&#8221; width=&#8221;65%&#8221; module_alignment=&#8221;center&#8221; min_height=&#8221;155px&#8221; custom_margin=&#8221;45px|0px|15px|0px|false|false&#8221; custom_padding=&#8221;|0px|2px|0px|false|false&#8221; global_colors_info=&#8221;{}&#8221;][\/et_pb_image][\/et_pb_column][et_pb_column type=&#8221;1_4&#8243; _builder_version=&#8221;4.0.6&#8243; global_colors_info=&#8221;{}&#8221;][et_pb_image src=&#8221;https:\/\/www.xn--17verdensml-68a.dk\/wp-content\/uploads\/neutral-hvid-baggrund.png&#8221; title_text=&#8221;neutral &#8211; hvid baggrund&#8221; url=&#8221;@ET-DC@eyJkeW5hbWljIjp0cnVlLCJjb250ZW50IjoicG9zdF9saW5rX3VybF9hdHRhY2htZW50Iiwic2V0dGluZ3MiOnsicG9zdF9pZCI6IjM4ODgxIn19@&#8221; url_new_window=&#8221;on&#8221; _builder_version=&#8221;4.14.5&#8243; _dynamic_attributes=&#8221;url&#8221; width=&#8221;65%&#8221; module_alignment=&#8221;center&#8221; custom_margin=&#8221;-1px|0px|0px|0px|false|false&#8221; custom_padding=&#8221;|||0px|false|false&#8221; global_colors_info=&#8221;{}&#8221;][\/et_pb_image][et_pb_image src=&#8221;https:\/\/www.xn--17verdensml-68a.dk\/wp-content\/uploads\/fsc-hvid-baggrund.png&#8221; title_text=&#8221;fsc- hvid baggrund&#8221; url=&#8221;https:\/\/dk.fsc.org\/dk-dk\/hvad-er-fsc&#8221; url_new_window=&#8221;on&#8221; _builder_version=&#8221;4.14.5&#8243; width=&#8221;65%&#8221; module_alignment=&#8221;center&#8221; min_height=&#8221;150px&#8221; custom_margin=&#8221;14px||14px|0px|true|false&#8221; custom_padding=&#8221;45px|0px|45px|0px|true|false&#8221; global_colors_info=&#8221;{}&#8221;][\/et_pb_image][et_pb_image src=&#8221;https:\/\/www.xn--17verdensml-68a.dk\/wp-content\/uploads\/fairtrade-hvid-baggrund.png&#8221; title_text=&#8221;fairtrade &#8211; hvid baggrund&#8221; url=&#8221;https:\/\/fairtrade-maerket.dk\/&#8221; _builder_version=&#8221;4.14.5&#8243; _module_preset=&#8221;default&#8221; width=&#8221;65%&#8221; module_alignment=&#8221;center&#8221; custom_margin=&#8221;14px|0px|9px|0px|false|false&#8221; global_colors_info=&#8221;{}&#8221;][\/et_pb_image][\/et_pb_column][\/et_pb_row][\/et_pb_section]<\/p>\n","protected":false},"excerpt":{"rendered":"<p>Dokumenterad h\u00e5llbarhetMilj\u00f6m\u00e4rkningsintyg och \u00e5taganden Produkterna p\u00e5 www.17verdensm\u00e5l.dk har valts ut f\u00f6r att vara de b\u00e4sta h\u00e5llbara l\u00f6sningarna p\u00e5 marknaden. Produkterna \u00e4r certifierade enligt m\u00e5nga av de viktigaste milj\u00f6m\u00e4rkningarna och -certifieringarna. Se de individuella produkternas h\u00e5llbarhet p\u00e5 deras respektive produktsidor. KLS PurePrint \u00e4ger webbutiken och har tillverkat de flesta utav produkterna. F\u00f6retaget fick Svanenm\u00e4rkning 1997 och [&hellip;]<\/p>\n","protected":false},"author":2,"featured_media":0,"parent":0,"menu_order":0,"comment_status":"closed","ping_status":"closed","template":"","meta":{"_et_pb_use_builder":"on","_et_pb_old_content":"","_et_gb_content_width":"","footnotes":""},"class_list":["post-42387","page","type-page","status-publish","hentry"],"_links":{"self":[{"href":"https:\/\/www.xn--17verdensml-68a.dk\/sv\/wp-json\/wp\/v2\/pages\/42387","targetHints":{"allow":["GET"]}}],"collection":[{"href":"https:\/\/www.xn--17verdensml-68a.dk\/sv\/wp-json\/wp\/v2\/pages"}],"about":[{"href":"https:\/\/www.xn--17verdensml-68a.dk\/sv\/wp-json\/wp\/v2\/types\/page"}],"author":[{"embeddable":true,"href":"https:\/\/www.xn--17verdensml-68a.dk\/sv\/wp-json\/wp\/v2\/users\/2"}],"replies":[{"embeddable":true,"href":"https:\/\/www.xn--17verdensml-68a.dk\/sv\/wp-json\/wp\/v2\/comments?post=42387"}],"version-history":[{"count":3,"href":"https:\/\/www.xn--17verdensml-68a.dk\/sv\/wp-json\/wp\/v2\/pages\/42387\/revisions"}],"predecessor-version":[{"id":42864,"href":"https:\/\/www.xn--17verdensml-68a.dk\/sv\/wp-json\/wp\/v2\/pages\/42387\/revisions\/42864"}],"wp:attachment":[{"href":"https:\/\/www.xn--17verdensml-68a.dk\/sv\/wp-json\/wp\/v2\/media?parent=42387"}],"curies":[{"name":"wp","href":"https:\/\/api.w.org\/{rel}","templated":true}]}}