{"id":42385,"date":"2022-01-12T11:10:03","date_gmt":"2022-01-12T10:10:03","guid":{"rendered":"https:\/\/www.xn--17verdensml-68a.dk\/privatlivspolitik\/"},"modified":"2022-08-30T12:05:15","modified_gmt":"2022-08-30T10:05:15","slug":"sekretesspolicy","status":"publish","type":"page","link":"https:\/\/www.xn--17verdensml-68a.dk\/sv\/sekretesspolicy\/","title":{"rendered":"Sekretesspolicy"},"content":{"rendered":"<p>[et_pb_section fb_built=&#8221;1&#8243; admin_label=&#8221;Juice Categories Section&#8221; _builder_version=&#8221;4.16&#8243; module_alignment=&#8221;center&#8221; custom_margin=&#8221;-9px|0px|-1px|0px|false|false&#8221; custom_padding=&#8221;0px|0px|0px|0px||&#8221; global_colors_info=&#8221;{}&#8221;][et_pb_row _builder_version=&#8221;4.16&#8243; background_color=&#8221;#f4f4f4&#8243; module_alignment=&#8221;center&#8221; min_height=&#8221;145px&#8221; custom_margin=&#8221;|auto|42px|auto||&#8221; custom_padding=&#8221;||0px|||&#8221; global_colors_info=&#8221;{}&#8221;][et_pb_column type=&#8221;4_4&#8243; _builder_version=&#8221;4.16&#8243; global_colors_info=&#8221;{}&#8221;][et_pb_text _builder_version=&#8221;4.18.0&#8243; text_font=&#8221;|600||on|||||&#8221; text_text_color=&#8221;#000000&#8243; text_font_size=&#8221;30px&#8221; text_letter_spacing=&#8221;3px&#8221; background_color=&#8221;#f4f4f4&#8243; width=&#8221;100%&#8221; module_alignment=&#8221;center&#8221; custom_margin=&#8221;35px||3px|0px|false|false&#8221; custom_padding=&#8221;|0px||0px|false|false&#8221; hover_enabled=&#8221;0&#8243; global_colors_info=&#8221;{}&#8221; sticky_enabled=&#8221;0&#8243;]<\/p>\n<p style=\"text-align: center;\">Sekretesspolicy<\/p>\n<p>[\/et_pb_text][\/et_pb_column][\/et_pb_row][et_pb_row column_structure=&#8221;1_2,1_2&#8243; _builder_version=&#8221;4.16&#8243; _module_preset=&#8221;default&#8221; module_alignment=&#8221;center&#8221; custom_padding=&#8221;3px|||||&#8221; global_colors_info=&#8221;{}&#8221;][et_pb_column type=&#8221;1_2&#8243; _builder_version=&#8221;4.16&#8243; _module_preset=&#8221;default&#8221; global_colors_info=&#8221;{}&#8221;][et_pb_text _builder_version=&#8221;4.18.0&#8243; _module_preset=&#8221;default&#8221; hover_enabled=&#8221;0&#8243; global_colors_info=&#8221;{}&#8221; sticky_enabled=&#8221;0&#8243;]<\/p>\n<p>Hvidovre den 24:e maj 2018<\/p>\n<p>KLS PurePrint A\/S (KLS) behandlar personuppgifter och har d\u00e4rf\u00f6r antagit denna sekretesspolicy som kort ber\u00e4ttar f\u00f6r dig hur vi behandlar dina personuppgifter f\u00f6r att s\u00e4kra en r\u00e4ttvis och genomskinlig behandling. Genomg\u00e5ende f\u00f6r v\u00e5r databehandling \u00e4r att vi endast behandlar personuppgifter f\u00f6r best\u00e4mda \u00e4ndam\u00e5l och utifr\u00e5n ber\u00e4ttigade (legitima) intressen. Vi behandlar endast personuppgifter som \u00e4r relevanta f\u00f6r att uppfylla det angivna \u00e4ndam\u00e5let och vi raderar dina uppgifter n\u00e4r de inte l\u00e4ngre \u00e4r n\u00f6dv\u00e4ndiga.<\/p>\n<p><strong>Cookies<br \/><\/strong>F\u00f6r att utveckla och f\u00f6rb\u00e4ttra v\u00e5ra webbplatser och m\u00e4ta trafik p\u00e5 sidorna, samlar vi automatiskt in statistisk information i anonymiserad form fr\u00e5n anv\u00e4ndningen av v\u00e5r webbplats. En del av dessa uppgifter samlas in genom anv\u00e4ndning av cookies. En cookie \u00e4r en liten textfil som sparas i din dator, mobil eller motsvarande enhet i syfte att f\u00f6lja ditt bes\u00f6k och att k\u00e4nna igen din enhet n\u00e4r du bes\u00f6ker v\u00e5r webbplats. En cookie \u00e4r inte ett program och inneh\u00e5ller inte virus och sprider inte heller skadlig programvara.<\/p>\n<p>Vi anv\u00e4nder Google Analytics och Leadfeeder f\u00f6r webbstatistik. Google Analytics och Leadfeeder ger oss anonymiserad statistisk information om webbplatsens anv\u00e4ndare. Google Analytics och Leadfeeder behandlar IP-adresser och uppgifter fr\u00e5n cookies, s\u00e5 att vi vet hur m\u00e5nga visningar vi har av platsen, antalet anv\u00e4ndare, vilka webbl\u00e4sare anv\u00e4ndarna anv\u00e4nder och i vilket land, stad eller region som anv\u00e4ndarna befinner sig.<\/p>\n<p>Ibland b\u00e4ddar vi in bild- eller videoinneh\u00e5ll fr\u00e5n webbplatser som YouTube. D\u00e4rf\u00f6r kan du presenteras f\u00f6r cookies fr\u00e5n dessa webbsidor n\u00e4r du bes\u00f6ker en plats med inb\u00e4ddat inneh\u00e5ll. Vi kontrollerar inte spridningen av dessa cookies. Du b\u00f6r unders\u00f6ka den ber\u00f6rda tredje partens webbplats f\u00f6r mer information om deras anv\u00e4ndning av cookies.<\/p>\n<p>Det \u00e4r m\u00f6jligt att radera eller blockera cookies. Se anvisningar <a href=\"http:\/\/minecookies.org\/cookiehandtering\" target=\"_blank\" rel=\"noopener noreferrer\">h\u00e4r<\/a>.<\/p>\n<p><strong>Personuppgifter<br \/><\/strong>Personuppgifter \u00e4r alla typer av information som p\u00e5 n\u00e5got s\u00e4tt kan h\u00e4rledas till dig. N\u00e4r du anv\u00e4nder v\u00e5r webbplats, samlar vi (eller Google Analytics eller Leadfeeder) in och behandlar en rad s\u00e5dana uppgifter. Det sker till exempel genom att du klickar p\u00e5 n\u00e5got av webbplatsens inneh\u00e5ll, om du anm\u00e4ler dig till v\u00e5rt nyhetsbrev, g\u00f6r k\u00f6p via webbplatsen eller generellt anv\u00e4nder dig av v\u00e5r tj\u00e4nst.<\/p>\n<p>Fr\u00e5n v\u00e5r webbplats \u00e4r det normalt f\u00f6ljande slags uppgifter som samlas in och behandlas: Ett unikt ID och teknisk information om din dator, surfplatta eller mobiltelefon, ditt IP-nummer, geografiska placering samt vilka sidor du klickar p\u00e5.<\/p>\n<p>I den omfattning du sj\u00e4lv uttryckligen ger samtycke till det, behandlas dessutom: Namn, arbetsplats, befattning, telefonnummer, e-post, adress och anm\u00e4lningsdatum samt ev. betalningsuppgifter. Det sker normalt i samband med anm\u00e4lan till nyhetsbrev eller vid k\u00f6p.<\/p>\n<p>Normalt f\u00e5r vi uppgifterna direkt fr\u00e5n dig, men i vissa fall f\u00e5r vi \u00e4ven uppgifter fr\u00e5n samarbetspartner, t.ex. om ditt samtycke till deras marknadsf\u00f6ringsvillkor kan medf\u00f6ra anm\u00e4lan till v\u00e5rt nyhetsbrev.<\/p>\n<p>&nbsp;<\/p>\n<p>[\/et_pb_text][\/et_pb_column][et_pb_column type=&#8221;1_2&#8243; _builder_version=&#8221;4.16&#8243; _module_preset=&#8221;default&#8221; global_colors_info=&#8221;{}&#8221;][et_pb_text _builder_version=&#8221;4.16&#8243; _module_preset=&#8221;default&#8221; global_colors_info=&#8221;{}&#8221;]<\/p>\n<p><strong>Syfte<br \/><\/strong>Uppgifterna anv\u00e4nds som ett led i f\u00f6retagets aktiviteter f\u00f6r att identifiera dig, registrera dina ink\u00f6p och betalningar samt f\u00f6r att kunna leverera de tj\u00e4nster du har beg\u00e4rt, som exempelvis att skicka \u00f6ver nyhetsbrev. D\u00e4rut\u00f6ver anv\u00e4nder vi uppgifterna f\u00f6r att optimera v\u00e5ra tj\u00e4nster och v\u00e5rt inneh\u00e5ll.<\/p>\n<p>Vi vidaref\u00f6rmedlar inte personuppgifter till f\u00f6retag f\u00f6r marknadsf\u00f6ring.<\/p>\n<p><strong>Lagringsperiod<br \/><\/strong>Uppgifterna lagras under den tidsperiod som till\u00e5ts enligt lagstiftningen och vi raderar dem n\u00e4r de inte l\u00e4ngre \u00e4r n\u00f6dv\u00e4ndiga. Periodens l\u00e4ngd beror p\u00e5 uppgifternas karakt\u00e4r och bakgrunden f\u00f6r lagring. D\u00e4rf\u00f6r \u00e4r det inte m\u00f6jligt att ange en allm\u00e4n tidsram f\u00f6r n\u00e4r uppgifter raderas.<\/p>\n<p><strong>Vidaref\u00f6rmedling av uppgifter<br \/><\/strong>Data om din anv\u00e4ndning av v\u00e5r webbplats, geografiska placering, k\u00f6n och \u00e5lderssegment m.m. vidaref\u00f6rmedlas till tredje parter i den omfattning dessa uppgifter \u00e4r k\u00e4nda. Du kan se vilka tredje parter det handlar om i avsnittet &#8221;Cookies&#8221; ovan. Uppgifterna anv\u00e4nds f\u00f6r att optimera v\u00e5ra tj\u00e4nster och v\u00e5rt inneh\u00e5ll och f\u00f6r riktad reklam, om vi anv\u00e4nder oss av s\u00e5dan.<\/p>\n<p>Vi anv\u00e4nder d\u00e4rut\u00f6ver MailChimp f\u00f6r lagring och behandling av data i samband med utskick av v\u00e5ra nyhetsbrev. MailChimp behandlar uteslutande uppgifter p\u00e5 v\u00e5ra v\u00e4gnar och vi f\u00e5r inte anv\u00e4nda dem f\u00f6r egna \u00e4ndam\u00e5l. Vidaref\u00f6rmedling av personuppgifter sker endast om du ger ditt samtycke till anm\u00e4lan till nyhetsbrev fr\u00e5n KLS.<\/p>\n<p>Vi anv\u00e4nder endast personuppgiftsbitr\u00e4den i EU eller i l\u00e4nder som kan ge dina uppgifter ett tillr\u00e4ckligt skydd.<\/p>\n<p><strong>Insyn och klagom\u00e5l<br \/><\/strong>Du har r\u00e4tt att f\u00e5 information om vilka personuppgifter vi behandlar om dig. Du kan dessutom vid varje tidpunkt inv\u00e4nda mot att uppgifterna anv\u00e4nds. Du kan \u00e4ven n\u00e4r som helst \u00e5terkalla ditt samtycke till att dina uppgifter behandlas. Om de uppgifter som behandlas om dig \u00e4r felaktiga, har du r\u00e4tt att f\u00e5 dem r\u00e4ttade eller raderade. Du kan v\u00e4nda dig hit i fr\u00e5gor som r\u00f6r ovanst\u00e5ende: kls@kls.dk Om du har klagom\u00e5l som g\u00e4ller v\u00e5r behandling av dina personuppgifter har du \u00e4ven m\u00f6jlighet att ta kontakt med <a href=\"http:\/\/www.datatilsynet.dk\/\" target=\"_blank\" rel=\"noopener noreferrer\">Datatilsynet<\/a>.<\/p>\n<p><strong>Revidering av sekretesspolicyn<br \/><\/strong>Vi f\u00f6rbeh\u00e5ller oss r\u00e4tten att fr\u00e5n tid till annan g\u00f6ra \u00e4ndringar i denna sekretesspolicy. Vid \u00e4ndringar kommer datumet \u00f6verst i sekretesspolicyn att \u00e4ndras.<\/p>\n<p>Den vid varje tidpunkt g\u00e4llande sekretesspolicyn finns tillg\u00e4nglig p\u00e5 v\u00e5r webbplats.<\/p>\n<p><strong>Utgivare och personuppgiftsansvarig<br \/><\/strong>KLS PurePrint A\/S<br \/>Jernholmen 42A<br \/>2650 Hvidovre<br \/>Telefon: +45 36342900<br \/>E-mail: <em>kls@kls.dk<\/em><\/p>\n<p>[\/et_pb_text][\/et_pb_column][\/et_pb_row][\/et_pb_section]<\/p>\n","protected":false},"excerpt":{"rendered":"<p>SekretesspolicyHvidovre den 24:e maj 2018 KLS PurePrint A\/S (KLS) behandlar personuppgifter och har d\u00e4rf\u00f6r antagit denna sekretesspolicy som kort ber\u00e4ttar f\u00f6r dig hur vi behandlar dina personuppgifter f\u00f6r att s\u00e4kra en r\u00e4ttvis och genomskinlig behandling. Genomg\u00e5ende f\u00f6r v\u00e5r databehandling \u00e4r att vi endast behandlar personuppgifter f\u00f6r best\u00e4mda \u00e4ndam\u00e5l och utifr\u00e5n ber\u00e4ttigade (legitima) intressen. Vi behandlar [&hellip;]<\/p>\n","protected":false},"author":2,"featured_media":0,"parent":0,"menu_order":0,"comment_status":"closed","ping_status":"closed","template":"","meta":{"_et_pb_use_builder":"on","_et_pb_old_content":"","_et_gb_content_width":"","footnotes":""},"class_list":["post-42385","page","type-page","status-publish","hentry"],"_links":{"self":[{"href":"https:\/\/www.xn--17verdensml-68a.dk\/sv\/wp-json\/wp\/v2\/pages\/42385","targetHints":{"allow":["GET"]}}],"collection":[{"href":"https:\/\/www.xn--17verdensml-68a.dk\/sv\/wp-json\/wp\/v2\/pages"}],"about":[{"href":"https:\/\/www.xn--17verdensml-68a.dk\/sv\/wp-json\/wp\/v2\/types\/page"}],"author":[{"embeddable":true,"href":"https:\/\/www.xn--17verdensml-68a.dk\/sv\/wp-json\/wp\/v2\/users\/2"}],"replies":[{"embeddable":true,"href":"https:\/\/www.xn--17verdensml-68a.dk\/sv\/wp-json\/wp\/v2\/comments?post=42385"}],"version-history":[{"count":4,"href":"https:\/\/www.xn--17verdensml-68a.dk\/sv\/wp-json\/wp\/v2\/pages\/42385\/revisions"}],"predecessor-version":[{"id":43977,"href":"https:\/\/www.xn--17verdensml-68a.dk\/sv\/wp-json\/wp\/v2\/pages\/42385\/revisions\/43977"}],"wp:attachment":[{"href":"https:\/\/www.xn--17verdensml-68a.dk\/sv\/wp-json\/wp\/v2\/media?parent=42385"}],"curies":[{"name":"wp","href":"https:\/\/api.w.org\/{rel}","templated":true}]}}