{"id":42377,"date":"2022-01-19T10:54:59","date_gmt":"2022-01-19T09:54:59","guid":{"rendered":"https:\/\/www.xn--17verdensml-68a.dk\/om-17verdensmaal-dk\/"},"modified":"2022-10-18T13:30:08","modified_gmt":"2022-10-18T11:30:08","slug":"om-17verdensmaal-dk","status":"publish","type":"page","link":"https:\/\/www.xn--17verdensml-68a.dk\/sv\/om-17verdensmaal-dk\/","title":{"rendered":"Om 17verdensm\u00e5l.dk"},"content":{"rendered":"<p>[et_pb_section fb_built=&#8221;1&#8243; _builder_version=&#8221;4.14.5&#8243; _module_preset=&#8221;default&#8221; custom_padding=&#8221;0px|||||&#8221; global_colors_info=&#8221;{}&#8221;][et_pb_row _builder_version=&#8221;4.14.5&#8243; background_color=&#8221;#f4f4f4&#8243; module_alignment=&#8221;center&#8221; min_height=&#8221;145px&#8221; custom_margin=&#8221;|auto|42px|auto||&#8221; custom_padding=&#8221;||0px|||&#8221; global_colors_info=&#8221;{}&#8221;][et_pb_column type=&#8221;4_4&#8243; _builder_version=&#8221;4.0.6&#8243; global_colors_info=&#8221;{}&#8221;][et_pb_text _builder_version=&#8221;4.14.5&#8243; text_font=&#8221;|600||on|||||&#8221; text_text_color=&#8221;#000000&#8243; text_font_size=&#8221;30px&#8221; text_letter_spacing=&#8221;3px&#8221; background_color=&#8221;#f4f4f4&#8243; width=&#8221;100%&#8221; module_alignment=&#8221;center&#8221; custom_margin=&#8221;29px||3px|0px|false|false&#8221; custom_padding=&#8221;|0px||0px|false|false&#8221; global_colors_info=&#8221;{}&#8221;]<\/p>\n<p style=\"text-align: center;\">Om 17verdensm\u00e5l.dk<\/p>\n<p>[\/et_pb_text][\/et_pb_column][\/et_pb_row][et_pb_row column_structure=&#8221;1_2,1_2&#8243; _builder_version=&#8221;4.14.5&#8243; _module_preset=&#8221;default&#8221; module_alignment=&#8221;center&#8221; global_colors_info=&#8221;{}&#8221;][et_pb_column type=&#8221;1_2&#8243; _builder_version=&#8221;4.14.5&#8243; _module_preset=&#8221;default&#8221; global_colors_info=&#8221;{}&#8221;][et_pb_text _builder_version=&#8221;4.14.5&#8243; _module_preset=&#8221;default&#8221; hover_enabled=&#8221;0&#8243; global_colors_info=&#8221;{}&#8221; sticky_enabled=&#8221;0&#8243;]<\/p>\n<h3><strong>En webbutik fr\u00e5n KLS PurePrint<\/strong><\/h3>\n<p><span>17verdensm\u00e5l.dk drivs av KLS PurePrint. Vi har ett m\u00e5l om att vara v\u00e4rldens gr\u00f6naste tryckeri och \u00e4r d\u00e4rf\u00f6r bl.a. Cradle to Cradle-certifierade. Vi anv\u00e4nder FN:s globala m\u00e5l i v\u00e5rt arbete genom att hela tiden bli mer h\u00e5llbara och id\u00e9en till webbutiken uppstod n\u00e4r en av v\u00e5ra stora kunder fr\u00e5gade om vi kunde ta fram h\u00e5llbara material som kunde st\u00f6dja f\u00f6retagets arbete med de globala m\u00e5len, b\u00e5de internt i f\u00f6retaget och inf\u00f6r omv\u00e4rlden.<\/span><\/p>\n<p><span>Starten blev klossarna som tillverkas s\u00e5 h\u00e5llbart det \u00f6verhuvudtaget \u00e4r m\u00f6jligt. De \u00e4r Cradle to Cradle-certifierade, FSC-certifierade, komposterbara och de produceras CO2-neutralt. M\u00e5nga andra produkter har kommit till sedan dess. L\u00e4s mer om KLS PurePrint h\u00e4r.<\/span><\/p>\n<p>[\/et_pb_text][et_pb_text _builder_version=&#8221;4.14.5&#8243; _module_preset=&#8221;default&#8221; hover_enabled=&#8221;0&#8243; global_colors_info=&#8221;{}&#8221; sticky_enabled=&#8221;0&#8243;]<\/p>\n<h3><strong>Produkter med egen logga<\/strong><\/h3>\n<p><span>Flera av produkterna p\u00e5 17verdensm\u00e5l.dk kan tillverkas med ert f\u00f6retages egna logga om s\u00e5 \u00f6nskas. Tveka d\u00e4rf\u00f6r inte att kontakta oss med era \u00f6nskem\u00e5l.<\/span><\/p>\n<p>[\/et_pb_text][\/et_pb_column][et_pb_column type=&#8221;1_2&#8243; _builder_version=&#8221;4.14.5&#8243; _module_preset=&#8221;default&#8221; global_colors_info=&#8221;{}&#8221;][et_pb_text _builder_version=&#8221;4.14.5&#8243; _module_preset=&#8221;default&#8221; hover_enabled=&#8221;0&#8243; global_colors_info=&#8221;{}&#8221; sticky_enabled=&#8221;0&#8243;]<\/p>\n<h3>Gr\u00f6na produkter<\/h3>\n<p>Sj\u00e4lvklart ska produkter som illustrerar att ett f\u00f6retag arbetar med FN:s globala m\u00e5l vara h\u00e5llbara! D\u00e4rf\u00f6r \u00e4r produkterna p\u00e5 17verdensm\u00e5l.dk noggrant utvalda f\u00f6r att vara de mest h\u00e5llbara m\u00f6jligheterna inom den enskilda produktkategorin.<\/p>\n<p>Produkterna har valts ut och utvecklats f\u00f6r att st\u00e4rka f\u00f6retag, organisationer, kommuner med flera i deras arbete med de globala m\u00e5len och anv\u00e4nds ofta som blickf\u00e5ng vid m\u00f6ten, konferenser och evenemang. \u00c4ven skolor och utbildningsinstitutioner har gl\u00e4dje av materialet som bidrar till att \u00f6ka elevernas kunskaper till och insikter i FN:s globala m\u00e5l.\u00a0<\/p>\n<p>[\/et_pb_text][\/et_pb_column][\/et_pb_row][\/et_pb_section]<\/p>\n","protected":false},"excerpt":{"rendered":"<p>Om 17verdensm\u00e5l.dkEn webbutik fr\u00e5n KLS PurePrint 17verdensm\u00e5l.dk drivs av KLS PurePrint. Vi har ett m\u00e5l om att vara v\u00e4rldens gr\u00f6naste tryckeri och \u00e4r d\u00e4rf\u00f6r bl.a. Cradle to Cradle-certifierade. Vi anv\u00e4nder FN:s globala m\u00e5l i v\u00e5rt arbete genom att hela tiden bli mer h\u00e5llbara och id\u00e9en till webbutiken uppstod n\u00e4r en av v\u00e5ra stora kunder fr\u00e5gade [&hellip;]<\/p>\n","protected":false},"author":2,"featured_media":0,"parent":0,"menu_order":0,"comment_status":"closed","ping_status":"closed","template":"","meta":{"_et_pb_use_builder":"on","_et_pb_old_content":"","_et_gb_content_width":"","footnotes":""},"class_list":["post-42377","page","type-page","status-publish","hentry"],"_links":{"self":[{"href":"https:\/\/www.xn--17verdensml-68a.dk\/sv\/wp-json\/wp\/v2\/pages\/42377","targetHints":{"allow":["GET"]}}],"collection":[{"href":"https:\/\/www.xn--17verdensml-68a.dk\/sv\/wp-json\/wp\/v2\/pages"}],"about":[{"href":"https:\/\/www.xn--17verdensml-68a.dk\/sv\/wp-json\/wp\/v2\/types\/page"}],"author":[{"embeddable":true,"href":"https:\/\/www.xn--17verdensml-68a.dk\/sv\/wp-json\/wp\/v2\/users\/2"}],"replies":[{"embeddable":true,"href":"https:\/\/www.xn--17verdensml-68a.dk\/sv\/wp-json\/wp\/v2\/comments?post=42377"}],"version-history":[{"count":6,"href":"https:\/\/www.xn--17verdensml-68a.dk\/sv\/wp-json\/wp\/v2\/pages\/42377\/revisions"}],"predecessor-version":[{"id":44419,"href":"https:\/\/www.xn--17verdensml-68a.dk\/sv\/wp-json\/wp\/v2\/pages\/42377\/revisions\/44419"}],"wp:attachment":[{"href":"https:\/\/www.xn--17verdensml-68a.dk\/sv\/wp-json\/wp\/v2\/media?parent=42377"}],"curies":[{"name":"wp","href":"https:\/\/api.w.org\/{rel}","templated":true}]}}