{"id":41939,"date":"2022-01-14T08:17:05","date_gmt":"2022-01-14T07:17:05","guid":{"rendered":"https:\/\/www.xn--17verdensml-68a.dk\/ny-webshop\/"},"modified":"2022-09-30T10:25:19","modified_gmt":"2022-09-30T08:25:19","slug":"ny-webshop","status":"publish","type":"page","link":"https:\/\/www.xn--17verdensml-68a.dk\/sv\/","title":{"rendered":"Ny webshop"},"content":{"rendered":"<p>[et_pb_section fb_built=&#8221;1&#8243; _builder_version=&#8221;4.16&#8243; width=&#8221;100%&#8221; max_width=&#8221;100%&#8221; module_alignment=&#8221;center&#8221; min_height=&#8221;379px&#8221; custom_margin=&#8221;||||false|false&#8221; custom_padding=&#8221;0px||0px||false|false&#8221; global_colors_info=&#8221;{}&#8221;][et_pb_row _builder_version=&#8221;4.16&#8243; module_alignment=&#8221;center&#8221; custom_margin=&#8221;|0px||0px|false|false&#8221; custom_padding=&#8221;1px||5px|||&#8221; global_colors_info=&#8221;{}&#8221;][et_pb_column type=&#8221;4_4&#8243; _builder_version=&#8221;4.16&#8243; global_colors_info=&#8221;{}&#8221;][et_pb_slider show_image_video_mobile=&#8221;on&#8221; use_bg_overlay=&#8221;off&#8221; use_text_overlay=&#8221;off&#8221; arrows_custom_color=&#8221;#3ca51c&#8221; _builder_version=&#8221;4.16&#8243; header_level=&#8221;h3&#8243; header_font=&#8221;Roboto|700|||||||&#8221; header_font_size=&#8221;16px&#8221; header_line_height=&#8221;1.6em&#8221; body_font=&#8221;Roboto|700|||||||&#8221; body_font_size=&#8221;40px&#8221; body_line_height=&#8221;1.4em&#8221; background_color_gradient_direction=&#8221;90deg&#8221; custom_button=&#8221;on&#8221; button_text_size=&#8221;10px&#8221; button_text_color=&#8221;#ffffff&#8221; button_bg_color=&#8221;#0b9630&#8243; button_border_width=&#8221;10px&#8221; button_border_color=&#8221;rgba(0,0,0,0)&#8221; button_border_radius=&#8221;0px&#8221; button_letter_spacing=&#8221;4px&#8221; button_font=&#8221;Roboto|700||on|||||&#8221; button_use_icon=&#8221;off&#8221; text_orientation=&#8221;left&#8221; width=&#8221;100%&#8221; min_height=&#8221;317px&#8221; custom_margin=&#8221;0px||-2px||false|false&#8221; custom_padding=&#8221;65px|0px|140px||false|false&#8221; custom_padding_tablet=&#8221;65px|0px|140px||false|false&#8221; custom_padding_phone=&#8221;65px|25px|140px|25px|false|false&#8221; custom_padding_last_edited=&#8221;on|phone&#8221; auto=&#8221;on&#8221; body_font_size_tablet=&#8221;30px&#8221; body_font_size_phone=&#8221;24px&#8221; body_font_size_last_edited=&#8221;on|phone&#8221; border_radii_image=&#8221;off||||&#8221; locked=&#8221;off&#8221; global_colors_info=&#8221;{}&#8221;][et_pb_slide heading=&#8221;Till konferensen, matsalen eller klassrummet&#8221; button_text=&#8221;Hitta dem h\u00e4r&#8221; button_link=&#8221;\/sv\/klossar-med-de-globala-malen\/&#8221; image=&#8221;https:\/\/www.xn--17verdensml-68a.dk\/wp-content\/uploads\/FNs-17-verdensmaal_stabel_svensk_15-e1656490805701.png&#8221; _builder_version=&#8221;4.16&#8243; header_level=&#8221;h3&#8243; header_font=&#8221;Open Sans|700|||||||&#8221; header_font_size=&#8221;14px&#8221; body_font=&#8221;Open Sans|700|||||||&#8221; background_color=&#8221;#f4f4f4&#8243; background_enable_color=&#8221;on&#8221; background_enable_image=&#8221;off&#8221; custom_button=&#8221;on&#8221; button_use_icon=&#8221;off&#8221; background_layout=&#8221;light&#8221; locked=&#8221;off&#8221; global_colors_info=&#8221;{}&#8221; sticky_transition=&#8221;on&#8221;]<\/p>\n<p>Klossar med de globala m\u00e5len<\/p>\n<p>[\/et_pb_slide][et_pb_slide heading=&#8221;Efterfr\u00e5gad produkt!&#8221; button_text=&#8221;Hitta dem h\u00e4r&#8221; button_link=&#8221;\/sv\/bollar-med-de-globala-malen\/&#8221; image=&#8221;https:\/\/www.xn--17verdensml-68a.dk\/wp-content\/uploads\/bold-stor-gra\u030a-baggrund.png&#8221; _builder_version=&#8221;4.16&#8243; header_font=&#8221;Open Sans|700|||||||&#8221; header_font_size=&#8221;14px&#8221; body_font=&#8221;Open Sans|700|||||||&#8221; background_color=&#8221;#f4f4f4&#8243; background_enable_color=&#8221;on&#8221; background_enable_image=&#8221;off&#8221; custom_button=&#8221;on&#8221; background_layout=&#8221;light&#8221; locked=&#8221;off&#8221; global_colors_info=&#8221;{}&#8221; sticky_transition=&#8221;on&#8221;]<\/p>\n<p>Bollar med de globala m\u00e5len<\/p>\n<p>[\/et_pb_slide][\/et_pb_slider][\/et_pb_column][\/et_pb_row][\/et_pb_section][et_pb_section fb_built=&#8221;1&#8243; admin_label=&#8221;Juice Categories Section&#8221; _builder_version=&#8221;4.16&#8243; module_alignment=&#8221;center&#8221; custom_margin=&#8221;-9px|0px|-1px|0px|false|false&#8221; custom_padding=&#8221;0px|0px|5px|0px||&#8221; global_colors_info=&#8221;{}&#8221;][et_pb_row column_structure=&#8221;1_2,1_2&#8243; make_equal=&#8221;on&#8221; _builder_version=&#8221;4.18.0&#8243; module_alignment=&#8221;center&#8221; custom_margin=&#8221;|0px||0px|false|false&#8221; custom_padding=&#8221;5%||5%||true|false&#8221; global_colors_info=&#8221;{}&#8221;][et_pb_column type=&#8221;1_2&#8243; _builder_version=&#8221;4.18.0&#8243; background_color=&#8221;#f4f4f4&#8243; global_colors_info=&#8221;{}&#8221;][et_pb_blurb title=&#8221;Klossar med de globala m\u00e5len&#8221; url=&#8221;\/sv\/klossar-med-de-globala-malen\/&#8221; image=&#8221;https:\/\/www.xn--17verdensml-68a.dk\/wp-content\/uploads\/FNs-17-verdensmaal_stabel_svensk_15-e1656490805701.png&#8221; admin_label=&#8221;Juice Type&#8221; _builder_version=&#8221;4.18.0&#8243; header_font=&#8221;Oswald|||on|||||&#8221; header_text_align=&#8221;center&#8221; header_font_size=&#8221;20px&#8221; header_letter_spacing=&#8221;2px&#8221; header_line_height=&#8221;1.4em&#8221; body_font=&#8221;Open Sans|600|||||||&#8221; body_text_align=&#8221;center&#8221; body_font_size=&#8221;16px&#8221; body_line_height=&#8221;1.8em&#8221; background_enable_color=&#8221;off&#8221; min_height=&#8221;353px&#8221; custom_margin=&#8221;|-1px|54px|||&#8221; custom_padding=&#8221;0px||0px|||&#8221; link_option_url=&#8221;\/sv\/klossar-med-de-globala-malen\/&#8221; global_colors_info=&#8221;{}&#8221;]<\/p>\n<p style=\"text-align: center;\">\u00a0 Om ni arbetar med de globala m\u00e5len \u2013 i f\u00f6retaget eller vid ett evenemang. Hitta de popul\u00e4ra klossarna med de globala m\u00e5len h\u00e4r.<\/p>\n<p>[\/et_pb_blurb][\/et_pb_column][et_pb_column type=&#8221;1_2&#8243; _builder_version=&#8221;4.18.0&#8243; _module_preset=&#8221;default&#8221; background_color=&#8221;#f4f4f4&#8243; global_colors_info=&#8221;{}&#8221;][et_pb_blurb title=&#8221;Alla produkter&#8221; url=&#8221;\/sv\/alla-produkter\/&#8221; image=&#8221;https:\/\/www.xn--17verdensml-68a.dk\/wp-content\/uploads\/plakat_17_se-1.png&#8221; admin_label=&#8221;Juice Type&#8221; _builder_version=&#8221;4.18.0&#8243; header_font=&#8221;Oswald|||on|||||&#8221; header_text_align=&#8221;center&#8221; header_font_size=&#8221;20px&#8221; header_letter_spacing=&#8221;2px&#8221; header_line_height=&#8221;1.4em&#8221; body_font=&#8221;Open Sans|600|||||||&#8221; body_text_align=&#8221;center&#8221; body_font_size=&#8221;16px&#8221; body_line_height=&#8221;1.8em&#8221; background_enable_color=&#8221;off&#8221; min_height=&#8221;353px&#8221; custom_margin=&#8221;|-1px|54px|||&#8221; custom_padding=&#8221;0px||0px|||&#8221; link_option_url=&#8221;\/sv\/alla-produkter\/&#8221; hover_enabled=&#8221;0&#8243; global_colors_info=&#8221;{}&#8221; sticky_enabled=&#8221;0&#8243;]<\/p>\n<p><span><\/span><span>Hitta produkter som kan inspirera och ge ny kunskap f\u00f6r arbetet med FN:s globala m\u00e5l h\u00e4r.<br \/><\/span><\/p>\n<p>&nbsp;<\/p>\n<p>[\/et_pb_blurb][\/et_pb_column][\/et_pb_row][\/et_pb_section][et_pb_section fb_built=&#8221;1&#8243; _builder_version=&#8221;4.16&#8243; background_image=&#8221;https:\/\/www.xn--17verdensml-68a.dk\/wp-content\/uploads\/FN-Verdensmaal-plakat-RGB-se-1.png&#8221; parallax=&#8221;on&#8221; parallax_method=&#8221;off&#8221; module_alignment=&#8221;center&#8221; min_height=&#8221;151px&#8221; custom_margin=&#8221;|0px|7px|0px|false|false&#8221; custom_padding=&#8221;18.9%|0px|0.3%|0px|false|false&#8221; global_colors_info=&#8221;{}&#8221;][\/et_pb_section][et_pb_section fb_built=&#8221;1&#8243; _builder_version=&#8221;4.16&#8243; module_alignment=&#8221;center&#8221; custom_margin=&#8221;-9px|0px||0px|false|false&#8221; custom_padding=&#8221;1px|2px|0px|2px||&#8221; global_colors_info=&#8221;{}&#8221;][et_pb_row custom_padding_last_edited=&#8221;on|phone&#8221; _builder_version=&#8221;4.16&#8243; width=&#8221;100%&#8221; module_alignment=&#8221;center&#8221; custom_margin=&#8221;|0px||auto|false|false&#8221; custom_padding=&#8221;||0px|||&#8221; custom_padding_tablet=&#8221;||0px|||&#8221; custom_padding_phone=&#8221;|10%||10%|false|false&#8221; global_colors_info=&#8221;{}&#8221;][et_pb_column type=&#8221;4_4&#8243; _builder_version=&#8221;4.16&#8243; global_colors_info=&#8221;{}&#8221;][et_pb_text _builder_version=&#8221;4.16&#8243; text_font=&#8221;|600||on|||||&#8221; text_text_color=&#8221;#000000&#8243; text_font_size=&#8221;30px&#8221; global_colors_info=&#8221;{}&#8221;]<\/p>\n<p style=\"text-align: center;\">Popul\u00e4ra produkter<\/p>\n<p>[\/et_pb_text][et_pb_shop type=&#8221;product_category&#8221; posts_number=&#8221;3&#8243; include_categories=&#8221;294,287,289&#8243; columns_number=&#8221;3&#8243; offset_number=&#8221;4&#8243; _builder_version=&#8221;4.16&#8243; background_color=&#8221;rgba(0,0,0,0)&#8221; width=&#8221;100%&#8221; module_alignment=&#8221;center&#8221; custom_margin=&#8221;|0px||0px|false|false&#8221; module_alignment_tablet=&#8221;center&#8221; module_alignment_phone=&#8221;center&#8221; module_alignment_last_edited=&#8221;on|desktop&#8221; global_colors_info=&#8221;{}&#8221;][\/et_pb_shop][\/et_pb_column][\/et_pb_row][\/et_pb_section][et_pb_section fb_built=&#8221;1&#8243; _builder_version=&#8221;4.16&#8243; background_enable_image=&#8221;off&#8221; background_position=&#8221;bottom_center&#8221; module_alignment=&#8221;center&#8221; min_height=&#8221;337px&#8221; custom_margin=&#8221;|0px||0px|false|false&#8221; custom_padding=&#8221;0px|0px|0px|0px||&#8221; global_colors_info=&#8221;{}&#8221;][et_pb_row column_structure=&#8221;1_2,1_2&#8243; admin_label=&#8221;CTA Row&#8221; _builder_version=&#8221;4.18.0&#8243; module_alignment=&#8221;center&#8221; min_height=&#8221;355px&#8221; custom_margin=&#8221;|140px||auto|false|false&#8221; custom_padding=&#8221;||||false|false&#8221; global_colors_info=&#8221;{}&#8221;][et_pb_column type=&#8221;1_2&#8243; _builder_version=&#8221;4.16&#8243; custom_padding=&#8221;|||&#8221; global_colors_info=&#8221;{}&#8221; custom_padding__hover=&#8221;|||&#8221;][et_pb_cta title=&#8221;Vem \u00e4r KLS pureprint?&#8221; button_url=&#8221;\/sv\/vem-ar-kls-pureprint\/&#8221; button_text=&#8221;L\u00e4s mer h\u00e4r&#8221; admin_label=&#8221;Tittle, Paragraph &#038; Call To Action&#8221; _builder_version=&#8221;4.16&#8243; header_font=&#8221;Oswald|||on|||||&#8221; header_font_size=&#8221;18px&#8221; header_letter_spacing=&#8221;3px&#8221; header_line_height=&#8221;1.4em&#8221; body_font=&#8221;Open Sans|600|||||||&#8221; body_font_size=&#8221;16px&#8221; body_line_height=&#8221;1.8em&#8221; background_color=&#8221;#f4f4f4&#8243; custom_button=&#8221;on&#8221; button_text_size=&#8221;10px&#8221; button_text_color=&#8221;#ffffff&#8221; button_bg_color=&#8221;#000a68&#8243; button_border_width=&#8221;10px&#8221; button_border_color=&#8221;#000a68&#8243; button_border_radius=&#8221;0px&#8221; button_letter_spacing=&#8221;2px&#8221; button_font=&#8221;Open Sans|700||on|||||&#8221; button_use_icon=&#8221;off&#8221; button_alignment=&#8221;left&#8221; text_orientation=&#8221;left&#8221; background_layout=&#8221;light&#8221; min_height=&#8221;266px&#8221; custom_margin=&#8221;-1px||15px|||&#8221; custom_margin_tablet=&#8221;0px|||&#8221; custom_margin_phone=&#8221;&#8221; custom_margin_last_edited=&#8221;on|tablet&#8221; custom_padding=&#8221;||28px|||&#8221; button_text_color_hover=&#8221;#ffffff&#8221; button_border_color_hover=&#8221;rgba(0,0,0,0)&#8221; button_border_radius_hover=&#8221;28px&#8221; button_letter_spacing_hover=&#8221;2px&#8221; button_bg_color_hover=&#8221;rgba(0,0,0,0.7)&#8221; global_colors_info=&#8221;{}&#8221; button_text_size__hover_enabled=&#8221;off&#8221; button_one_text_size__hover_enabled=&#8221;off&#8221; button_two_text_size__hover_enabled=&#8221;off&#8221; button_text_color__hover_enabled=&#8221;on|hover&#8221; button_text_color__hover=&#8221;#ffffff&#8221; button_one_text_color__hover_enabled=&#8221;off&#8221; button_two_text_color__hover_enabled=&#8221;off&#8221; button_border_width__hover_enabled=&#8221;off&#8221; button_one_border_width__hover_enabled=&#8221;off&#8221; button_two_border_width__hover_enabled=&#8221;off&#8221; button_border_color__hover_enabled=&#8221;on|desktop&#8221; button_border_color__hover=&#8221;rgba(0,0,0,0)&#8221; button_one_border_color__hover_enabled=&#8221;off&#8221; button_two_border_color__hover_enabled=&#8221;off&#8221; button_border_radius__hover_enabled=&#8221;on|desktop&#8221; button_border_radius__hover=&#8221;0px&#8221; button_one_border_radius__hover_enabled=&#8221;off&#8221; button_two_border_radius__hover_enabled=&#8221;off&#8221; button_letter_spacing__hover_enabled=&#8221;on|hover&#8221; button_letter_spacing__hover=&#8221;2px&#8221; button_one_letter_spacing__hover_enabled=&#8221;off&#8221; button_two_letter_spacing__hover_enabled=&#8221;off&#8221; button_bg_color__hover_enabled=&#8221;on|desktop&#8221; button_bg_color__hover=&#8221;rgba(0,0,0,0.7)&#8221; button_one_bg_color__hover_enabled=&#8221;off&#8221; button_two_bg_color__hover_enabled=&#8221;off&#8221;]<\/p>\n<p class=\"x_MsoNormal\">17Verdensm\u00e5l.dk har utvecklats av KLS PurePrint som 2015 certifierades av Cradle to Cradle som det andra tryckeriet i v\u00e4rlden och som bland annat d\u00e4rf\u00f6r \u00e4r ett av v\u00e4rldens gr\u00f6naste tryckerier.<\/p>\n<p>[\/et_pb_cta][\/et_pb_column][et_pb_column type=&#8221;1_2&#8243; _builder_version=&#8221;4.16&#8243; custom_padding=&#8221;|||&#8221; global_colors_info=&#8221;{}&#8221; custom_padding__hover=&#8221;|||&#8221;][et_pb_cta title=&#8221;Dokumenterad h\u00e5llbarhet&#8221; button_url=&#8221;\/sv\/dokumenterad-hallbarhet\/&#8221; button_text=&#8221;L\u00e4s mer h\u00e4r&#8221; admin_label=&#8221;Tittle, Paragraph &#038; Call To Action&#8221; _builder_version=&#8221;4.16&#8243; header_font=&#8221;Oswald|||on|||||&#8221; header_font_size=&#8221;18px&#8221; header_letter_spacing=&#8221;3px&#8221; header_line_height=&#8221;1.4em&#8221; body_font=&#8221;Open Sans|600|||||||&#8221; body_font_size=&#8221;16px&#8221; body_line_height=&#8221;1.8em&#8221; background_color=&#8221;#f4f4f4&#8243; custom_button=&#8221;on&#8221; button_text_size=&#8221;10px&#8221; button_text_color=&#8221;#ffffff&#8221; button_bg_color=&#8221;#000a68&#8243; button_border_width=&#8221;10px&#8221; button_border_color=&#8221;#000a68&#8243; button_border_radius=&#8221;0px&#8221; button_letter_spacing=&#8221;2px&#8221; button_font=&#8221;Open Sans|700||on|||||&#8221; button_use_icon=&#8221;off&#8221; button_alignment=&#8221;left&#8221; text_orientation=&#8221;left&#8221; background_layout=&#8221;light&#8221; custom_margin=&#8221;-1px|||||&#8221; custom_margin_tablet=&#8221;0px|||&#8221; custom_margin_phone=&#8221;&#8221; custom_margin_last_edited=&#8221;on|tablet&#8221; button_text_color_hover=&#8221;#ffffff&#8221; button_border_color_hover=&#8221;rgba(0,0,0,0)&#8221; button_border_radius_hover=&#8221;28px&#8221; button_letter_spacing_hover=&#8221;2px&#8221; button_bg_color_hover=&#8221;rgba(0,0,0,0.7)&#8221; global_colors_info=&#8221;{}&#8221; button_text_size__hover_enabled=&#8221;off&#8221; button_one_text_size__hover_enabled=&#8221;off&#8221; button_two_text_size__hover_enabled=&#8221;off&#8221; button_text_color__hover_enabled=&#8221;on|hover&#8221; button_text_color__hover=&#8221;#ffffff&#8221; button_one_text_color__hover_enabled=&#8221;off&#8221; button_two_text_color__hover_enabled=&#8221;off&#8221; button_border_width__hover_enabled=&#8221;off&#8221; button_one_border_width__hover_enabled=&#8221;off&#8221; button_two_border_width__hover_enabled=&#8221;off&#8221; button_border_color__hover_enabled=&#8221;on|desktop&#8221; button_border_color__hover=&#8221;rgba(0,0,0,0)&#8221; button_one_border_color__hover_enabled=&#8221;off&#8221; button_two_border_color__hover_enabled=&#8221;off&#8221; button_border_radius__hover_enabled=&#8221;on|desktop&#8221; button_border_radius__hover=&#8221;0px&#8221; button_one_border_radius__hover_enabled=&#8221;off&#8221; button_two_border_radius__hover_enabled=&#8221;off&#8221; button_letter_spacing__hover_enabled=&#8221;on|hover&#8221; button_letter_spacing__hover=&#8221;2px&#8221; button_one_letter_spacing__hover_enabled=&#8221;off&#8221; button_two_letter_spacing__hover_enabled=&#8221;off&#8221; button_bg_color__hover_enabled=&#8221;on|desktop&#8221; button_bg_color__hover=&#8221;rgba(0,0,0,0.7)&#8221; button_one_bg_color__hover_enabled=&#8221;off&#8221; button_two_bg_color__hover_enabled=&#8221;off&#8221;]<\/p>\n<p><img decoding=\"async\" src=\"https:\/\/www.xn--17verdensml-68a.dk\/wp-content\/uploads\/C2C-MARKEDSF\u00d8RING-375x379.png\" alt=\"\" class=\"wp-image-39776 alignnone size-medium\" style=\"float: right;\" width=\"90\" height=\"91\" srcset=\"https:\/\/www.xn--17verdensml-68a.dk\/wp-content\/uploads\/C2C-MARKEDSF\u00d8RING-375x379.png 375w, https:\/\/www.xn--17verdensml-68a.dk\/wp-content\/uploads\/C2C-MARKEDSF\u00d8RING-500x500.png 500w, https:\/\/www.xn--17verdensml-68a.dk\/wp-content\/uploads\/C2C-MARKEDSF\u00d8RING-100x100.png 100w, https:\/\/www.xn--17verdensml-68a.dk\/wp-content\/uploads\/C2C-MARKEDSF\u00d8RING-600x606.png 600w, https:\/\/www.xn--17verdensml-68a.dk\/wp-content\/uploads\/C2C-MARKEDSF\u00d8RING-650x656.png 650w, https:\/\/www.xn--17verdensml-68a.dk\/wp-content\/uploads\/C2C-MARKEDSF\u00d8RING-150x150.png 150w, https:\/\/www.xn--17verdensml-68a.dk\/wp-content\/uploads\/C2C-MARKEDSF\u00d8RING-768x775.png 768w, https:\/\/www.xn--17verdensml-68a.dk\/wp-content\/uploads\/C2C-MARKEDSF\u00d8RING-480x485.png 480w, https:\/\/www.xn--17verdensml-68a.dk\/wp-content\/uploads\/C2C-MARKEDSF\u00d8RING-300x300.png 300w, https:\/\/www.xn--17verdensml-68a.dk\/wp-content\/uploads\/C2C-MARKEDSF\u00d8RING.png 834w\" sizes=\"(max-width: 90px) 100vw, 90px\" \/>Flera av produkterna i de 17 globala m\u00e5len \u00e4r dokumenterat h\u00e5llbara, men vad inneb\u00e4r det? L\u00e4r dig om de olika milj\u00f6m\u00e4rkningarna h\u00e4r.<\/p>\n<p>[\/et_pb_cta][\/et_pb_column][\/et_pb_row][\/et_pb_section]<\/p>\n","protected":false},"excerpt":{"rendered":"<p>Klossar med de globala m\u00e5lenBollar med de globala m\u00e5len\u00a0 Om ni arbetar med de globala m\u00e5len \u2013 i f\u00f6retaget eller vid ett evenemang. Hitta de popul\u00e4ra klossarna med de globala m\u00e5len h\u00e4r.Hitta produkter som kan inspirera och ge ny kunskap f\u00f6r arbetet med FN:s globala m\u00e5l h\u00e4r. &nbsp;Popul\u00e4ra produkter17Verdensm\u00e5l.dk har utvecklats av KLS PurePrint som [&hellip;]<\/p>\n","protected":false},"author":2,"featured_media":0,"parent":0,"menu_order":0,"comment_status":"closed","ping_status":"closed","template":"","meta":{"_et_pb_use_builder":"on","_et_pb_old_content":"","_et_gb_content_width":"","footnotes":""},"class_list":["post-41939","page","type-page","status-publish","hentry"],"_links":{"self":[{"href":"https:\/\/www.xn--17verdensml-68a.dk\/sv\/wp-json\/wp\/v2\/pages\/41939","targetHints":{"allow":["GET"]}}],"collection":[{"href":"https:\/\/www.xn--17verdensml-68a.dk\/sv\/wp-json\/wp\/v2\/pages"}],"about":[{"href":"https:\/\/www.xn--17verdensml-68a.dk\/sv\/wp-json\/wp\/v2\/types\/page"}],"author":[{"embeddable":true,"href":"https:\/\/www.xn--17verdensml-68a.dk\/sv\/wp-json\/wp\/v2\/users\/2"}],"replies":[{"embeddable":true,"href":"https:\/\/www.xn--17verdensml-68a.dk\/sv\/wp-json\/wp\/v2\/comments?post=41939"}],"version-history":[{"count":20,"href":"https:\/\/www.xn--17verdensml-68a.dk\/sv\/wp-json\/wp\/v2\/pages\/41939\/revisions"}],"predecessor-version":[{"id":44324,"href":"https:\/\/www.xn--17verdensml-68a.dk\/sv\/wp-json\/wp\/v2\/pages\/41939\/revisions\/44324"}],"wp:attachment":[{"href":"https:\/\/www.xn--17verdensml-68a.dk\/sv\/wp-json\/wp\/v2\/media?parent=41939"}],"curies":[{"name":"wp","href":"https:\/\/api.w.org\/{rel}","templated":true}]}}