{"id":45130,"date":"2022-01-21T13:53:31","date_gmt":"2022-01-21T12:53:31","guid":{"rendered":"https:\/\/www.xn--17verdensml-68a.dk\/vare\/boldpumpe\/"},"modified":"2024-12-17T13:30:40","modified_gmt":"2024-12-17T12:30:40","slug":"ballpumpe","status":"publish","type":"product","link":"https:\/\/www.xn--17verdensml-68a.dk\/nb\/vare\/ballpumpe\/","title":{"rendered":"Ballpumpe"},"content":{"rendered":"<p>B\u00e6rekraftsm\u00e5l-ballene sendes ikke oppbl\u00e5st, og derfor kan det v\u00e6re lurt \u00e5 kj\u00f8pe en ballpumpe sammen med dem. Fakta om pumpen:<\/p>\n<ul>\n<li>Kan enkelt tas fra hverandre<\/li>\n<li>4 pumpespisser<\/li>\n<li>Kan oppbevares til vedlikehold av ballene<\/li>\n<\/ul>\n<p>Pumpen er liten, noe som gj\u00f8r det enkelt \u00e5 ta den med hvis b\u00e6rekraftsm\u00e5l-ballene skal transporteres og f\u00f8rst bl\u00e5ses opp i f.eks. konferanselokaler.<\/p>\n","protected":false},"excerpt":{"rendered":"<p>Pumpe til b\u00e6rekraftsm\u00e5l-ballene<\/p>\n","protected":false},"featured_media":41528,"template":"","meta":{"_et_pb_use_builder":"","_et_pb_old_content":"","_et_gb_content_width":""},"product_brand":[],"product_cat":[339],"product_tag":[],"class_list":{"0":"post-45130","1":"product","2":"type-product","3":"status-publish","4":"has-post-thumbnail","6":"product_cat-bold-nb","7":"product_shipping_class-gls-nb","9":"first","10":"instock","11":"taxable","12":"shipping-taxable","13":"purchasable","14":"product-type-simple"},"tiered_pricing_type":"fixed","tiered_pricing_fixed_rules":[],"tiered_pricing_product_settings":{"layout":"default","base_unit_name":{"singular":null,"plural":null},"default_variation":null},"tiered_pricing_minimum_quantity":null,"tiered_pricing_roles_data":[],"tiered_pricing_percentage_rules":[],"tiered_pricing_maximum_quantity":null,"tiered_pricing_quantity_step":null,"_links":{"self":[{"href":"https:\/\/www.xn--17verdensml-68a.dk\/nb\/wp-json\/wp\/v2\/product\/45130","targetHints":{"allow":["GET"]}}],"collection":[{"href":"https:\/\/www.xn--17verdensml-68a.dk\/nb\/wp-json\/wp\/v2\/product"}],"about":[{"href":"https:\/\/www.xn--17verdensml-68a.dk\/nb\/wp-json\/wp\/v2\/types\/product"}],"wp:featuredmedia":[{"embeddable":true,"href":"https:\/\/www.xn--17verdensml-68a.dk\/nb\/wp-json\/wp\/v2\/media\/41528"}],"wp:attachment":[{"href":"https:\/\/www.xn--17verdensml-68a.dk\/nb\/wp-json\/wp\/v2\/media?parent=45130"}],"wp:term":[{"taxonomy":"product_brand","embeddable":true,"href":"https:\/\/www.xn--17verdensml-68a.dk\/nb\/wp-json\/wp\/v2\/product_brand?post=45130"},{"taxonomy":"product_cat","embeddable":true,"href":"https:\/\/www.xn--17verdensml-68a.dk\/nb\/wp-json\/wp\/v2\/product_cat?post=45130"},{"taxonomy":"product_tag","embeddable":true,"href":"https:\/\/www.xn--17verdensml-68a.dk\/nb\/wp-json\/wp\/v2\/product_tag?post=45130"}],"curies":[{"name":"wp","href":"https:\/\/api.w.org\/{rel}","templated":true}]}}