{"id":45126,"date":"2022-01-06T14:11:10","date_gmt":"2022-01-06T13:11:10","guid":{"rendered":"https:\/\/www.xn--17verdensml-68a.dk\/vare\/baeredygtigt-indkoebsnet\/"},"modified":"2024-12-17T13:18:32","modified_gmt":"2024-12-17T12:18:32","slug":"baerekraftig-handlenett","status":"publish","type":"product","link":"https:\/\/www.xn--17verdensml-68a.dk\/nb\/vare\/baerekraftig-handlenett\/","title":{"rendered":"B\u00e6rekraftig handlenett"},"content":{"rendered":"<p>Vis at bedriften din jobber med FNs 17 b\u00e6rekraftsm\u00e5l med dette b\u00e6rekraftige handlenett produsert av Neutral i slitesterkt materiale. Fakta om handlenettet:<\/p>\n<ul>\n<li>100 % GOTS- og Fairtrade-sertifisert \u00f8kologisk bomull 210 g\/ m\u00b2<\/li>\n<li>B: 38 cm. x H: 42 cm<\/li>\n<li>Slitesterkt materiale<\/li>\n<\/ul>\n<p>Handlenettets slitesterke materiale betyr at det kan b\u00e6re ganske mange kilo. I tillegg m\u00e5ler bunnen hele 7 cm, noe som betyr at dette handlenettet rommer mer enn de fleste andre handlenett av bomull.<\/p>\n","protected":false},"excerpt":{"rendered":"<p>Vis at bedriften din jobber med FNs 17 b\u00e6rekraftsm\u00e5l med dette b\u00e6rekraftige handlenett produsert av Neutral i slitesterkt materiale. Fakta om handlenettet: 100 % GOTS- og Fairtrade-sertifisert \u00f8kologisk bomull 210 g\/ m\u00b2 B: 38 cm. x H: 42 cm Slitesterkt materiale Handlenettets slitesterke materiale betyr at det kan b\u00e6re ganske mange kilo. I tillegg m\u00e5ler [&hellip;]<\/p>\n","protected":false},"featured_media":41468,"template":"","meta":{"_et_pb_use_builder":"","_et_pb_old_content":"","_et_gb_content_width":""},"product_brand":[],"product_cat":[343],"product_tag":[],"class_list":{"0":"post-45126","1":"product","2":"type-product","3":"status-publish","4":"has-post-thumbnail","6":"product_cat-baerepose-nb","7":"product_shipping_class-gls-nb","9":"first","10":"instock","11":"taxable","12":"shipping-taxable","13":"purchasable","14":"product-type-simple"},"tiered_pricing_type":"fixed","tiered_pricing_fixed_rules":{"5":"124","10":"114","25":"104"},"tiered_pricing_product_settings":{"layout":"default","base_unit_name":{"singular":null,"plural":null},"default_variation":null},"tiered_pricing_minimum_quantity":null,"tiered_pricing_roles_data":[],"tiered_pricing_percentage_rules":[],"tiered_pricing_maximum_quantity":null,"tiered_pricing_quantity_step":null,"_links":{"self":[{"href":"https:\/\/www.xn--17verdensml-68a.dk\/nb\/wp-json\/wp\/v2\/product\/45126","targetHints":{"allow":["GET"]}}],"collection":[{"href":"https:\/\/www.xn--17verdensml-68a.dk\/nb\/wp-json\/wp\/v2\/product"}],"about":[{"href":"https:\/\/www.xn--17verdensml-68a.dk\/nb\/wp-json\/wp\/v2\/types\/product"}],"wp:featuredmedia":[{"embeddable":true,"href":"https:\/\/www.xn--17verdensml-68a.dk\/nb\/wp-json\/wp\/v2\/media\/41468"}],"wp:attachment":[{"href":"https:\/\/www.xn--17verdensml-68a.dk\/nb\/wp-json\/wp\/v2\/media?parent=45126"}],"wp:term":[{"taxonomy":"product_brand","embeddable":true,"href":"https:\/\/www.xn--17verdensml-68a.dk\/nb\/wp-json\/wp\/v2\/product_brand?post=45126"},{"taxonomy":"product_cat","embeddable":true,"href":"https:\/\/www.xn--17verdensml-68a.dk\/nb\/wp-json\/wp\/v2\/product_cat?post=45126"},{"taxonomy":"product_tag","embeddable":true,"href":"https:\/\/www.xn--17verdensml-68a.dk\/nb\/wp-json\/wp\/v2\/product_tag?post=45126"}],"curies":[{"name":"wp","href":"https:\/\/api.w.org\/{rel}","templated":true}]}}