{"id":45124,"date":"2022-01-06T13:59:46","date_gmt":"2022-01-06T12:59:46","guid":{"rendered":"https:\/\/www.xn--17verdensml-68a.dk\/vare\/baeredygtig-kaffekop\/"},"modified":"2024-12-17T13:12:39","modified_gmt":"2024-12-17T12:12:39","slug":"baerekraftig-kaffekopp","status":"publish","type":"product","link":"https:\/\/www.xn--17verdensml-68a.dk\/nb\/vare\/baerekraftig-kaffekopp\/","title":{"rendered":"B\u00e6rekraftig kaffekopp"},"content":{"rendered":"<p>B\u00e6rekraftig kaffekopp lagd av sukkerr\u00f8r og kaffegrut! Finnes det en bedre m\u00e5te \u00e5 vise at bedriften fokuserer p\u00e5 FNs 17 b\u00e6rekraftsm\u00e5l p\u00e5? Fakta om kaffekoppen:<\/p>\n<ul>\n<li>Koppen er 70 mm h\u00f8y<\/li>\n<li>Lagd av kaffegrut og sukkerr\u00f8r<\/li>\n<li>Rommer 200 ml.<\/li>\n<li>T\u00e5ler oppvaskmaskin p\u00e5 65\u00b0<\/li>\n<\/ul>\n<p>Kaffegruten kommer fra rester i kaffebransjen og samles ogs\u00e5 fra kontormilj\u00f8er. Etanol fra sukkerr\u00f8rene brukes som bindemiddel. Materialvalget betyr at koppen dufter deilig av kaffe allerede f\u00f8r den tas i bruk.<\/p>\n","protected":false},"excerpt":{"rendered":"<p>Minimumsbestilling p\u00e5 5 stk.<\/p>\n","protected":false},"featured_media":41471,"template":"","meta":{"_et_pb_use_builder":"","_et_pb_old_content":"","_et_gb_content_width":""},"product_brand":[],"product_cat":[337],"product_tag":[],"class_list":{"0":"post-45124","1":"product","2":"type-product","3":"status-publish","4":"has-post-thumbnail","6":"product_cat-kaffekop-nb","7":"product_shipping_class-gls-nb","9":"first","10":"instock","11":"taxable","12":"shipping-taxable","13":"purchasable","14":"product-type-simple"},"tiered_pricing_type":"fixed","tiered_pricing_fixed_rules":{"10":"115","25":"106"},"tiered_pricing_product_settings":{"layout":"default","base_unit_name":{"singular":null,"plural":null},"default_variation":null},"tiered_pricing_minimum_quantity":5,"tiered_pricing_roles_data":[],"tiered_pricing_percentage_rules":[],"tiered_pricing_maximum_quantity":null,"tiered_pricing_quantity_step":null,"_links":{"self":[{"href":"https:\/\/www.xn--17verdensml-68a.dk\/nb\/wp-json\/wp\/v2\/product\/45124","targetHints":{"allow":["GET"]}}],"collection":[{"href":"https:\/\/www.xn--17verdensml-68a.dk\/nb\/wp-json\/wp\/v2\/product"}],"about":[{"href":"https:\/\/www.xn--17verdensml-68a.dk\/nb\/wp-json\/wp\/v2\/types\/product"}],"wp:featuredmedia":[{"embeddable":true,"href":"https:\/\/www.xn--17verdensml-68a.dk\/nb\/wp-json\/wp\/v2\/media\/41471"}],"wp:attachment":[{"href":"https:\/\/www.xn--17verdensml-68a.dk\/nb\/wp-json\/wp\/v2\/media?parent=45124"}],"wp:term":[{"taxonomy":"product_brand","embeddable":true,"href":"https:\/\/www.xn--17verdensml-68a.dk\/nb\/wp-json\/wp\/v2\/product_brand?post=45124"},{"taxonomy":"product_cat","embeddable":true,"href":"https:\/\/www.xn--17verdensml-68a.dk\/nb\/wp-json\/wp\/v2\/product_cat?post=45124"},{"taxonomy":"product_tag","embeddable":true,"href":"https:\/\/www.xn--17verdensml-68a.dk\/nb\/wp-json\/wp\/v2\/product_tag?post=45124"}],"curies":[{"name":"wp","href":"https:\/\/api.w.org\/{rel}","templated":true}]}}