{"id":43784,"date":"2022-08-09T14:01:11","date_gmt":"2022-08-09T12:01:11","guid":{"rendered":"https:\/\/www.xn--17verdensml-68a.dk\/?post_type=product&#038;p=43784"},"modified":"2025-04-10T09:25:09","modified_gmt":"2025-04-10T07:25:09","slug":"17-skilt-med-fns-baerekraftsmaal-15-x-15-cm","status":"publish","type":"product","link":"https:\/\/www.xn--17verdensml-68a.dk\/nb\/vare\/17-skilt-med-fns-baerekraftsmaal-15-x-15-cm\/","title":{"rendered":"17 skilt med fns b\u00e6rekraftsm\u00e5l 15 x 15 cm"},"content":{"rendered":"<p>Skiltene er lagd av 16 mm cellepapp som gir dem en fin 3D-effekt n\u00e5r de henger p\u00e5 veggen i bedriftens resepsjon, i kontorfellesskapet eller standen deres p\u00e5 en messe eller konferanse. Skiltenes egenskaper:<\/p>\n<ul>\n<li>M\u00e5l: 15 cm x 15 cm<\/li>\n<li>16 mm cellepapp med kjerne av gjenbruksfiber<\/li>\n<li>FNs offisielle design<\/li>\n<\/ul>\n<p>Skiltene kommer i en pakke med 17 stk., slik at bedriften f\u00e5r ett skilt med hvert b\u00e6rekraftsm\u00e5l. Dette gj\u00f8r det mulig \u00e5 henge opp skiltene akkurat slik dere \u00f8nsker.<\/p>\n<p>NB: Skiltene er til innend\u00f8rs bruk.<\/p>\n","protected":false},"excerpt":{"rendered":"<p>Bestilles i sett med 17 stk. &#8211; ett skilt med hvert b\u00e6rekraftsm\u00e5l.<\/p>\n","protected":false},"featured_media":43854,"template":"","meta":{"_et_pb_use_builder":"","_et_pb_old_content":"","_et_gb_content_width":""},"product_brand":[],"product_cat":[331],"product_tag":[],"class_list":{"0":"post-43784","1":"product","2":"type-product","3":"status-publish","4":"has-post-thumbnail","6":"product_cat-skilte-nb","7":"product_shipping_class-fragt-norge-nb","9":"first","10":"instock","11":"purchasable","12":"product-type-simple"},"tiered_pricing_type":"fixed","tiered_pricing_fixed_rules":{"5":"850","10":"680"},"tiered_pricing_product_settings":{"layout":"default","base_unit_name":{"singular":null,"plural":null},"default_variation":null},"tiered_pricing_minimum_quantity":null,"tiered_pricing_roles_data":[],"tiered_pricing_percentage_rules":[],"tiered_pricing_maximum_quantity":null,"tiered_pricing_quantity_step":null,"_links":{"self":[{"href":"https:\/\/www.xn--17verdensml-68a.dk\/nb\/wp-json\/wp\/v2\/product\/43784","targetHints":{"allow":["GET"]}}],"collection":[{"href":"https:\/\/www.xn--17verdensml-68a.dk\/nb\/wp-json\/wp\/v2\/product"}],"about":[{"href":"https:\/\/www.xn--17verdensml-68a.dk\/nb\/wp-json\/wp\/v2\/types\/product"}],"wp:featuredmedia":[{"embeddable":true,"href":"https:\/\/www.xn--17verdensml-68a.dk\/nb\/wp-json\/wp\/v2\/media\/43854"}],"wp:attachment":[{"href":"https:\/\/www.xn--17verdensml-68a.dk\/nb\/wp-json\/wp\/v2\/media?parent=43784"}],"wp:term":[{"taxonomy":"product_brand","embeddable":true,"href":"https:\/\/www.xn--17verdensml-68a.dk\/nb\/wp-json\/wp\/v2\/product_brand?post=43784"},{"taxonomy":"product_cat","embeddable":true,"href":"https:\/\/www.xn--17verdensml-68a.dk\/nb\/wp-json\/wp\/v2\/product_cat?post=43784"},{"taxonomy":"product_tag","embeddable":true,"href":"https:\/\/www.xn--17verdensml-68a.dk\/nb\/wp-json\/wp\/v2\/product_tag?post=43784"}],"curies":[{"name":"wp","href":"https:\/\/api.w.org\/{rel}","templated":true}]}}