{"id":43758,"date":"2022-08-09T13:35:43","date_gmt":"2022-08-09T11:35:43","guid":{"rendered":"https:\/\/www.xn--17verdensml-68a.dk\/?post_type=product&#038;p=43758"},"modified":"2025-05-27T14:58:41","modified_gmt":"2025-05-27T12:58:41","slug":"plakat-med-alle-fns-169-delmaal-a1-format","status":"publish","type":"product","link":"https:\/\/www.xn--17verdensml-68a.dk\/nb\/vare\/plakat-med-alle-fns-169-delmaal-a1-format\/","title":{"rendered":"Plakat med alle fns 169 delm\u00e5l &#8211; a1-format"},"content":{"rendered":"<p>Plakaten inneholder en komplett og grei oversikt over de 169 delm\u00e5lene som er en vesentlig del av FNs 17 b\u00e6rekraftsm\u00e5l.<\/p>\n<p>Plakaten er i A1-format (59,4 \u00d7 84,1 cm) og trykt p\u00e5 190 g Pureprint Uncoated.<\/p>\n<p>Plakaten er Cradle to Cradle-sertifisert, FSC-sertifisert og kliman\u00f8ytral.<\/p>\n<p>Plakaten er utviklet i samarbeid med Verdens Bedste Nyheder og Danmarks utenriksdepartement.<\/p>\n","protected":false},"excerpt":{"rendered":"<p>Plakaten inneholder en komplett og grei oversikt over de 169 delm\u00e5lene som er en vesentlig del av FNs 17 b\u00e6rekraftsm\u00e5l. Plakaten er i A1-format (59,4 \u00d7 84,1 cm) og trykt p\u00e5 190 g Pureprint Uncoated. Plakaten er Cradle to Cradle-sertifisert, FSC-sertifisert og kliman\u00f8ytral. Plakaten er utviklet i samarbeid med Verdens Bedste Nyheder og Danmarks utenriksdepartement.<\/p>\n","protected":false},"featured_media":43878,"template":"","meta":{"_et_pb_use_builder":"","_et_pb_old_content":"","_et_gb_content_width":""},"product_brand":[],"product_cat":[311],"product_tag":[],"class_list":{"0":"post-43758","1":"product","2":"type-product","3":"status-publish","4":"has-post-thumbnail","6":"product_cat-plakat-no","7":"product_shipping_class-fragt-norge-nb","9":"first","10":"instock","11":"purchasable","12":"product-type-simple"},"tiered_pricing_type":"fixed","tiered_pricing_fixed_rules":{"5":"60","10":"40","50":"35"},"tiered_pricing_product_settings":{"layout":"default","base_unit_name":{"singular":null,"plural":null},"default_variation":null},"tiered_pricing_minimum_quantity":null,"tiered_pricing_roles_data":[],"tiered_pricing_percentage_rules":[],"tiered_pricing_maximum_quantity":null,"tiered_pricing_quantity_step":null,"_links":{"self":[{"href":"https:\/\/www.xn--17verdensml-68a.dk\/nb\/wp-json\/wp\/v2\/product\/43758","targetHints":{"allow":["GET"]}}],"collection":[{"href":"https:\/\/www.xn--17verdensml-68a.dk\/nb\/wp-json\/wp\/v2\/product"}],"about":[{"href":"https:\/\/www.xn--17verdensml-68a.dk\/nb\/wp-json\/wp\/v2\/types\/product"}],"wp:featuredmedia":[{"embeddable":true,"href":"https:\/\/www.xn--17verdensml-68a.dk\/nb\/wp-json\/wp\/v2\/media\/43878"}],"wp:attachment":[{"href":"https:\/\/www.xn--17verdensml-68a.dk\/nb\/wp-json\/wp\/v2\/media?parent=43758"}],"wp:term":[{"taxonomy":"product_brand","embeddable":true,"href":"https:\/\/www.xn--17verdensml-68a.dk\/nb\/wp-json\/wp\/v2\/product_brand?post=43758"},{"taxonomy":"product_cat","embeddable":true,"href":"https:\/\/www.xn--17verdensml-68a.dk\/nb\/wp-json\/wp\/v2\/product_cat?post=43758"},{"taxonomy":"product_tag","embeddable":true,"href":"https:\/\/www.xn--17verdensml-68a.dk\/nb\/wp-json\/wp\/v2\/product_tag?post=43758"}],"curies":[{"name":"wp","href":"https:\/\/api.w.org\/{rel}","templated":true}]}}