{"id":43755,"date":"2022-08-09T13:24:03","date_gmt":"2022-08-09T11:24:03","guid":{"rendered":"https:\/\/www.xn--17verdensml-68a.dk\/?post_type=product&#038;p=43755"},"modified":"2024-06-26T10:11:17","modified_gmt":"2024-06-26T08:11:17","slug":"plakat-med-fns-17-baerekraftsmaal-a2-format","status":"publish","type":"product","link":"https:\/\/www.xn--17verdensml-68a.dk\/nb\/vare\/plakat-med-fns-17-baerekraftsmaal-a2-format\/","title":{"rendered":"Plakat med fns 17 b\u00e6rekraftsm\u00e5l &#8211; a2-format"},"content":{"rendered":"<p>Plakaten inneholder en komplett og oversiktlig oversikt over FNs 17 b\u00e6rekraftsm\u00e5l.<\/p>\n<p>Plakaten er i A2-format (42 \u00d7 59,4 cm) og trykt p\u00e5 190 g Pureprint Uncoated.<\/p>\n<p>Plakaten er Cradle to Cradle-sertifisert, FSC-sertifisert og kliman\u00f8ytral.<\/p>\n<p>&nbsp;<\/p>\n","protected":false},"excerpt":{"rendered":"<p>Plakaten inneholder en komplett og oversiktlig oversikt over FNs 17 b\u00e6rekraftsm\u00e5l. Plakaten er i A2-format (42 \u00d7 59,4 cm) og trykt p\u00e5 190 g Pureprint Uncoated. Plakaten er Cradle to Cradle-sertifisert, FSC-sertifisert og kliman\u00f8ytral. &nbsp;<\/p>\n","protected":false},"featured_media":43886,"template":"","meta":{"_et_pb_use_builder":"","_et_pb_old_content":"","_et_gb_content_width":""},"product_brand":[],"product_cat":[311],"product_tag":[],"class_list":{"0":"post-43755","1":"product","2":"type-product","3":"status-publish","4":"has-post-thumbnail","6":"product_cat-plakat-no","7":"product_shipping_class-fragt-norge-nb","9":"first","10":"instock","11":"purchasable","12":"product-type-simple"},"tiered_pricing_type":"fixed","tiered_pricing_fixed_rules":{"5":"40","10":"30","50":"25"},"tiered_pricing_product_settings":{"layout":"default","base_unit_name":{"singular":null,"plural":null},"default_variation":null},"tiered_pricing_minimum_quantity":null,"tiered_pricing_roles_data":[],"tiered_pricing_percentage_rules":[],"tiered_pricing_maximum_quantity":null,"tiered_pricing_quantity_step":null,"_links":{"self":[{"href":"https:\/\/www.xn--17verdensml-68a.dk\/nb\/wp-json\/wp\/v2\/product\/43755","targetHints":{"allow":["GET"]}}],"collection":[{"href":"https:\/\/www.xn--17verdensml-68a.dk\/nb\/wp-json\/wp\/v2\/product"}],"about":[{"href":"https:\/\/www.xn--17verdensml-68a.dk\/nb\/wp-json\/wp\/v2\/types\/product"}],"wp:featuredmedia":[{"embeddable":true,"href":"https:\/\/www.xn--17verdensml-68a.dk\/nb\/wp-json\/wp\/v2\/media\/43886"}],"wp:attachment":[{"href":"https:\/\/www.xn--17verdensml-68a.dk\/nb\/wp-json\/wp\/v2\/media?parent=43755"}],"wp:term":[{"taxonomy":"product_brand","embeddable":true,"href":"https:\/\/www.xn--17verdensml-68a.dk\/nb\/wp-json\/wp\/v2\/product_brand?post=43755"},{"taxonomy":"product_cat","embeddable":true,"href":"https:\/\/www.xn--17verdensml-68a.dk\/nb\/wp-json\/wp\/v2\/product_cat?post=43755"},{"taxonomy":"product_tag","embeddable":true,"href":"https:\/\/www.xn--17verdensml-68a.dk\/nb\/wp-json\/wp\/v2\/product_tag?post=43755"}],"curies":[{"name":"wp","href":"https:\/\/api.w.org\/{rel}","templated":true}]}}