{"id":43740,"date":"2022-08-09T12:21:56","date_gmt":"2022-08-09T10:21:56","guid":{"rendered":"https:\/\/www.xn--17verdensml-68a.dk\/?post_type=product&#038;p=43740"},"modified":"2025-05-27T14:58:41","modified_gmt":"2025-05-27T12:58:41","slug":"smaa-terninger-1-sett-75-cm-no","status":"publish","type":"product","link":"https:\/\/www.xn--17verdensml-68a.dk\/nb\/vare\/smaa-terninger-1-sett-75-cm-no\/","title":{"rendered":"Sm\u00e5 terninger &#8211; 1 sett &#8211; 7,5 cm (NO)"},"content":{"rendered":"<p>Ett sett best\u00e5r av 17 terninger p\u00e5 norsk \u2013 \u00e9n for hvert b\u00e6rekraftsm\u00e5l.<\/p>\n<p>De ulike sidene inneholder f\u00f8lgende:<br \/>\n&#8211; Det enkelte b\u00e6rekraftsm\u00e5likonet<br \/>\n&#8211; Beskrivelse av b\u00e6rekraftsm\u00e5let<br \/>\n&#8211; Det enkelte b\u00e6rekraftsm\u00e5lets delm\u00e5l<\/p>\n<p>Terningene leveres flate, men kan enkelt brettes til en terning.<br \/>\nTerningene er laget av 350 g PurePrint Cardboard.<\/p>\n<h4><span style=\"color: #438a30;\"><strong>Pris pr. sett for terning p\u00e5 7,5 cm<\/strong><\/span><\/h4>\n<p><em>1-5 sett \u00a0 \u00a0 \u00a0389,-<\/em><br \/>\n<em>6-20 sett\u00a0 \u00a0 311,-\u00a0 \u00a0 \u00a0 (spar 78,- pr. sett)<\/em><br \/>\n<em>21+ sett \u00a0 \u00a0 283,-\u00a0 \u00a0 \u00a0 (spar 106,- pr. sett)<\/em><\/p>\n<p>Terningene er Cradle to Cradle-sertifiserte, FSC-sertifiserte og komposterbare.<\/p>\n","protected":false},"excerpt":{"rendered":"<p><em>Bestilles i sett \u00e1 17 stk. \u2013 \u00e9n terning med hvert b\u00e6rekraftsm\u00e5l\u00a0<\/em><\/p>\n","protected":false},"featured_media":43894,"template":"","meta":{"_et_pb_use_builder":"","_et_pb_old_content":"","_et_gb_content_width":""},"product_brand":[],"product_cat":[309],"product_tag":[],"class_list":{"0":"post-43740","1":"product","2":"type-product","3":"status-publish","4":"has-post-thumbnail","6":"product_cat-smaa-terninger-no","7":"product_shipping_class-fragt-norge-nb","9":"first","10":"instock","11":"purchasable","12":"product-type-simple"},"tiered_pricing_type":"fixed","tiered_pricing_fixed_rules":{"6":"225","21":"205"},"tiered_pricing_product_settings":{"layout":"default","base_unit_name":{"singular":null,"plural":null},"default_variation":null},"tiered_pricing_minimum_quantity":null,"tiered_pricing_roles_data":[],"tiered_pricing_percentage_rules":[],"tiered_pricing_maximum_quantity":null,"tiered_pricing_quantity_step":null,"_links":{"self":[{"href":"https:\/\/www.xn--17verdensml-68a.dk\/nb\/wp-json\/wp\/v2\/product\/43740","targetHints":{"allow":["GET"]}}],"collection":[{"href":"https:\/\/www.xn--17verdensml-68a.dk\/nb\/wp-json\/wp\/v2\/product"}],"about":[{"href":"https:\/\/www.xn--17verdensml-68a.dk\/nb\/wp-json\/wp\/v2\/types\/product"}],"wp:featuredmedia":[{"embeddable":true,"href":"https:\/\/www.xn--17verdensml-68a.dk\/nb\/wp-json\/wp\/v2\/media\/43894"}],"wp:attachment":[{"href":"https:\/\/www.xn--17verdensml-68a.dk\/nb\/wp-json\/wp\/v2\/media?parent=43740"}],"wp:term":[{"taxonomy":"product_brand","embeddable":true,"href":"https:\/\/www.xn--17verdensml-68a.dk\/nb\/wp-json\/wp\/v2\/product_brand?post=43740"},{"taxonomy":"product_cat","embeddable":true,"href":"https:\/\/www.xn--17verdensml-68a.dk\/nb\/wp-json\/wp\/v2\/product_cat?post=43740"},{"taxonomy":"product_tag","embeddable":true,"href":"https:\/\/www.xn--17verdensml-68a.dk\/nb\/wp-json\/wp\/v2\/product_tag?post=43740"}],"curies":[{"name":"wp","href":"https:\/\/api.w.org\/{rel}","templated":true}]}}