{"id":43727,"date":"2022-08-09T12:00:44","date_gmt":"2022-08-09T10:00:44","guid":{"rendered":"https:\/\/www.xn--17verdensml-68a.dk\/?post_type=product&#038;p=43727"},"modified":"2024-04-05T09:14:05","modified_gmt":"2024-04-05T07:14:05","slug":"klistremerker-med-baerekraftsmaalene","status":"publish","type":"product","link":"https:\/\/www.xn--17verdensml-68a.dk\/nb\/vare\/klistremerker-med-baerekraftsmaalene\/","title":{"rendered":"Klistremerker med b\u00e6rekraftsm\u00e5lene"},"content":{"rendered":"<p>Klistremerkene med b\u00e6rekraftsm\u00e5lene kan brukes til s\u00e5 mange anledninger! De kan brukes som pynt i bedriftslokalet, p\u00e5 konferanser og arrangementer eller kanskje p\u00e5 skoler. Fakta om klistremerkene:<\/p>\n<ul>\n<li>M\u00e5l: 10 cm x 10 cm<\/li>\n<li>Klebemateriale som kan fjernes<\/li>\n<li>Sk\u00e5ret ut enkeltvis<\/li>\n<li>Klistermerkerne er p\u00e5 engelsk<\/li>\n<\/ul>\n<p>Klistremerkene leveres i sett \u00e1 18 der alle de 17 b\u00e6rekraftsm\u00e5lene og b\u00e6rekraftsm\u00e5l-sirkelen er inkludert. Klistremerkene kan brukes p\u00e5 mange ulike m\u00e5ter ettersom de ogs\u00e5 kan henges opp enkeltvis.<\/p>\n","protected":false},"excerpt":{"rendered":"<p>Minimumsbestilling p\u00e5 5 sett.<\/p>\n<p>Prisen nedenfor er per sett \u00e1 18 stk.<\/p>\n<p>Leveringstid: 14 dager<\/p>\n<p>Klistermerkerne er p\u00e5 engelsk<\/p>\n","protected":false},"featured_media":41523,"template":"","meta":{"_et_pb_use_builder":"","_et_pb_old_content":"","_et_gb_content_width":""},"product_brand":[],"product_cat":[307],"product_tag":[],"class_list":{"0":"post-43727","1":"product","2":"type-product","3":"status-publish","4":"has-post-thumbnail","6":"product_cat-klistermaerker-no","7":"product_shipping_class-fragt-norge-nb","9":"first","10":"instock","11":"purchasable","12":"product-type-simple"},"tiered_pricing_type":"fixed","tiered_pricing_fixed_rules":{"10":"98","50":"78","100":"58"},"tiered_pricing_product_settings":{"layout":"default","base_unit_name":{"singular":null,"plural":null},"default_variation":null},"tiered_pricing_minimum_quantity":5,"tiered_pricing_roles_data":[],"tiered_pricing_percentage_rules":[],"tiered_pricing_maximum_quantity":null,"tiered_pricing_quantity_step":null,"_links":{"self":[{"href":"https:\/\/www.xn--17verdensml-68a.dk\/nb\/wp-json\/wp\/v2\/product\/43727","targetHints":{"allow":["GET"]}}],"collection":[{"href":"https:\/\/www.xn--17verdensml-68a.dk\/nb\/wp-json\/wp\/v2\/product"}],"about":[{"href":"https:\/\/www.xn--17verdensml-68a.dk\/nb\/wp-json\/wp\/v2\/types\/product"}],"wp:featuredmedia":[{"embeddable":true,"href":"https:\/\/www.xn--17verdensml-68a.dk\/nb\/wp-json\/wp\/v2\/media\/41523"}],"wp:attachment":[{"href":"https:\/\/www.xn--17verdensml-68a.dk\/nb\/wp-json\/wp\/v2\/media?parent=43727"}],"wp:term":[{"taxonomy":"product_brand","embeddable":true,"href":"https:\/\/www.xn--17verdensml-68a.dk\/nb\/wp-json\/wp\/v2\/product_brand?post=43727"},{"taxonomy":"product_cat","embeddable":true,"href":"https:\/\/www.xn--17verdensml-68a.dk\/nb\/wp-json\/wp\/v2\/product_cat?post=43727"},{"taxonomy":"product_tag","embeddable":true,"href":"https:\/\/www.xn--17verdensml-68a.dk\/nb\/wp-json\/wp\/v2\/product_tag?post=43727"}],"curies":[{"name":"wp","href":"https:\/\/api.w.org\/{rel}","templated":true}]}}