{"id":43713,"date":"2022-08-09T11:24:58","date_gmt":"2022-08-09T09:24:58","guid":{"rendered":"https:\/\/www.xn--17verdensml-68a.dk\/?post_type=product&#038;p=43713"},"modified":"2025-05-27T14:58:41","modified_gmt":"2025-05-27T12:58:41","slug":"flaggranke-utendoers-bruk","status":"publish","type":"product","link":"https:\/\/www.xn--17verdensml-68a.dk\/nb\/vare\/flaggranke-utendoers-bruk\/","title":{"rendered":"Flaggranke &#8211; utend\u00f8rs bruk"},"content":{"rendered":"<p>Flaggrekke med FNs b\u00e6rekraftsm\u00e5l som b\u00e5de kan pynte opp i bedriftslokalet eller p\u00e5 konferansen n\u00e5r bedriften deres gjerne vil vise at dere har b\u00e6rekraftsm\u00e5lene p\u00e5 dagsordenen. Flaggrekken best\u00e5r av 18 flagg &#8211; ett flagg med hvert av b\u00e6rekraftsm\u00e5lene og ett med b\u00e6rekraftsm\u00e5l-logoen. M\u00e5lene og logoen er p\u00e5 engelsk. Fakta om flaggrekken:<\/p>\n<ul>\n<li>Flaggene er produsert av gjenbruksplast<\/li>\n<li>St\u00f8rrelsen til hvert enkelt flagg: A5<\/li>\n<li>5 meter lang snor<\/li>\n<li>Ikonene er p\u00e5 engelsk<\/li>\n<\/ul>\n<p>Flaggene har trykk p\u00e5 den ene siden.<\/p>\n<p><strong>NB: Denne flaggrekken er til bruk utend\u00f8rs<\/strong><\/p>\n<p>&nbsp;<\/p>\n","protected":false},"excerpt":{"rendered":"<p>Leveringstid: 14 dager<\/p>\n","protected":false},"featured_media":43451,"template":"","meta":{"_et_pb_use_builder":"","_et_pb_old_content":"","_et_gb_content_width":""},"product_brand":[],"product_cat":[303],"product_tag":[],"class_list":{"0":"post-43713","1":"product","2":"type-product","3":"status-publish","4":"has-post-thumbnail","6":"product_cat-flagranke-no","7":"product_shipping_class-fragt-norge-nb","9":"first","10":"instock","11":"purchasable","12":"product-type-simple"},"tiered_pricing_type":"fixed","tiered_pricing_fixed_rules":{"5":"135","10":"115"},"tiered_pricing_product_settings":{"layout":"default","base_unit_name":{"singular":null,"plural":null},"default_variation":null},"tiered_pricing_minimum_quantity":null,"tiered_pricing_roles_data":[],"tiered_pricing_percentage_rules":[],"tiered_pricing_maximum_quantity":null,"tiered_pricing_quantity_step":null,"_links":{"self":[{"href":"https:\/\/www.xn--17verdensml-68a.dk\/nb\/wp-json\/wp\/v2\/product\/43713","targetHints":{"allow":["GET"]}}],"collection":[{"href":"https:\/\/www.xn--17verdensml-68a.dk\/nb\/wp-json\/wp\/v2\/product"}],"about":[{"href":"https:\/\/www.xn--17verdensml-68a.dk\/nb\/wp-json\/wp\/v2\/types\/product"}],"wp:featuredmedia":[{"embeddable":true,"href":"https:\/\/www.xn--17verdensml-68a.dk\/nb\/wp-json\/wp\/v2\/media\/43451"}],"wp:attachment":[{"href":"https:\/\/www.xn--17verdensml-68a.dk\/nb\/wp-json\/wp\/v2\/media?parent=43713"}],"wp:term":[{"taxonomy":"product_brand","embeddable":true,"href":"https:\/\/www.xn--17verdensml-68a.dk\/nb\/wp-json\/wp\/v2\/product_brand?post=43713"},{"taxonomy":"product_cat","embeddable":true,"href":"https:\/\/www.xn--17verdensml-68a.dk\/nb\/wp-json\/wp\/v2\/product_cat?post=43713"},{"taxonomy":"product_tag","embeddable":true,"href":"https:\/\/www.xn--17verdensml-68a.dk\/nb\/wp-json\/wp\/v2\/product_tag?post=43713"}],"curies":[{"name":"wp","href":"https:\/\/api.w.org\/{rel}","templated":true}]}}