{"id":43711,"date":"2022-08-09T11:33:43","date_gmt":"2022-08-09T09:33:43","guid":{"rendered":"https:\/\/www.xn--17verdensml-68a.dk\/?post_type=product&#038;p=43711"},"modified":"2024-04-05T09:17:51","modified_gmt":"2024-04-05T07:17:51","slug":"papirflagg-2","status":"publish","type":"product","link":"https:\/\/www.xn--17verdensml-68a.dk\/nb\/vare\/papirflagg-2\/","title":{"rendered":"Papirflagg"},"content":{"rendered":"<p>Disse papirflaggene fungerer som blikkfang som viser at bedriften fokuserer p\u00e5 FNs b\u00e6rekraftsm\u00e5l. De kan plasseres i planter, vaser eller langs bedriftens innkj\u00f8rsel &#8211; her er det bare fantasien som setter grensene! Fakta om papirflaggene:<\/p>\n<ul>\n<li>M\u00e5l: 17 cm x 24 cm<\/li>\n<li>P\u00e5satt trepinne<\/li>\n<li>Kan gjenbrukes<\/li>\n<li>Ikonene er p\u00e5 engelsk<\/li>\n<\/ul>\n<p>Hvis papirflaggene skal brukes til et arrangement eller en konferanse, kan de med fordel tas vare p\u00e5, slik at de kan tas i bruk ved senere anledninger.<\/p>\n","protected":false},"excerpt":{"rendered":"<p>Minimumsbestilling p\u00e5 10 stk.<\/p>\n","protected":false},"featured_media":43898,"template":"","meta":{"_et_pb_use_builder":"","_et_pb_old_content":"","_et_gb_content_width":""},"product_brand":[],"product_cat":[302],"product_tag":[],"class_list":{"0":"post-43711","1":"product","2":"type-product","3":"status-publish","4":"has-post-thumbnail","6":"product_cat-haandholdt-flag-no","7":"product_shipping_class-fragt-norge-nb","9":"first","10":"instock","11":"purchasable","12":"product-type-simple"},"tiered_pricing_type":"fixed","tiered_pricing_fixed_rules":{"25":"15","50":"13"},"tiered_pricing_product_settings":{"layout":"default","base_unit_name":{"singular":null,"plural":null},"default_variation":null},"tiered_pricing_minimum_quantity":10,"tiered_pricing_roles_data":[],"tiered_pricing_percentage_rules":[],"tiered_pricing_maximum_quantity":null,"tiered_pricing_quantity_step":null,"_links":{"self":[{"href":"https:\/\/www.xn--17verdensml-68a.dk\/nb\/wp-json\/wp\/v2\/product\/43711","targetHints":{"allow":["GET"]}}],"collection":[{"href":"https:\/\/www.xn--17verdensml-68a.dk\/nb\/wp-json\/wp\/v2\/product"}],"about":[{"href":"https:\/\/www.xn--17verdensml-68a.dk\/nb\/wp-json\/wp\/v2\/types\/product"}],"wp:featuredmedia":[{"embeddable":true,"href":"https:\/\/www.xn--17verdensml-68a.dk\/nb\/wp-json\/wp\/v2\/media\/43898"}],"wp:attachment":[{"href":"https:\/\/www.xn--17verdensml-68a.dk\/nb\/wp-json\/wp\/v2\/media?parent=43711"}],"wp:term":[{"taxonomy":"product_brand","embeddable":true,"href":"https:\/\/www.xn--17verdensml-68a.dk\/nb\/wp-json\/wp\/v2\/product_brand?post=43711"},{"taxonomy":"product_cat","embeddable":true,"href":"https:\/\/www.xn--17verdensml-68a.dk\/nb\/wp-json\/wp\/v2\/product_cat?post=43711"},{"taxonomy":"product_tag","embeddable":true,"href":"https:\/\/www.xn--17verdensml-68a.dk\/nb\/wp-json\/wp\/v2\/product_tag?post=43711"}],"curies":[{"name":"wp","href":"https:\/\/api.w.org\/{rel}","templated":true}]}}