{"id":42403,"date":"2018-03-13T13:41:19","date_gmt":"2018-03-13T12:41:19","guid":{"rendered":"https:\/\/www.xn--17verdensml-68a.dk\/om-fn-verdensmaal\/"},"modified":"2022-03-21T07:17:28","modified_gmt":"2022-03-21T06:17:28","slug":"om-fn-verdensmaal","status":"publish","type":"page","link":"https:\/\/www.xn--17verdensml-68a.dk\/nb\/om-fn-verdensmaal\/","title":{"rendered":"Om FN&#8217;s Verdensm\u00e5l"},"content":{"rendered":"<p>[et_pb_section fb_built=&raquo;1&#8243; admin_label=&raquo;forside&raquo; module_id=&raquo;forside&raquo; _builder_version=&raquo;3.22&#8243; background_color=&raquo;#ffffff&raquo; custom_padding=&raquo;0|0px|0|0px&raquo;][et_pb_row _builder_version=&raquo;3.25&#8243; module_alignment=&raquo;center&raquo; custom_padding=&raquo;40px|0px|27px|0px&raquo; border_width_top=&raquo;4px&raquo; border_color_top=&raquo;#048719&#8243;][et_pb_column type=&raquo;4_4&#8243; _builder_version=&raquo;3.25&#8243; custom_padding=&raquo;|||&raquo; custom_padding__hover=&raquo;|||&raquo;][et_pb_text _builder_version=&raquo;3.27.4&#8243; text_font=&raquo;Teko||||||||&raquo; text_font_size=&raquo;26px&raquo; text_letter_spacing=&raquo;1px&raquo; text_line_height=&raquo;2em&raquo; header_font=&raquo;Teko|700|||||||&raquo; header_text_align=&raquo;center&raquo; header_text_color=&raquo;#03a373&#8243; header_font_size=&raquo;58px&raquo; header_letter_spacing=&raquo;2px&raquo; header_font_size_tablet=&raquo;&raquo; header_font_size_phone=&raquo;25px&raquo; header_font_size_last_edited=&raquo;on|desktop&raquo;]<\/p>\n<h1 style=\"text-align: center;\">FN&#8217;S 17 VERDENSM\u00c5L FOR<br \/>\nB\u00c6REDYGTIG UDVIKLING<\/h1>\n<p>[\/et_pb_text][et_pb_divider color=&raquo;#ffffff&raquo; divider_weight=&raquo;0px&raquo; _builder_version=&raquo;3.2&#8243; background_color=&raquo;#0e9e6b&raquo; max_width=&raquo;22%&raquo; module_alignment=&raquo;center&raquo; height=&raquo;4px&raquo;][\/et_pb_divider][et_pb_image src=&raquo;https:\/\/www.xn--17verdensml-68a.dk\/wp-content\/uploads\/verdensmaal.jpg&raquo; align_tablet=&raquo;center&raquo; align_phone=&raquo;&raquo; align_last_edited=&raquo;on|desktop&raquo; _builder_version=&raquo;3.23&#8243; max_width=&raquo;70%&raquo; max_width_tablet=&raquo;&raquo; max_width_phone=&raquo;&raquo; max_width_last_edited=&raquo;on|desktop&raquo; module_alignment=&raquo;center&raquo;][\/et_pb_image][et_pb_divider color=&raquo;#ffffff&raquo; divider_weight=&raquo;0px&raquo; _builder_version=&raquo;3.2&#8243; background_color=&raquo;#0e9e6b&raquo; max_width=&raquo;22%&raquo; module_alignment=&raquo;center&raquo; height=&raquo;4px&raquo;][\/et_pb_divider][et_pb_text _builder_version=&raquo;3.27.4&#8243; text_font=&raquo;||||||||&raquo; text_font_size=&raquo;17px&raquo; header_font=&raquo;||||||||&raquo; header_2_font=&raquo;Teko||||||||&raquo; header_2_text_color=&raquo;#606060&#8243; header_2_font_size=&raquo;34px&raquo; max_width=&raquo;64%&raquo; max_width_tablet=&raquo;&raquo; max_width_phone=&raquo;&raquo; max_width_last_edited=&raquo;on|desktop&raquo; module_alignment=&raquo;center&raquo; header_font_size_phone=&raquo;24px&raquo; header_font_size_last_edited=&raquo;off|desktop&raquo;]<\/p>\n<p style=\"text-align: center;\"><strong>Verdensm\u00e5lene udg\u00f8r 17 konkrete m\u00e5l og 169 delm\u00e5l, som forpligter alle FN&#8217;s 193 medlemslande til helt at afskaffe fattigdom og sult i verden, reducere uligheder, sikre god uddannelse og bedre sundhed til alle, anst\u00e6ndige jobs og mere b\u00e6redygtig \u00f8konomisk v\u00e6kst. De fokuserer ligegledes p\u00e5 at fremme fred og sikkerhed og st\u00e6rke institutioner, og p\u00e5 at styrke internationale partnerskaber. Den nye dagsorden anerkender s\u00e5ledes, at social, \u00f8konomisk og milj\u00f8m\u00f8ssig udvikling, fred, sikkerhed og internationalt samarbejde er t\u00e6t forbundne, og at det kr\u00e6ver en integreret indsats at opn\u00e5 holdbare udviklingsresultater.<\/strong><\/p>\n<p>[\/et_pb_text][\/et_pb_column][\/et_pb_row][et_pb_row _builder_version=&raquo;3.25&#8243;][et_pb_column type=&raquo;4_4&#8243; _builder_version=&raquo;3.25&#8243; custom_padding=&raquo;|||&raquo; custom_padding__hover=&raquo;|||&raquo;][et_pb_button button_url=&raquo;https:\/\/www.17verdensm\u00e5l.dk\/webshop\/&raquo; button_text=&raquo;BESTILL HER&raquo; button_alignment=&raquo;center&raquo; _builder_version=&raquo;3.26.8&#8243; custom_button=&raquo;on&raquo; button_text_size=&raquo;30px&raquo; button_text_color=&raquo;#017c30&#8243; button_bg_color=&raquo;#ffffff&raquo; button_border_width=&raquo;3px&raquo; button_border_color=&raquo;#078427&#8243; button_border_radius=&raquo;1px&raquo; button_letter_spacing=&raquo;1px&raquo; button_font=&raquo;Teko|700|||||||&raquo; button_use_icon=&raquo;off&raquo; custom_margin=&raquo;||20px|&raquo; custom_padding=&raquo;|||&raquo; button_border_radius_hover=&raquo;0px&raquo; button_letter_spacing_hover=&raquo;0px&raquo; button_bg_color_hover=&raquo;#ffffff&raquo; button_text_size__hover_enabled=&raquo;off&raquo; button_one_text_size__hover_enabled=&raquo;off&raquo; button_two_text_size__hover_enabled=&raquo;off&raquo; button_text_color__hover_enabled=&raquo;off&raquo; button_one_text_color__hover_enabled=&raquo;off&raquo; button_two_text_color__hover_enabled=&raquo;off&raquo; button_border_width__hover_enabled=&raquo;off&raquo; button_one_border_width__hover_enabled=&raquo;off&raquo; button_two_border_width__hover_enabled=&raquo;off&raquo; button_border_color__hover_enabled=&raquo;off&raquo; button_one_border_color__hover_enabled=&raquo;off&raquo; button_two_border_color__hover_enabled=&raquo;off&raquo; button_border_radius__hover_enabled=&raquo;on&raquo; button_border_radius__hover=&raquo;0px&raquo; button_one_border_radius__hover_enabled=&raquo;off&raquo; button_two_border_radius__hover_enabled=&raquo;off&raquo; button_letter_spacing__hover_enabled=&raquo;on&raquo; button_letter_spacing__hover=&raquo;0px&raquo; button_one_letter_spacing__hover_enabled=&raquo;off&raquo; button_two_letter_spacing__hover_enabled=&raquo;off&raquo; button_bg_color__hover_enabled=&raquo;on&raquo; button_bg_color__hover=&raquo;#ffffff&raquo; button_one_bg_color__hover_enabled=&raquo;off&raquo; button_two_bg_color__hover_enabled=&raquo;off&raquo;][\/et_pb_button][\/et_pb_column][\/et_pb_row][et_pb_row _builder_version=&raquo;3.25&#8243; module_alignment=&raquo;center&raquo; custom_padding=&raquo;50px||50px|&raquo; border_width_top=&raquo;5px&raquo; border_color_top=&raquo;#169e0c&raquo; border_width_bottom=&raquo;5px&raquo; border_color_bottom=&raquo;#009313&#8243;][et_pb_column type=&raquo;4_4&#8243; _builder_version=&raquo;3.25&#8243; custom_padding=&raquo;|||&raquo; custom_padding__hover=&raquo;|||&raquo;][et_pb_text _builder_version=&raquo;4.0.6&#8243; header_2_font=&raquo;Teko|600||on|||||&raquo; header_2_font_size=&raquo;44px&raquo; header_3_font=&raquo;Teko|600|||||||&raquo; header_3_font_size=&raquo;40px&raquo; hover_enabled=&raquo;0&#8243;]<\/p>\n<p>&nbsp;<\/p>\n<h2 style=\"text-align: center;\">Vil du vide mere?<\/h2>\n<p style=\"text-align: center;\"><strong>P\u00e5 f\u00f8lgende sider kan du l\u00e6se meget mere om hvad FN&#8217;s Verdensm\u00e5l indeholder<\/strong><br \/> <strong>og hvordan det har betydning for din og min verden.<\/strong><\/p>\n<h3 style=\"text-align: center;\"><span style=\"font-size: xx-large;\"><span style=\"text-decoration: underline;\"><a href=\"https:\/\/www.verdensmaal.org\/\">Verdens Bedste Nyheder<\/a><\/span><\/span><\/h3>\n<h3 style=\"text-align: center;\"><span style=\"font-size: xx-large;\"><span style=\"text-decoration: underline;\"><a href=\"http:\/\/www.verdensmaalene.dk\/\">Verdensm\u00e5lene for b\u00e6redygtig udvikling<\/a><\/span><\/span><\/h3>\n<h3 style=\"text-align: center;\"><span style=\"text-decoration: underline; font-size: xx-large;\"><a href=\"http:\/\/www.Un.org\/sustainabledevelopment\">FN&#8217;s internationale side om verdensm\u00e5lene<\/a><\/span><\/h3>\n<h3 style=\"text-align: center;\"><span style=\"text-decoration: underline; font-size: xx-large;\"><a href=\"http:\/\/un.dk\/da\/om-fn\/verdensmaalene\" target=\"_blank\" rel=\"noopener noreferrer\" data-saferedirecturl=\"https:\/\/www.google.com\/url?hl=da&amp;q=http:\/\/un.dk\/da\/om-fn\/verdensmaalene&amp;source=gmail&amp;ust=1521039701958000&amp;usg=AFQjCNHDDWQEXk9hMvVCCepHR4Eli-wBGg\">FN&#8217;s danske side om verdensm\u00e5lene<\/a><\/span><\/h3>\n<h3 style=\"text-align: center;\"><span style=\"text-decoration: underline; font-size: xx-large;\"><a href=\"http:\/\/www.globalgoals.org\/\" target=\"_blank\" rel=\"noopener noreferrer\" data-saferedirecturl=\"https:\/\/www.google.com\/url?hl=da&amp;q=http:\/\/www.Globalgoals.org&amp;source=gmail&amp;ust=1521039701959000&amp;usg=AFQjCNGiT6yytoNUa7tOz5MoC4b1tXui6Q\">The Global Goals<\/a><\/span><\/h3>\n<p>&nbsp;<\/p>\n<p>&nbsp;<\/p>\n<p>[\/et_pb_text][\/et_pb_column][\/et_pb_row][\/et_pb_section]<\/p>\n","protected":false},"excerpt":{"rendered":"<p>FN&#8217;S 17 VERDENSM\u00c5L FOR B\u00c6REDYGTIG UDVIKLING Verdensm\u00e5lene udg\u00f8r 17 konkrete m\u00e5l og 169 delm\u00e5l, som forpligter alle FN&#8217;s 193 medlemslande til helt at afskaffe fattigdom og sult i verden, reducere uligheder, sikre god uddannelse og bedre sundhed til alle, anst\u00e6ndige jobs og mere b\u00e6redygtig \u00f8konomisk v\u00e6kst. De fokuserer ligegledes p\u00e5 at fremme fred og sikkerhed [&hellip;]<\/p>\n","protected":false},"author":2,"featured_media":0,"parent":0,"menu_order":0,"comment_status":"closed","ping_status":"closed","template":"","meta":{"_et_pb_use_builder":"on","_et_pb_old_content":"","_et_gb_content_width":"","footnotes":""},"class_list":["post-42403","page","type-page","status-publish","hentry"],"_links":{"self":[{"href":"https:\/\/www.xn--17verdensml-68a.dk\/nb\/wp-json\/wp\/v2\/pages\/42403","targetHints":{"allow":["GET"]}}],"collection":[{"href":"https:\/\/www.xn--17verdensml-68a.dk\/nb\/wp-json\/wp\/v2\/pages"}],"about":[{"href":"https:\/\/www.xn--17verdensml-68a.dk\/nb\/wp-json\/wp\/v2\/types\/page"}],"author":[{"embeddable":true,"href":"https:\/\/www.xn--17verdensml-68a.dk\/nb\/wp-json\/wp\/v2\/users\/2"}],"replies":[{"embeddable":true,"href":"https:\/\/www.xn--17verdensml-68a.dk\/nb\/wp-json\/wp\/v2\/comments?post=42403"}],"version-history":[{"count":2,"href":"https:\/\/www.xn--17verdensml-68a.dk\/nb\/wp-json\/wp\/v2\/pages\/42403\/revisions"}],"predecessor-version":[{"id":42663,"href":"https:\/\/www.xn--17verdensml-68a.dk\/nb\/wp-json\/wp\/v2\/pages\/42403\/revisions\/42663"}],"wp:attachment":[{"href":"https:\/\/www.xn--17verdensml-68a.dk\/nb\/wp-json\/wp\/v2\/media?parent=42403"}],"curies":[{"name":"wp","href":"https:\/\/api.w.org\/{rel}","templated":true}]}}