{"id":42399,"date":"2018-03-13T23:11:02","date_gmt":"2018-03-13T22:11:02","guid":{"rendered":"https:\/\/www.xn--17verdensml-68a.dk\/kls-pureprint-3\/"},"modified":"2018-03-13T23:11:02","modified_gmt":"2018-03-13T22:11:02","slug":"kls-pureprint-3","status":"publish","type":"page","link":"https:\/\/www.xn--17verdensml-68a.dk\/nb\/kls-pureprint-3\/","title":{"rendered":"KLS PurePrint"},"content":{"rendered":"<p>[et_pb_section fb_built=&raquo;1&#8243; admin_label=&raquo;forside&raquo; module_id=&raquo;forside&raquo; _builder_version=&raquo;3.22&#8243; background_color=&raquo;#ffffff&raquo; custom_padding=&raquo;0|0px|0|0px&raquo;][et_pb_row _builder_version=&raquo;3.25&#8243; background_size=&raquo;initial&raquo; background_position=&raquo;top_left&raquo; background_repeat=&raquo;repeat&raquo; module_alignment=&raquo;center&raquo; custom_padding=&raquo;55px|0|27px|0px&raquo; border_width_top=&raquo;4px&raquo; border_color_top=&raquo;#048719&#8243;][et_pb_column type=&raquo;4_4&#8243; _builder_version=&raquo;3.25&#8243; custom_padding=&raquo;|||&raquo; custom_padding__hover=&raquo;|||&raquo;][et_pb_text _builder_version=&raquo;3.27.4&#8243; text_font=&raquo;Teko||||||||&raquo; text_font_size=&raquo;26px&raquo; text_letter_spacing=&raquo;1px&raquo; text_line_height=&raquo;2em&raquo; header_font=&raquo;Teko|700||on|||||&raquo; header_text_align=&raquo;center&raquo; header_text_color=&raquo;#03a373&#8243; header_font_size=&raquo;58px&raquo; header_letter_spacing=&raquo;2px&raquo; header_font_size_tablet=&raquo;&raquo; header_font_size_phone=&raquo;25px&raquo; header_font_size_last_edited=&raquo;on|phone&raquo;]<\/p>\n<h1 style=\"text-align: center;\">KLS Pureprint<\/h1>\n<p>[\/et_pb_text][et_pb_divider color=&raquo;#ffffff&raquo; divider_weight=&raquo;0px&raquo; _builder_version=&raquo;3.2&#8243; background_color=&raquo;#0e9e6b&raquo; max_width=&raquo;22%&raquo; module_alignment=&raquo;center&raquo; height=&raquo;4px&raquo; custom_margin=&raquo;||50px|&raquo; custom_padding=&raquo;|||&raquo;][\/et_pb_divider][et_pb_text _builder_version=&raquo;4.0.6&#8243; text_font_size=&raquo;17px&raquo; header_2_font=&raquo;Teko||||||||&raquo; header_2_text_color=&raquo;#606060&#8243; header_2_font_size=&raquo;34px&raquo; module_alignment=&raquo;center&raquo; hover_enabled=&raquo;0&#8243; header_font_size_phone=&raquo;24px&raquo; header_font_size_last_edited=&raquo;off|desktop&raquo;]<\/p>\n<p>&nbsp;<\/p>\n<h2 style=\"text-align: center;\">100 % b\u00e6redygtige emballager og tryksager<\/h2>\n<p style=\"text-align: center;\">KLS PurePrint A\/S er et af Danmarks st\u00f8rste trykkerier. Virksomheden er en 70 \u00e5r<br \/> gammel familieejet virksomhed, som startede under navnet K. Larsen &amp; S\u00f8n.<\/p>\n<p style=\"text-align: center;\">Efter mange \u00e5rs arbejde med is\u00e6r milj\u00f8omr\u00e5det, opstod der en ambiti\u00f8s vision<br \/> i bestyrelseslokalet: Verdens gr\u00f8nneste trykkeri.<\/p>\n<p style=\"text-align: center;\">Fundamentet var et af Danmarks mest milj\u00f8bevidste trykkerier med ISO 14001, Svanem\u00e6rket, FSC<br \/> og 100 % CO2 neutral. Det var bl.a. opn\u00e5et ved udelukkende at k\u00f8re i elbiler, udelukkende<br \/> at bruge energi fra egen vindm\u00f8lle, samt mange \u00e5rs m\u00e5lrettet arbejde med reduktion af<br \/> alle former for milj\u00f8m\u00e6ssige belastninger.<\/p>\n<p style=\"text-align: center;\">Det nye m\u00e5l blev at udvikle 100 % biologisk nedbrydelige tryksager<br \/> og emballager &#8211; helt fri for skadelige kemikalier og tungmetaller.<\/p>\n<p style=\"text-align: center;\">Da dette ikke fandtes p\u00e5 markedet, fik vi st\u00f8tte fra bl.a. Erhvervsstyrelsen<br \/> og Gr\u00f8n Omstillingsfond.<\/p>\n<p style=\"text-align: center;\">M\u00e5let var at kunne leve op til det der efter vores opfattelse er en af verdens mest kompromisl\u00f8se certificeringer, Cradle to Cradle.<\/p>\n<p style=\"text-align: center;\">Det var derfor n\u00f8dvendigt at udvikle alle dele af tryksagen selv, i samarbejde<br \/> med ambiti\u00f8se og fremsynede leverand\u00f8rer.<\/p>\n<p style=\"text-align: center;\">Udviklingen tog adskillige \u00e5r, da erstatningen af de u\u00f8nskede kemikalier og tungmetaller med<br \/> helt rene alternativer, var langt mere udfordrende og tidsm\u00e6ssigt kr\u00e6vende end forventet.<br \/> En anden ambition var, at PurePrint skulle have samme kvalitet og skulle kunne s\u00e6lges<br \/> til samme pris som traditionelle tryksager.<\/p>\n<p style=\"text-align: center;\">Men det lykkedes, og den 4. maj 2015 blev der trykket p\u00e5 knappen til det f\u00f8rste PurePrint tryk.<br \/> Tidligere milj\u00f8minister Ida Auken var med til at trykke p\u00e5 knappen.<\/p>\n<p style=\"text-align: center;\">Siden da er flere end 130 virksomheder med en b\u00e6redygtig ambition begyndt at trykke med PurePrint, blandt<br \/> dem Verdensnaturfonden, Pandora, Danfoss, Aarstiderne, McDonald\u2019s, Harald Nyborg, \u00d8kologisk<br \/> Landsforening, Hummel og Syd Energi\/Stofa.<\/p>\n<p style=\"text-align: center;\">Vi havde den gl\u00e6de, at Danmarks Naturfredningsforening i 2016 gik ud med en<br \/> anbefaling om at trykke med PurePrint.<\/p>\n<p style=\"text-align: center;\">Der kommer hele tiden nye produkter til i PurePrint familien, og i \u00f8jeblikket arbejdes der bl.a. p\u00e5 nye<br \/> kartontyper, kuverter og kachering af tryksagen. M\u00e5let er at al produktion hos KLS PurePrint<br \/> skal v\u00e6re Cradle to Cradle certificeret med udgangen af 2018.<\/p>\n<p>&nbsp;<\/p>\n<p>[\/et_pb_text][\/et_pb_column][\/et_pb_row][et_pb_row _builder_version=&raquo;3.25&#8243; custom_padding=&raquo;50px|0px|27px|0px&raquo; border_width_top=&raquo;4px&raquo; border_color_top=&raquo;#117a0d&raquo;][et_pb_column type=&raquo;4_4&#8243; _builder_version=&raquo;3.25&#8243; custom_padding=&raquo;|||&raquo; custom_padding__hover=&raquo;|||&raquo;][et_pb_text _builder_version=&raquo;3.27.4&#8243; header_2_font=&raquo;Teko|600|||||||&raquo; header_2_font_size=&raquo;47px&raquo; header_3_font=&raquo;Teko|600|||on||||&raquo; header_3_font_size=&raquo;34px&raquo;]<\/p>\n<h2 style=\"text-align: center;\">VIL DU VIDE MERE?<\/h2>\n<p>&nbsp;<\/p>\n<h3 style=\"text-align: center;\"><a href=\"http:\/\/www.klspureprint.dk\">KLS PurePrint<\/a><\/h3>\n<p>&nbsp;<br \/>\n[\/et_pb_text][\/et_pb_column][\/et_pb_row][\/et_pb_section]<\/p>\n","protected":false},"excerpt":{"rendered":"<p>KLS Pureprint &nbsp; 100 % b\u00e6redygtige emballager og tryksager KLS PurePrint A\/S er et af Danmarks st\u00f8rste trykkerier. Virksomheden er en 70 \u00e5r gammel familieejet virksomhed, som startede under navnet K. Larsen &amp; S\u00f8n. Efter mange \u00e5rs arbejde med is\u00e6r milj\u00f8omr\u00e5det, opstod der en ambiti\u00f8s vision i bestyrelseslokalet: Verdens gr\u00f8nneste trykkeri. Fundamentet var et af [&hellip;]<\/p>\n","protected":false},"author":2,"featured_media":0,"parent":0,"menu_order":0,"comment_status":"closed","ping_status":"closed","template":"","meta":{"_et_pb_use_builder":"on","_et_pb_old_content":"","_et_gb_content_width":"","footnotes":""},"class_list":["post-42399","page","type-page","status-publish","hentry"],"_links":{"self":[{"href":"https:\/\/www.xn--17verdensml-68a.dk\/nb\/wp-json\/wp\/v2\/pages\/42399","targetHints":{"allow":["GET"]}}],"collection":[{"href":"https:\/\/www.xn--17verdensml-68a.dk\/nb\/wp-json\/wp\/v2\/pages"}],"about":[{"href":"https:\/\/www.xn--17verdensml-68a.dk\/nb\/wp-json\/wp\/v2\/types\/page"}],"author":[{"embeddable":true,"href":"https:\/\/www.xn--17verdensml-68a.dk\/nb\/wp-json\/wp\/v2\/users\/2"}],"replies":[{"embeddable":true,"href":"https:\/\/www.xn--17verdensml-68a.dk\/nb\/wp-json\/wp\/v2\/comments?post=42399"}],"version-history":[{"count":0,"href":"https:\/\/www.xn--17verdensml-68a.dk\/nb\/wp-json\/wp\/v2\/pages\/42399\/revisions"}],"wp:attachment":[{"href":"https:\/\/www.xn--17verdensml-68a.dk\/nb\/wp-json\/wp\/v2\/media?parent=42399"}],"curies":[{"name":"wp","href":"https:\/\/api.w.org\/{rel}","templated":true}]}}