{"id":42388,"date":"2022-01-05T11:02:34","date_gmt":"2022-01-05T10:02:34","guid":{"rendered":"https:\/\/www.xn--17verdensml-68a.dk\/hvem-er-kls-pureprint\/"},"modified":"2022-03-16T11:34:23","modified_gmt":"2022-03-16T10:34:23","slug":"hvem-er-kls-pureprint","status":"publish","type":"page","link":"https:\/\/www.xn--17verdensml-68a.dk\/nb\/hvem-er-kls-pureprint\/","title":{"rendered":"Hvem er KLS PurePrint?"},"content":{"rendered":"<p>[et_pb_section fb_built=&raquo;1&#8243; admin_label=&raquo;Juice Categories Section&raquo; _builder_version=&raquo;3.22&#8243; min_height=&raquo;548px&raquo; custom_margin=&raquo;-9px|-16px|-1px|-31px||&raquo; custom_padding=&raquo;0px|0px|1px|0px||&raquo; global_colors_info=&raquo;{}&raquo;][et_pb_row column_structure=&raquo;1_2,1_2&#8243; _builder_version=&raquo;4.14.5&#8243; background_color=&raquo;#f4f4f4&#8243; module_alignment=&raquo;center&raquo; min_height=&raquo;345px&raquo; custom_margin=&raquo;0px|auto|16px|auto||&raquo; custom_padding=&raquo;||0px|||&raquo; global_colors_info=&raquo;{}&raquo;][et_pb_column type=&raquo;1_2&#8243; _builder_version=&raquo;4.0.6&#8243; global_colors_info=&raquo;{}&raquo;][et_pb_image src=&raquo;https:\/\/www.xn--17verdensml-68a.dk\/wp-content\/uploads\/KLS-PurePrint.png&raquo; _builder_version=&raquo;4.14.5&#8243; width=&raquo;94.7%&raquo; min_height=&raquo;153px&raquo; custom_margin=&raquo;1px|255px||||&raquo; custom_margin_tablet=&raquo;1px|255px||||&raquo; custom_margin_phone=&raquo;0px|0px|||false|false&raquo; custom_margin_last_edited=&raquo;on|phone&raquo; custom_padding=&raquo;0px|5%|0px|5%|false|false&raquo; global_colors_info=&raquo;{}&raquo;][\/et_pb_image][\/et_pb_column][et_pb_column type=&raquo;1_2&#8243; _builder_version=&raquo;4.0.6&#8243; global_colors_info=&raquo;{}&raquo;][et_pb_text _builder_version=&raquo;4.14.5&#8243; text_font=&raquo;|600||on|||||&raquo; text_text_color=&raquo;#000000&#8243; text_font_size=&raquo;30px&raquo; text_letter_spacing=&raquo;3px&raquo; background_color=&raquo;#f4f4f4&#8243; width=&raquo;91.1%&raquo; min_height=&raquo;45px&raquo; custom_margin=&raquo;120px||120px|-9px||&raquo; custom_margin_tablet=&raquo;120px||120px|-9px||&raquo; custom_margin_phone=&raquo;20px||20px|0px|false|false&raquo; custom_margin_last_edited=&raquo;on|phone&raquo; custom_padding=&raquo;|0px||0px|false|false&raquo; hover_enabled=&raquo;0&#8243; global_colors_info=&raquo;{}&raquo; sticky_enabled=&raquo;0&#8243;]<\/p>\n<p style=\"text-align: center;\">Hvem er kls pureprint?<\/p>\n<p>[\/et_pb_text][\/et_pb_column][\/et_pb_row][et_pb_row column_structure=&raquo;1_2,1_2&#8243; _builder_version=&raquo;4.14.5&#8243; module_alignment=&raquo;center&raquo; min_height=&raquo;621px&raquo; custom_margin=&raquo;28px|0px||0px|false|false&raquo; custom_padding=&raquo;21px|0px|29px|0px||&raquo; global_colors_info=&raquo;{}&raquo;][et_pb_column type=&raquo;1_2&#8243; _builder_version=&raquo;4.0.6&#8243; global_colors_info=&raquo;{}&raquo;][et_pb_text _builder_version=&raquo;4.14.5&#8243; text_font=&raquo;Open Sans||||||||&raquo; module_alignment=&raquo;center&raquo; custom_padding=&raquo;|0px||15px|false|false&raquo; hover_enabled=&raquo;0&#8243; global_colors_info=&raquo;{}&raquo; sticky_enabled=&raquo;0&#8243;]<\/p>\n<p>KLS PurePrint A\/S er et av Danmarks st\u00f8rste trykkerier. Det er en 75 \u00e5r gammel familiedrevet bedrift som startet under navnet K. Larsen &amp; S\u00f8n.<\/p>\n<p>Etter mange \u00e5rs arbeid, spesielt med milj\u00f8saker, oppsto det en ambisi\u00f8s visjon p\u00e5 styrerommet: Verdens gr\u00f8nneste trykkeri.<\/p>\n<p>Grunnlaget for dette var et av Danmarks mest milj\u00f8bevisste trykkerier, som allerede hadde ISO 14001, Svanemerket, FSC og var 100 % CO<sub>2<\/sub> -n\u00f8ytralt. Dette ble bl.a. oppn\u00e5dd ved \u00e5 kun kj\u00f8re el-biler, utelukkende bruke energi fra egen vindm\u00f8lle og mange \u00e5rs m\u00e5lrettet arbeid med reduksjon av alle former for milj\u00f8belastninger.<\/p>\n<p>Det nye m\u00e5let ble \u00e5 utvikle 100 % biologisk nedbrytbare trykksaker og emballasje \u2013 helt fri for skadelige kjemikalier og tungmetaller. Dette fantes enn\u00e5 ikke p\u00e5 markedet, s\u00e5 derfor fikk vi st\u00f8tte fra bl.a. Erhvervsstyrelsen og Gr\u00f8n Omstillingsfond i Danmark.<\/p>\n<p>[\/et_pb_text][\/et_pb_column][et_pb_column type=&raquo;1_2&#8243; _builder_version=&raquo;4.0.6&#8243; global_colors_info=&raquo;{}&raquo;][et_pb_image src=&raquo;https:\/\/www.xn--17verdensml-68a.dk\/wp-content\/uploads\/Sk\u00e6rmbillede-2022-01-05-kl.-11.59.39.png&raquo; _builder_version=&raquo;4.14.5&#8243; width=&raquo;60%&raquo; module_alignment=&raquo;center&raquo; min_height=&raquo;325px&raquo; custom_margin=&raquo;-48px|0px|33px|0px|false|false&raquo; custom_padding=&raquo;|0px||0px||&raquo; global_colors_info=&raquo;{}&raquo;][\/et_pb_image][et_pb_text _builder_version=&raquo;4.14.5&#8243; text_font=&raquo;Open Sans||||||||&raquo; module_alignment=&raquo;center&raquo; custom_margin=&raquo;-25px|||||&raquo; custom_padding=&raquo;7px|0px||0px|false|false&raquo; hover_enabled=&raquo;0&#8243; global_colors_info=&raquo;{}&raquo; sticky_enabled=&raquo;0&#8243;]<\/p>\n<p>Vi \u00f8nsket \u00e5 kunne oppn\u00e5 det som etter v\u00e5r oppfatning er en av verdens mest kompromissl\u00f8se sertifiseringer, Cradle to Cradle.<\/p>\n<p>Det var derfor n\u00f8dvendig \u00e5 utvikle alle deler av trykksaken selv, dvs. papir, kartong, farger, lakk, lim m.m. i samarbeid med ambisi\u00f8se og fremtidsorienterte leverand\u00f8rer.<\/p>\n<p>[\/et_pb_text][\/et_pb_column][\/et_pb_row][\/et_pb_section][et_pb_section fb_built=&raquo;1&#8243; _builder_version=&raquo;4.14.5&#8243; background_image=&raquo;https:\/\/www.xn--17verdensml-68a.dk\/wp-content\/uploads\/skov.jpeg&raquo; parallax=&raquo;on&raquo; parallax_method=&raquo;off&raquo; min_height=&raquo;263px&raquo; custom_margin=&raquo;0px|0px|0px|0px|false|false&raquo; custom_padding=&raquo;0%|0px|0px|0px|false|false&raquo; global_colors_info=&raquo;{}&raquo;][\/et_pb_section][et_pb_section fb_built=&raquo;1&#8243; _builder_version=&raquo;4.14.5&#8243; module_alignment=&raquo;center&raquo; min_height=&raquo;271px&raquo; custom_margin=&raquo;-7px|0px|-17px|0px|false|false&raquo; custom_padding=&raquo;18px||3px|||&raquo; global_colors_info=&raquo;{}&raquo;][et_pb_row column_structure=&raquo;1_2,1_2&#8243; _builder_version=&raquo;4.14.5&#8243; module_alignment=&raquo;center&raquo; min_height=&raquo;456px&raquo; custom_margin=&raquo;1px|auto|1px|0px|false|false&raquo; custom_padding=&raquo;||20px|||&raquo; global_colors_info=&raquo;{}&raquo;][et_pb_column type=&raquo;1_2&#8243; _builder_version=&raquo;4.0.6&#8243; global_colors_info=&raquo;{}&raquo;][et_pb_text _builder_version=&raquo;4.14.5&#8243; text_font=&raquo;Open Sans||||||||&raquo; width=&raquo;87.8%&raquo; min_height=&raquo;418px&raquo; custom_margin=&raquo;|71px||||&raquo; custom_padding=&raquo;7px|11px|0px|26px||&raquo; hover_enabled=&raquo;0&#8243; global_colors_info=&raquo;{}&raquo; sticky_enabled=&raquo;0&#8243;]<\/p>\n<p>Utviklingen tok flere \u00e5r, for det viste seg \u00e5 v\u00e6re mye mer utfordrende og tidkrevende enn forventet \u00e5 erstatte u\u00f8nskede kjemikalier og tungmetaller med helt rene alternativer.<\/p>\n<p>En annen ambisjon var at PurePrint skulle ha samme kvalitet og kunne selges til samme pris som tradisjonelle trykksaker og emballasje.<\/p>\n<p>Det lyktes til slutt, og 4. mai 2015 ble det trykket p\u00e5 knappen til det f\u00f8rste PurePrint-trykket. Tidligere milj\u00f8minister Ida Auken var med p\u00e5 \u00e5 trykke p\u00e5 knappen.<\/p>\n<p>Siden den gang har mer enn 200 bedrifter med b\u00e6rekraftsambisjoner begynt \u00e5 trykke med PurePrint.<\/p>\n<p>[\/et_pb_text][\/et_pb_column][et_pb_column type=&raquo;1_2&#8243; _builder_version=&raquo;4.0.6&#8243; global_colors_info=&raquo;{}&raquo;][et_pb_image src=&raquo;https:\/\/www.xn--17verdensml-68a.dk\/wp-content\/uploads\/KLS_PurePrint2-e1641390036519.jpeg&raquo; _builder_version=&raquo;4.14.5&#8243; width=&raquo;60%&raquo; module_alignment=&raquo;center&raquo; min_height=&raquo;231px&raquo; custom_margin=&raquo;1px|0px|-8px|0px|false|false&raquo; custom_padding=&raquo;|0px||||&raquo; hover_enabled=&raquo;0&#8243; global_colors_info=&raquo;{}&raquo; sticky_enabled=&raquo;0&#8243;][\/et_pb_image][et_pb_text _builder_version=&raquo;4.14.5&#8243; text_font_size=&raquo;14px&raquo; custom_padding=&raquo;7px||0px|169px||&raquo; hover_enabled=&raquo;0&#8243; global_colors_info=&raquo;{}&raquo; sticky_enabled=&raquo;0&#8243;]<\/p>\n<p>F\u00f8rste PurePrint-trykk i 2015<\/p>\n<p>[\/et_pb_text][et_pb_text _builder_version=&raquo;4.14.5&#8243; _module_preset=&raquo;default&raquo; module_alignment=&raquo;center&raquo; custom_margin=&raquo;|||0px|false|false&raquo; hover_enabled=&raquo;0&#8243; global_colors_info=&raquo;{}&raquo; sticky_enabled=&raquo;0&#8243;]<\/p>\n<p>Vi ble veldig glade da Danmarks Naturfrednings-forening i 2016 gikk ut med en anbefaling om \u00e5 trykke med PurePrint.<\/p>\n<p>[\/et_pb_text][et_pb_cta button_url=&raquo;https:\/\/klspureprint.dk\/baeredygtighed\/&raquo; button_text=&raquo;Les mer om kls pureprint&raquo; admin_label=&raquo;Tittle, Paragraph &#038; Call To Action&raquo; _builder_version=&raquo;4.14.5&#8243; header_font=&raquo;Oswald|||on|||||&raquo; header_font_size=&raquo;18px&raquo; header_letter_spacing=&raquo;3px&raquo; header_line_height=&raquo;1.4em&raquo; body_font=&raquo;Open Sans|600|||||||&raquo; body_font_size=&raquo;16px&raquo; body_line_height=&raquo;1.8em&raquo; background_color=&raquo;RGBA(255,255,255,0)&raquo; custom_button=&raquo;on&raquo; button_text_size=&raquo;10px&raquo; button_text_color=&raquo;#ffffff&raquo; button_bg_color=&raquo;#000a68&#8243; button_border_width=&raquo;10px&raquo; button_border_color=&raquo;#000a68&#8243; button_border_radius=&raquo;0px&raquo; button_letter_spacing=&raquo;2px&raquo; button_font=&raquo;Open Sans|700||on|||||&raquo; button_use_icon=&raquo;off&raquo; button_alignment=&raquo;center&raquo; text_orientation=&raquo;left&raquo; background_layout=&raquo;light&raquo; width=&raquo;100%&raquo; module_alignment=&raquo;center&raquo; min_height=&raquo;49px&raquo; custom_margin=&raquo;-1px|0px|15px||false|false&raquo; custom_margin_tablet=&raquo;0px|||&raquo; custom_margin_phone=&raquo;&raquo; custom_margin_last_edited=&raquo;on|tablet&raquo; custom_padding=&raquo;10px|0px|28px|0px|false|false&raquo; hover_enabled=&raquo;0&#8243; button_text_color_hover=&raquo;#ffffff&raquo; button_border_color_hover=&raquo;rgba(0,0,0,0)&raquo; button_border_radius_hover=&raquo;28px&raquo; button_letter_spacing_hover=&raquo;2px&raquo; button_bg_color_hover=&raquo;rgba(0,0,0,0.7)&raquo; global_colors_info=&raquo;{}&raquo; button_text_size__hover_enabled=&raquo;off&raquo; button_one_text_size__hover_enabled=&raquo;off&raquo; button_two_text_size__hover_enabled=&raquo;off&raquo; button_text_color__hover_enabled=&raquo;on|hover&raquo; button_text_color__hover=&raquo;#ffffff&raquo; button_one_text_color__hover_enabled=&raquo;off&raquo; button_two_text_color__hover_enabled=&raquo;off&raquo; button_border_width__hover_enabled=&raquo;off&raquo; button_one_border_width__hover_enabled=&raquo;off&raquo; button_two_border_width__hover_enabled=&raquo;off&raquo; button_border_color__hover_enabled=&raquo;on|desktop&raquo; button_border_color__hover=&raquo;rgba(0,0,0,0)&raquo; button_one_border_color__hover_enabled=&raquo;off&raquo; button_two_border_color__hover_enabled=&raquo;off&raquo; button_border_radius__hover_enabled=&raquo;on|desktop&raquo; button_border_radius__hover=&raquo;0px&raquo; button_one_border_radius__hover_enabled=&raquo;off&raquo; button_two_border_radius__hover_enabled=&raquo;off&raquo; button_letter_spacing__hover_enabled=&raquo;on|hover&raquo; button_letter_spacing__hover=&raquo;2px&raquo; button_one_letter_spacing__hover_enabled=&raquo;off&raquo; button_two_letter_spacing__hover_enabled=&raquo;off&raquo; button_bg_color__hover_enabled=&raquo;on|desktop&raquo; button_bg_color__hover=&raquo;rgba(0,0,0,0.7)&raquo; button_one_bg_color__hover_enabled=&raquo;off&raquo; button_two_bg_color__hover_enabled=&raquo;off&raquo; sticky_enabled=&raquo;0&#8243;][\/et_pb_cta][\/et_pb_column][\/et_pb_row][\/et_pb_section]<\/p>\n","protected":false},"excerpt":{"rendered":"<p>Hvem er kls pureprint?KLS PurePrint A\/S er et av Danmarks st\u00f8rste trykkerier. Det er en 75 \u00e5r gammel familiedrevet bedrift som startet under navnet K. Larsen &amp; S\u00f8n. Etter mange \u00e5rs arbeid, spesielt med milj\u00f8saker, oppsto det en ambisi\u00f8s visjon p\u00e5 styrerommet: Verdens gr\u00f8nneste trykkeri. Grunnlaget for dette var et av Danmarks mest milj\u00f8bevisste trykkerier, [&hellip;]<\/p>\n","protected":false},"author":2,"featured_media":0,"parent":0,"menu_order":0,"comment_status":"closed","ping_status":"closed","template":"","meta":{"_et_pb_use_builder":"on","_et_pb_old_content":"","_et_gb_content_width":"","footnotes":""},"class_list":["post-42388","page","type-page","status-publish","hentry"],"_links":{"self":[{"href":"https:\/\/www.xn--17verdensml-68a.dk\/nb\/wp-json\/wp\/v2\/pages\/42388","targetHints":{"allow":["GET"]}}],"collection":[{"href":"https:\/\/www.xn--17verdensml-68a.dk\/nb\/wp-json\/wp\/v2\/pages"}],"about":[{"href":"https:\/\/www.xn--17verdensml-68a.dk\/nb\/wp-json\/wp\/v2\/types\/page"}],"author":[{"embeddable":true,"href":"https:\/\/www.xn--17verdensml-68a.dk\/nb\/wp-json\/wp\/v2\/users\/2"}],"replies":[{"embeddable":true,"href":"https:\/\/www.xn--17verdensml-68a.dk\/nb\/wp-json\/wp\/v2\/comments?post=42388"}],"version-history":[{"count":1,"href":"https:\/\/www.xn--17verdensml-68a.dk\/nb\/wp-json\/wp\/v2\/pages\/42388\/revisions"}],"predecessor-version":[{"id":42505,"href":"https:\/\/www.xn--17verdensml-68a.dk\/nb\/wp-json\/wp\/v2\/pages\/42388\/revisions\/42505"}],"wp:attachment":[{"href":"https:\/\/www.xn--17verdensml-68a.dk\/nb\/wp-json\/wp\/v2\/media?parent=42388"}],"curies":[{"name":"wp","href":"https:\/\/api.w.org\/{rel}","templated":true}]}}