{"id":42386,"date":"2022-01-05T13:02:08","date_gmt":"2022-01-05T12:02:08","guid":{"rendered":"https:\/\/www.xn--17verdensml-68a.dk\/dokumenteret-baeredygtighed\/"},"modified":"2024-01-16T12:02:31","modified_gmt":"2024-01-16T11:02:31","slug":"dokumenteret-baeredygtighed","status":"publish","type":"page","link":"https:\/\/www.xn--17verdensml-68a.dk\/nb\/dokumenteret-baeredygtighed\/","title":{"rendered":"Dokumenteret b\u00e6redygtighed"},"content":{"rendered":"<p>[et_pb_section fb_built=&raquo;1&#8243; admin_label=&raquo;Juice Categories Section&raquo; _builder_version=&raquo;4.16&#8243; min_height=&raquo;548px&raquo; custom_margin=&raquo;42px|-16px|-1px|-31px||&raquo; custom_padding=&raquo;0px|0px|1px|0px||&raquo; global_colors_info=&raquo;{}&raquo;][et_pb_row column_structure=&raquo;1_2,1_2&#8243; _builder_version=&raquo;4.16&#8243; background_color=&raquo;#f4f4f4&#8243; module_alignment=&raquo;center&raquo; min_height=&raquo;345px&raquo; custom_margin=&raquo;-32px|auto|16px|auto||&raquo; custom_padding=&raquo;||0px|||&raquo; global_colors_info=&raquo;{}&raquo;][et_pb_column type=&raquo;1_2&#8243; _builder_version=&raquo;4.16&#8243; global_colors_info=&raquo;{}&raquo;][et_pb_image src=&raquo;https:\/\/www.xn--17verdensml-68a.dk\/wp-content\/uploads\/C2C-MARKEDSFOeRING.png&raquo; title_text=&raquo;C2C MARKEDSF\u00d8RING&raquo; align=&raquo;center&raquo; _builder_version=&raquo;4.16&#8243; width=&raquo;60%&raquo; width_tablet=&raquo;60%&raquo; width_phone=&raquo;100%&raquo; width_last_edited=&raquo;on|phone&raquo; max_width=&raquo;100%&raquo; module_alignment=&raquo;center&raquo; custom_margin=&raquo;0px|255px|||false|false&raquo; custom_margin_tablet=&raquo;0px|255px|||false|false&raquo; custom_margin_phone=&raquo;0px|0px||0px|false|false&raquo; custom_margin_last_edited=&raquo;on|phone&raquo; custom_padding=&raquo;|0px|5%|5%|false|false&raquo; custom_padding_tablet=&raquo;|0px|5%|5%|false|false&raquo; custom_padding_phone=&raquo;|5%|0px|5%|false|false&raquo; custom_padding_last_edited=&raquo;on|phone&raquo; global_colors_info=&raquo;{}&raquo;][\/et_pb_image][\/et_pb_column][et_pb_column type=&raquo;1_2&#8243; _builder_version=&raquo;4.16&#8243; global_colors_info=&raquo;{}&raquo;][et_pb_text _builder_version=&raquo;4.16&#8243; text_font=&raquo;|600||on|||||&raquo; text_text_color=&raquo;#000000&#8243; text_font_size=&raquo;30px&raquo; text_letter_spacing=&raquo;3px&raquo; background_color=&raquo;#f4f4f4&#8243; width=&raquo;91.1%&raquo; min_height=&raquo;45px&raquo; custom_margin=&raquo;120px||120px|-9px||&raquo; custom_margin_tablet=&raquo;120px||120px|-9px||&raquo; custom_margin_phone=&raquo;20px||20px|0px|false|false&raquo; custom_margin_last_edited=&raquo;on|phone&raquo; custom_padding=&raquo;|0px||0px|false|false&raquo; global_colors_info=&raquo;{}&raquo;]<\/p>\n<p style=\"text-align: center;\">Dokumenteret b\u00e6redygtighed<\/p>\n<p>[\/et_pb_text][\/et_pb_column][\/et_pb_row][et_pb_row column_structure=&raquo;1_2,1_4,1_4&#8243; _builder_version=&raquo;4.16&#8243; module_alignment=&raquo;center&raquo; min_height=&raquo;460px&raquo; custom_margin=&raquo;28px|-55px|2px|20px||&raquo; custom_padding=&raquo;21px|0px|29px|0px||&raquo; global_colors_info=&raquo;{}&raquo;][et_pb_column type=&raquo;1_2&#8243; _builder_version=&raquo;4.16&#8243; global_colors_info=&raquo;{}&raquo;][et_pb_text _builder_version=&raquo;4.23.4&#8243; text_font=&raquo;Open Sans||||||||&raquo; header_font=&raquo;Open Sans|600|||||||&raquo; header_3_line_height=&raquo;1.1em&raquo; custom_margin=&raquo;|0px|||false|false&raquo; custom_padding=&raquo;|0px||0px|false|false&raquo; hover_enabled=&raquo;0&#8243; global_colors_info=&raquo;{}&raquo; sticky_enabled=&raquo;0&#8243;]<\/p>\n<h3>Milj\u00f8m\u00e6rker beviser og forpligter<\/h3>\n<p>Produkterne p\u00e5 www.17verdensm\u00e5l.dk er udvalgt efter at v\u00e6re de mest b\u00e6redygtige l\u00f8sninger p\u00e5 markedet. Produkterne er certificeret i henhold til en r\u00e6kke af de mest relevante milj\u00f8m\u00e6rker og -certificeringer.<\/p>\n<p>Se de enkelte produkters b\u00e6redygtighed p\u00e5 deres respektive produktsider.<\/p>\n<p>KLS PurePrint er indehaver af webshoppen, og har produceret de fleste af produkterne. Virksomheden blev Svanem\u00e6rket i 1997 og fik i 1999 sit milj\u00f8styringscertifikat ISO 14001. I 2008 blev KLS PurePrint FSC\u00ae-certificeret (Forest Stewardship Council Certification) og i 2009 blev virksomheden <span>CO<\/span><sub>2<\/sub> neutral og fik sit Climate Neutral certifikat. I 2015 blev KLS PurePrint Cradle to Cradle certificeret som det andet trykkeri i verden.<\/p>\n<p><span style=\"font-size: 18px;\"><span>L\u00e6s mere p\u00e5 KLS PurePrints hjemmeside\u00a0<\/span><a href=\"https:\/\/klspureprint.dk\/baeredygtighed\/\" target=\"_blank\" rel=\"noopener\">her<\/a> eller tryk p\u00e5 det milj\u00f8m\u00e6rke til h\u00f8jre, du vil vide mere om.\u00a0<\/span><\/p>\n<p><span style=\"font-size: 18px;\"><\/span><\/p>\n<p>[\/et_pb_text][et_pb_button button_url=&raquo;https:\/\/klspureprint.dk\/baeredygtighed\/&raquo; url_new_window=&raquo;on&raquo; button_text=&raquo;L\u00e6s mere her&raquo; button_alignment=&raquo;center&raquo; _builder_version=&raquo;4.16&#8243; custom_button=&raquo;on&raquo; button_text_size=&raquo;18px&raquo; button_text_color=&raquo;#ffffff&raquo; button_bg_color=&raquo;#000a68&#8243; button_border_color=&raquo;rgba(0,0,0,0)&raquo; button_font=&raquo;Open Sans|600|||||||&raquo; button_use_icon=&raquo;off&raquo; custom_margin=&raquo;|90px||57px||&raquo; global_colors_info=&raquo;{}&raquo;][\/et_pb_button][\/et_pb_column][et_pb_column type=&raquo;1_4&#8243; _builder_version=&raquo;4.16&#8243; global_colors_info=&raquo;{}&raquo;][et_pb_image src=&raquo;https:\/\/www.xn--17verdensml-68a.dk\/wp-content\/uploads\/c2c-hvid-baggrund.png&raquo; title_text=&raquo;c2c &#8211; hvid baggrund&raquo; url=&raquo;https:\/\/vuggetilvugge.dk\/ydelser\/cradle-to-cradle-certificering\/&raquo; url_new_window=&raquo;on&raquo; _builder_version=&raquo;4.23.4&#8243; width=&raquo;65%&raquo; module_alignment=&raquo;center&raquo; min_height=&raquo;143px&raquo; custom_margin=&raquo;1px|0px|3px|0px|false|false&raquo; custom_padding=&raquo;|0px|0px|0px|false|false&raquo; hover_enabled=&raquo;0&#8243; global_colors_info=&raquo;{}&raquo; sticky_enabled=&raquo;0&#8243;][\/et_pb_image][et_pb_image src=&raquo;https:\/\/www.xn--17verdensml-68a.dk\/wp-content\/uploads\/svane-hvid-baggrund.png&raquo; title_text=&raquo;svane &#8211; hvid baggrund&raquo; url=&raquo;https:\/\/www.ecolabel.dk\/da\/blomsten-og-svanen\/om-blomsten-og-svanen&raquo; url_new_window=&raquo;on&raquo; _builder_version=&raquo;4.23.4&#8243; width=&raquo;65%&raquo; module_alignment=&raquo;center&raquo; min_height=&raquo;144px&raquo; custom_margin=&raquo;40px|0px|5px|0px|false|false&raquo; custom_padding=&raquo;20px|0px|12px|0px|false|false&raquo; hover_enabled=&raquo;0&#8243; global_colors_info=&raquo;{}&raquo; sticky_enabled=&raquo;0&#8243;][\/et_pb_image][et_pb_image src=&raquo;https:\/\/www.xn--17verdensml-68a.dk\/wp-content\/uploads\/GOTS-hvid-baggrund.png&raquo; title_text=&raquo;GOTS &#8211; hvid baggrund&raquo; url=&raquo;https:\/\/global-standard.org\/the-standard&raquo; _builder_version=&raquo;4.23.4&#8243; _module_preset=&raquo;default&raquo; width=&raquo;65%&raquo; module_alignment=&raquo;center&raquo; min_height=&raquo;155px&raquo; custom_margin=&raquo;45px|0px|15px|0px|false|false&raquo; custom_padding=&raquo;|0px|2px|0px|false|false&raquo; hover_enabled=&raquo;0&#8243; global_colors_info=&raquo;{}&raquo; url_new_window=&raquo;on&raquo; sticky_enabled=&raquo;0&#8243;][\/et_pb_image][\/et_pb_column][et_pb_column type=&raquo;1_4&#8243; _builder_version=&raquo;4.16&#8243; global_colors_info=&raquo;{}&raquo;][et_pb_image src=&raquo;https:\/\/www.xn--17verdensml-68a.dk\/wp-content\/uploads\/neutral-hvid-baggrund.png&raquo; title_text=&raquo;neutral &#8211; hvid baggrund&raquo; url=&raquo;@ET-DC@eyJkeW5hbWljIjp0cnVlLCJjb250ZW50IjoicG9zdF9saW5rX3VybF9hdHRhY2htZW50Iiwic2V0dGluZ3MiOnsicG9zdF9pZCI6IjM4ODgxIn19@&raquo; url_new_window=&raquo;on&raquo; _builder_version=&raquo;4.23.4&#8243; _dynamic_attributes=&raquo;url&raquo; width=&raquo;65%&raquo; module_alignment=&raquo;center&raquo; custom_margin=&raquo;-1px|0px|0px|0px|false|false&raquo; custom_padding=&raquo;|||0px|false|false&raquo; hover_enabled=&raquo;0&#8243; global_colors_info=&raquo;{}&raquo; sticky_enabled=&raquo;0&#8243;][\/et_pb_image][et_pb_image src=&raquo;https:\/\/www.xn--17verdensml-68a.dk\/wp-content\/uploads\/fsc-hvid-baggrund.png&raquo; title_text=&raquo;fsc- hvid baggrund&raquo; url=&raquo;https:\/\/dk.fsc.org\/dk-dk\/hvad-er-fsc&raquo; url_new_window=&raquo;on&raquo; _builder_version=&raquo;4.23.4&#8243; width=&raquo;65%&raquo; module_alignment=&raquo;center&raquo; min_height=&raquo;150px&raquo; custom_margin=&raquo;14px||14px|0px|true|false&raquo; custom_padding=&raquo;45px|0px|45px|0px|true|false&raquo; hover_enabled=&raquo;0&#8243; global_colors_info=&raquo;{}&raquo; sticky_enabled=&raquo;0&#8243;][\/et_pb_image][et_pb_image src=&raquo;https:\/\/www.xn--17verdensml-68a.dk\/wp-content\/uploads\/fairtrade-hvid-baggrund.png&raquo; title_text=&raquo;fairtrade &#8211; hvid baggrund&raquo; url=&raquo;https:\/\/fairtrade-maerket.dk\/&raquo; _builder_version=&raquo;4.23.4&#8243; _module_preset=&raquo;default&raquo; width=&raquo;65%&raquo; module_alignment=&raquo;center&raquo; custom_margin=&raquo;14px|0px|9px|0px|false|false&raquo; hover_enabled=&raquo;0&#8243; global_colors_info=&raquo;{}&raquo; url_new_window=&raquo;on&raquo; sticky_enabled=&raquo;0&#8243;][\/et_pb_image][\/et_pb_column][\/et_pb_row][\/et_pb_section]<\/p>\n","protected":false},"excerpt":{"rendered":"<p>Dokumenteret b\u00e6redygtighedMilj\u00f8m\u00e6rker beviser og forpligter Produkterne p\u00e5 www.17verdensm\u00e5l.dk er udvalgt efter at v\u00e6re de mest b\u00e6redygtige l\u00f8sninger p\u00e5 markedet. Produkterne er certificeret i henhold til en r\u00e6kke af de mest relevante milj\u00f8m\u00e6rker og -certificeringer. Se de enkelte produkters b\u00e6redygtighed p\u00e5 deres respektive produktsider. KLS PurePrint er indehaver af webshoppen, og har produceret de fleste af [&hellip;]<\/p>\n","protected":false},"author":2,"featured_media":0,"parent":0,"menu_order":0,"comment_status":"closed","ping_status":"closed","template":"","meta":{"_et_pb_use_builder":"on","_et_pb_old_content":"","_et_gb_content_width":"","footnotes":""},"class_list":["post-42386","page","type-page","status-publish","hentry"],"_links":{"self":[{"href":"https:\/\/www.xn--17verdensml-68a.dk\/nb\/wp-json\/wp\/v2\/pages\/42386","targetHints":{"allow":["GET"]}}],"collection":[{"href":"https:\/\/www.xn--17verdensml-68a.dk\/nb\/wp-json\/wp\/v2\/pages"}],"about":[{"href":"https:\/\/www.xn--17verdensml-68a.dk\/nb\/wp-json\/wp\/v2\/types\/page"}],"author":[{"embeddable":true,"href":"https:\/\/www.xn--17verdensml-68a.dk\/nb\/wp-json\/wp\/v2\/users\/2"}],"replies":[{"embeddable":true,"href":"https:\/\/www.xn--17verdensml-68a.dk\/nb\/wp-json\/wp\/v2\/comments?post=42386"}],"version-history":[{"count":2,"href":"https:\/\/www.xn--17verdensml-68a.dk\/nb\/wp-json\/wp\/v2\/pages\/42386\/revisions"}],"predecessor-version":[{"id":44869,"href":"https:\/\/www.xn--17verdensml-68a.dk\/nb\/wp-json\/wp\/v2\/pages\/42386\/revisions\/44869"}],"wp:attachment":[{"href":"https:\/\/www.xn--17verdensml-68a.dk\/nb\/wp-json\/wp\/v2\/media?parent=42386"}],"curies":[{"name":"wp","href":"https:\/\/api.w.org\/{rel}","templated":true}]}}