{"id":42384,"date":"2022-01-12T11:10:03","date_gmt":"2022-01-12T10:10:03","guid":{"rendered":"https:\/\/www.xn--17verdensml-68a.dk\/privatlivspolitik\/"},"modified":"2022-06-24T10:38:19","modified_gmt":"2022-06-24T08:38:19","slug":"privatlivspolitik","status":"publish","type":"page","link":"https:\/\/www.xn--17verdensml-68a.dk\/nb\/privatlivspolitik\/","title":{"rendered":"Privatlivspolitik"},"content":{"rendered":"<p>[et_pb_section fb_built=&raquo;1&#8243; admin_label=&raquo;Juice Categories Section&raquo; _builder_version=&raquo;4.14.5&#8243; module_alignment=&raquo;center&raquo; custom_margin=&raquo;-9px|0px|-1px|0px|false|false&raquo; custom_padding=&raquo;0px|0px|0px|0px||&raquo; global_colors_info=&raquo;{}&raquo;][et_pb_row _builder_version=&raquo;4.14.5&#8243; background_color=&raquo;#f4f4f4&#8243; module_alignment=&raquo;center&raquo; min_height=&raquo;145px&raquo; custom_margin=&raquo;|auto|42px|auto||&raquo; custom_padding=&raquo;||0px|||&raquo; global_colors_info=&raquo;{}&raquo;][et_pb_column type=&raquo;4_4&#8243; _builder_version=&raquo;4.0.6&#8243; global_colors_info=&raquo;{}&raquo;][et_pb_text _builder_version=&raquo;4.14.5&#8243; text_font=&raquo;|600||on|||||&raquo; text_text_color=&raquo;#000000&#8243; text_font_size=&raquo;30px&raquo; text_letter_spacing=&raquo;3px&raquo; background_color=&raquo;#f4f4f4&#8243; width=&raquo;100%&raquo; module_alignment=&raquo;center&raquo; custom_margin=&raquo;35px||3px|0px|false|false&raquo; custom_padding=&raquo;|0px||0px|false|false&raquo; hover_enabled=&raquo;0&#8243; global_colors_info=&raquo;{}&raquo; sticky_enabled=&raquo;0&#8243;]<\/p>\n<p style=\"text-align: center;\">Retningslinjer for personvern<\/p>\n<p>[\/et_pb_text][\/et_pb_column][\/et_pb_row][et_pb_row column_structure=&raquo;1_2,1_2&#8243; _builder_version=&raquo;4.14.5&#8243; _module_preset=&raquo;default&raquo; module_alignment=&raquo;center&raquo; custom_padding=&raquo;3px|||||&raquo; global_colors_info=&raquo;{}&raquo;][et_pb_column type=&raquo;1_2&#8243; _builder_version=&raquo;4.14.5&#8243; _module_preset=&raquo;default&raquo; global_colors_info=&raquo;{}&raquo;][et_pb_text _builder_version=&raquo;4.14.5&#8243; _module_preset=&raquo;default&raquo; hover_enabled=&raquo;0&#8243; global_colors_info=&raquo;{}&raquo; sticky_enabled=&raquo;0&#8243;]<\/p>\n<p>Hvidovre, 24. mai 2018<\/p>\n<p>KLS PurePrint A\/S (KLS) behandler personopplysninger og har derfor utarbeidet disse retningslinjene om personvern. De gir en rask oversikt over hvordan vi behandler personopplysningene dine for \u00e5 sikre en trygg og transparent behandling. Gjennomg\u00e5ende for databehandlingen v\u00e5r er at vi kun behandler personopplysninger til bestemte form\u00e5l og p\u00e5 grunnlag av berettigede (legitime) interesser. Vi behandler kun personopplysninger som er relevante og n\u00f8dvendige for \u00e5 oppfylle de angitte form\u00e5lene, og vi sletter opplysningene om deg n\u00e5r de ikke lenger er n\u00f8dvendige.<\/p>\n<p><strong>Informasjonskapsler<\/strong><br \/>For \u00e5 utvikle og forbedre hjemmesiden v\u00e5r og m\u00e5le trafikken p\u00e5 siden, innsamler vi automatisk statistisk informasjon i anonymisert form om bruken av hjemmesiden v\u00e5r. En del av disse opplysningene innsamles gjennom bruk av informasjonskapsler. En informasjonskapsel er en liten tekstfil som lagres p\u00e5 datamaskinen, mobiltelefonen din eller en tilsvarende enhet med det form\u00e5l \u00e5 f\u00f8lge med p\u00e5 bes\u00f8ket ditt og kjenne igjen enheten din n\u00e5r du bes\u00f8ker hjemmesiden v\u00e5r igjen. En informasjonskapsel er ikke et program. Den inneholder ikke virus og sprer heller ikke skadelig programvare.<\/p>\n<p>Vi bruker Google Analytics og Leadfeeder til nettstatistikk. Google Analytics og Leadfeeder gir oss anonymisert statistisk informasjon om hjemmesidens brukere. Google Analytics og Leadfeeder behandler IP-adresser og opplysninger fra informasjonskapsler, slik at vi vet hvor mange sidevisninger vi har, antall brukere, hvilke nettlesere brukerne bruker og i hvilket land, hvilken by eller hvilken region brukerne befinner seg i.<\/p>\n<p>Noen ganger integrerer vi bilde- og videoinnhold fra hjemmesider som YouTube. Derfor kan du bli presentert for informasjonskapsler fra disse hjemmesidene n\u00e5r du bes\u00f8ker en side med integrert innhold. Vi kontrollerer ikke utbredelsen av slike informasjonskapsler. Du b\u00f8r sjekke den relevante tredjepartens hjemmeside for \u00e5 f\u00e5 mer informasjon om deres bruk av informasjonskapsler.<\/p>\n<p>Det er mulig \u00e5 slette eller blokkere informasjonskapsler. Se hvordan du gj\u00f8r det <a href=\"http:\/\/minecookies.org\/cookiehandtering\" target=\"_blank\" rel=\"noopener noreferrer\">her<\/a>.<\/p>\n<p><strong>Personopplysninger<\/strong><br \/>Personopplysninger er alle typer informasjon som p\u00e5 en eller annen m\u00e5te kan tilbakef\u00f8res til deg. N\u00e5r du bruker hjemmesiden v\u00e5r, innsamler og behandler vi (eller Google Analytics eller Leadfeeder) flere typer slik informasjon. Det skjer f.eks. ved at du klikker deg inn p\u00e5 noe av hjemmesides innhold, hvis du melder deg p\u00e5 nyhetsbrevet v\u00e5rt, kj\u00f8per noe via hjemmesiden eller generelt benytter deg av tjenestene v\u00e5re.<\/p>\n<p>P\u00e5 hjemmesiden v\u00e5r er det vanligvis f\u00f8lgende typer opplysninger som innsamles og behandles: En unik ID og tekniske opplysninger om datamaskinen, nettbrettet eller mobiltelefonen din, IP-nummeret ditt, din geografiske lokasjon samt hvilke sider du klikker p\u00e5.<\/p>\n<p>I det omfang du selv gir eksplisitt samtykke til det, behandles dessuten: Navn, arbeidsplass, stilling, telefonnummer, e-postadresse, adresse og p\u00e5meldingsdato samt evt. betalingsopplysninger. Dette vil vanligvis v\u00e6re i forbindelse med p\u00e5melding til nyhetsbrev eller ved kj\u00f8p.<\/p>\n<p>Normalt f\u00e5r vi opplysningene direkte fra deg, men i noen tilfeller f\u00e5r vi ogs\u00e5 opplysninger fra samarbeidspartnere, f.eks. hvis samtykket ditt til markedsf\u00f8ringsvilk\u00e5rene deres kan medf\u00f8re at du melder deg p\u00e5 nyhetsbrevet v\u00e5rt.<\/p>\n<p>&nbsp;<\/p>\n<p>[\/et_pb_text][\/et_pb_column][et_pb_column type=&raquo;1_2&#8243; _builder_version=&raquo;4.14.5&#8243; _module_preset=&raquo;default&raquo; global_colors_info=&raquo;{}&raquo;][et_pb_text _builder_version=&raquo;4.14.5&#8243; _module_preset=&raquo;default&raquo; hover_enabled=&raquo;0&#8243; global_colors_info=&raquo;{}&raquo; sticky_enabled=&raquo;0&#8243;]<strong>Form\u00e5l<\/strong><br \/>\nOpplysningene brukes som ledd i bedriftens aktiviteter for \u00e5 identifisere deg, registrere kj\u00f8pene og betalingene dine og for \u00e5 kunne levere de tjenestene du har bedt om, som f.eks. \u00e5 sende deg et nyhetsbrev. I tillegg bruker vi opplysningene til \u00e5 optimere v\u00e5re tjenester og innhold.<\/p>\n<p>Vi videreformidler ikke personopplysninger til firmaer til markedsf\u00f8ring.<\/p>\n<p><strong>Oppbevaringsperiode<\/strong><br \/>\nOpplysningene oppbevares i det tidsrommet gjeldende lov tillater, og vi sletter dem n\u00e5r de ikke lenger er n\u00f8dvendige. Perioden avhenger av opplysningens art og grunnlaget for oppbevaringen. Det er derfor ikke mulig \u00e5 angi en generell tidsramme for n\u00e5r informasjon slettes.<\/p>\n<p><strong>Videreformidling av opplysninger<\/strong><br \/>\nData om bruken din av hjemmesiden v\u00e5r, geografisk lokasjon, kj\u00f8nn og aldersgruppe osv. videreformidles til tredjeparter i det omfang disse opplysningene er kjent. Du kan se hvilke tredjeparter det dreier seg om i avsnittet om \u00abInformasjonskapsler\u00bb ovenfor. Opplysningene brukes til \u00e5 optimere tjenestene og innholdet v\u00e5rt og m\u00e5lrette annonsering, hvis vi benytter oss av det.<\/p>\n<p>Vi bruker i tillegg Mailchimp til oppbevaring og behandling av data i forbindelse med utsendelse av nyhetsbrevet v\u00e5rt. Mailchimp behandler utelukkende opplysninger p\u00e5 v\u00e5re vegne og har ikke lov til \u00e5 bruke dem til egne form\u00e5l. Videreformidling av personopplysninger vil kun skje hvis du gir samtykke til p\u00e5melding for KLS\u2019 nyhetsbrev.<\/p>\n<p>Vi bruker kun databehandlere i EU eller i land som kan gi opplysningene dine tilstrekkelig beskyttelse.<\/p>\n<p><strong>Innsikt og klager<\/strong><br \/>\nDu har rett til at f\u00e5 opplyst hvilke personopplysninger vi behandler om deg. Du kan dessuten til enhver tid komme med innsigelse mot at opplysninger brukes. Du kan ogs\u00e5 til enhver tid tilbakekalle samtykket ditt til at opplysninger om deg blir behandlet. Hvis de opplysningene som behandles om deg er feilaktige, har du rett til \u00e5 f\u00e5 dem rettet eller slettet. Henvendelser vedr\u00f8rende dette kan sendes til: kls@kls.dk. Hvis du vil klage over behandlingen v\u00e5r av personopplysningene dine, har du ogs\u00e5 mulighet til \u00e5 kontakte\u00a0<a href=\"http:\/\/www.datatilsynet.dk\/\" target=\"_blank\" rel=\"noopener noreferrer\">Datatilsynet<\/a>.<\/p>\n<p><strong>Revidering av retningslinjene for personvern<\/strong><br \/>\nVi forbeholder oss retten til \u00e5 foreta endringer i disse retningslinjene for personvern fra tid til annen. Ved endringer vil datoen \u00f8verst i retningslinjene for personvern bli endret.<\/p>\n<p>De til enhver tid gjeldende retningslinjene for personvern vil v\u00e6re tilgjengelige p\u00e5 hjemmesiden v\u00e5r.<\/p>\n<p><strong>Utgiver og dataansvarlig<\/strong><br \/>\nKLS PurePrint A\/S<br \/>\nJernholmen 42A<br \/>\n2650 Hvidovre<br \/>\nTlf.: +45 36342900<br \/>\nE-postadresse: <em>kls@kls.dk<\/em>[\/et_pb_text][\/et_pb_column][\/et_pb_row][\/et_pb_section]<\/p>\n","protected":false},"excerpt":{"rendered":"<p>Retningslinjer for personvernHvidovre, 24. mai 2018 KLS PurePrint A\/S (KLS) behandler personopplysninger og har derfor utarbeidet disse retningslinjene om personvern. De gir en rask oversikt over hvordan vi behandler personopplysningene dine for \u00e5 sikre en trygg og transparent behandling. Gjennomg\u00e5ende for databehandlingen v\u00e5r er at vi kun behandler personopplysninger til bestemte form\u00e5l og p\u00e5 grunnlag [&hellip;]<\/p>\n","protected":false},"author":2,"featured_media":0,"parent":0,"menu_order":0,"comment_status":"closed","ping_status":"closed","template":"","meta":{"_et_pb_use_builder":"on","_et_pb_old_content":"","_et_gb_content_width":"","footnotes":""},"class_list":["post-42384","page","type-page","status-publish","hentry"],"_links":{"self":[{"href":"https:\/\/www.xn--17verdensml-68a.dk\/nb\/wp-json\/wp\/v2\/pages\/42384","targetHints":{"allow":["GET"]}}],"collection":[{"href":"https:\/\/www.xn--17verdensml-68a.dk\/nb\/wp-json\/wp\/v2\/pages"}],"about":[{"href":"https:\/\/www.xn--17verdensml-68a.dk\/nb\/wp-json\/wp\/v2\/types\/page"}],"author":[{"embeddable":true,"href":"https:\/\/www.xn--17verdensml-68a.dk\/nb\/wp-json\/wp\/v2\/users\/2"}],"replies":[{"embeddable":true,"href":"https:\/\/www.xn--17verdensml-68a.dk\/nb\/wp-json\/wp\/v2\/comments?post=42384"}],"version-history":[{"count":3,"href":"https:\/\/www.xn--17verdensml-68a.dk\/nb\/wp-json\/wp\/v2\/pages\/42384\/revisions"}],"predecessor-version":[{"id":43180,"href":"https:\/\/www.xn--17verdensml-68a.dk\/nb\/wp-json\/wp\/v2\/pages\/42384\/revisions\/43180"}],"wp:attachment":[{"href":"https:\/\/www.xn--17verdensml-68a.dk\/nb\/wp-json\/wp\/v2\/media?parent=42384"}],"curies":[{"name":"wp","href":"https:\/\/api.w.org\/{rel}","templated":true}]}}